{"id":1173,"date":"2026-03-06T15:06:45","date_gmt":"2026-03-06T15:06:45","guid":{"rendered":"https:\/\/choquequirao-treks.com\/?page_id=1173"},"modified":"2026-03-06T15:48:46","modified_gmt":"2026-03-06T15:48:46","slug":"datenschutzrichtlinie","status":"publish","type":"page","link":"http:\/\/choquequirao-treks.com\/de\/privacy-policy\/","title":{"rendered":"Datenschutzrichtlinie"},"content":{"rendered":"<div data-elementor-type=\"wp-page\" data-elementor-id=\"1173\" class=\"elementor elementor-1173\" data-elementor-post-type=\"page\">\n\t\t\t\t<div class=\"elementor-element elementor-element-cd94d2c e-con-full e-flex e-con e-parent\" data-id=\"cd94d2c\" data-element_type=\"container\" data-e-type=\"container\" data-settings=\"{&quot;background_background&quot;:&quot;classic&quot;}\">\n\t\t\t\t<div class=\"elementor-element elementor-element-d81153a elementor--h-position-center elementor--v-position-middle elementor-arrows-position-inside elementor-widget elementor-widget-slides\" data-id=\"d81153a\" data-element_type=\"widget\" data-e-type=\"widget\" data-settings=\"{&quot;navigation&quot;:&quot;arrows&quot;,&quot;autoplay&quot;:&quot;yes&quot;,&quot;autoplay_speed&quot;:5000,&quot;infinite&quot;:&quot;yes&quot;,&quot;transition&quot;:&quot;slide&quot;,&quot;transition_speed&quot;:500}\" data-widget_type=\"slides.default\">\n\t\t\t\t\t\t\t\t\t\t<div class=\"elementor-slides-wrapper elementor-main-swiper swiper\" role=\"region\" aria-roledescription=\"carousel\" aria-label=\"Folien\" dir=\"ltr\" data-animation=\"zoomIn\">\n\t\t\t\t<div class=\"swiper-wrapper elementor-slides\">\n\t\t\t\t\t\t\t\t\t\t<div class=\"elementor-repeater-item-61bcbca swiper-slide\" role=\"group\" aria-roledescription=\"slide\"><div class=\"swiper-slide-bg\" role=\"img\" aria-label=\"Chqoeuqwuirao3\"><\/div><div class=\"elementor-background-overlay\"><\/div><a class=\"swiper-slide-inner\" href=\"#\"><div class=\"swiper-slide-contents\"><div class=\"elementor-slide-heading\">Datenschutzrichtlinie<\/div><\/div><\/a><\/div>\t\t\t\t<\/div>\n\t\t\t\t\t\t\t<\/div>\n\t\t\t\t\t\t\t\t<\/div>\n\t\t\t\t<\/div>\n\t\t<div class=\"elementor-element elementor-element-9d46e76 e-con-full e-flex e-con e-parent\" data-id=\"9d46e76\" data-element_type=\"container\" data-e-type=\"container\" data-settings=\"{&quot;background_background&quot;:&quot;classic&quot;}\">\n\t\t\t\t<div class=\"elementor-element elementor-element-63e8bee elementor-invisible elementor-widget elementor-widget-text-editor\" data-id=\"63e8bee\" data-element_type=\"widget\" data-e-type=\"widget\" data-settings=\"{&quot;_animation&quot;:&quot;fadeInUp&quot;}\" data-widget_type=\"text-editor.default\">\n\t\t\t\t\t\t\t\t\t<h1>Datenschutzrichtlinie<\/h1>\t\t\t\t\t\t\t\t<\/div>\n\t\t\t\t<div class=\"elementor-element elementor-element-46bc8a6 elementor-invisible elementor-widget elementor-widget-text-editor\" data-id=\"46bc8a6\" data-element_type=\"widget\" data-e-type=\"widget\" data-settings=\"{&quot;_animation&quot;:&quot;fadeInUp&quot;}\" data-widget_type=\"text-editor.default\">\n\t\t\t\t\t\t\t\t\t<p>Diese Datenschutzrichtlinie erkl\u00e4rt, wie Choquequirao Expeditions (das \u201cUnternehmen\u201d, \u201cwir\u201d, \u201cuns\u201d) die personenbezogenen Daten von Kunden und Besuchern, die unsere Website und Dienstleistungen nutzen, erfasst, verwendet und sch\u00fctzt.<\/p><p>Mit der Angabe Ihrer pers\u00f6nlichen Daten und der Buchung einer unserer Touren stimmen Sie den in dieser Richtlinie beschriebenen Praktiken gem\u00e4\u00df den peruanischen Datenschutzbestimmungen zu.<\/p><p>\u00a0<\/p><ol><li><h4><span style=\"color: #ffffff;\"><strong> Informationen, die wir sammeln<\/strong><\/span><\/h4><\/li><\/ol><p>Wir erheben nur die personenbezogenen Daten, die zur Erbringung und Verwaltung unserer Reisedienstleistungen erforderlich sind, einschlie\u00dflich: vollst\u00e4ndiger Name, Pass- oder Ausweisdaten, Nationalit\u00e4t, Geburtsdatum, Kontaktinformationen (E-Mail, Telefon), Rechnungsdaten, Reisedaten und Pr\u00e4ferenzen.<\/p><p>Wir erfassen gegebenenfalls auch begrenzte Gesundheitsinformationen (wie Allergien oder Erkrankungen), wenn dies f\u00fcr Ihre Sicherheit bei Trekkingtouren oder Aktivit\u00e4ten in gro\u00dfer H\u00f6he relevant ist. Diese Informationen werden selbstverst\u00e4ndlich vertraulich behandelt.<\/p><p>Dar\u00fcber hinaus kann unsere Website mithilfe von Cookies und \u00e4hnlichen Technologien technische Daten erfassen, um die Benutzerfreundlichkeit zu verbessern und die Leistung der Website zu analysieren.<\/p><p>\u00a0<\/p><ol start=\"2\"><li><h4><span style=\"color: #ffffff;\"><strong> Wie wir Ihre Daten verwenden<\/strong><\/span><\/h4><\/li><\/ol><p>Wir verwenden Ihre pers\u00f6nlichen Daten, um Buchungen zu bearbeiten, Best\u00e4tigungen und Rechnungen auszustellen, Genehmigungen und Tickets zu verwalten, Leistungen mit lokalen Anbietern zu koordinieren und Ihnen wichtige Details zu Ihrer Reise mitzuteilen.<br \/>Ihre Daten k\u00f6nnen, sofern erforderlich, auch dazu verwendet werden, Ihnen Aktualisierungen, Angebote oder Reiseinformationen im Zusammenhang mit unseren Dienstleistungen zuzusenden. Sie k\u00f6nnen diese Mitteilungen jederzeit abbestellen.<\/p><p>\u00a0<\/p><ol start=\"3\"><li><h4><span style=\"color: #ffffff;\"><strong> Informationsaustausch<\/strong><\/span><\/h4><\/li><\/ol><p>Zur Durchf\u00fchrung Ihrer Tour m\u00fcssen wir unter Umst\u00e4nden bestimmte Informationen an Drittanbieter wie Hotels, Transportunternehmen, Bahn- und Busunternehmen, lokale Reiseleiter und staatliche Stellen weitergeben (zum Beispiel zur Ausstellung von Eintrittskarten f\u00fcr arch\u00e4ologische St\u00e4tten).<\/p><p>Wir verkaufen oder vermieten Ihre personenbezogenen Daten nicht an Dritte f\u00fcr deren eigene Marketingzwecke und verpflichten unsere Lieferanten, Ihre Daten sicher und ausschlie\u00dflich zum Zweck Ihrer Reise zu behandeln.<\/p><p>\u00a0<\/p><ol start=\"4\"><li><h4><span style=\"color: #ffffff;\"><strong> Datensicherheit und -aufbewahrung<\/strong><\/span><\/h4><\/li><\/ol><p>Wir setzen angemessene technische und organisatorische Ma\u00dfnahmen ein, um Ihre personenbezogenen Daten vor unbefugtem Zugriff, Verlust oder Missbrauch zu sch\u00fctzen.<\/p><p>Ihre Daten werden nur so lange aufbewahrt, wie es zur Erf\u00fcllung der in dieser Richtlinie beschriebenen Zwecke und zur Einhaltung gesetzlicher oder steuerlicher Bestimmungen erforderlich ist. Anschlie\u00dfend werden sie sicher gel\u00f6scht oder anonymisiert.<\/p><p>\u00a0<\/p><ol start=\"5\"><li><h4><span style=\"color: #ffffff;\"><strong> Ihre Rechte<\/strong><\/span><\/h4><\/li><\/ol><p>Sie k\u00f6nnen sich an uns wenden, um auf Ihre personenbezogenen Daten zuzugreifen, diese zu aktualisieren, zu berichtigen oder deren L\u00f6schung zu beantragen oder um bestimmten Arten der Verarbeitung zu widersprechen, vorbehaltlich der geltenden Gesetze.<\/p><p>Um diese Rechte auszu\u00fcben oder Fragen zu dieser Datenschutzerkl\u00e4rung zu stellen, kontaktieren Sie uns bitte \u00fcber die auf unserer Website angegebenen Kontaktdaten.<\/p><p>\u00a0<\/p>\t\t\t\t\t\t\t\t<\/div>\n\t\t\t\t<\/div>\n\t\t<div class=\"elementor-element elementor-element-d52088c e-con-full e-flex e-con e-parent\" data-id=\"d52088c\" data-element_type=\"container\" data-e-type=\"container\" data-settings=\"{&quot;background_background&quot;:&quot;classic&quot;}\">\n\t\t\t\t<div class=\"elementor-element elementor-element-82d19ba elementor-widget-divider--view-line elementor-widget elementor-widget-divider\" data-id=\"82d19ba\" data-element_type=\"widget\" data-e-type=\"widget\" data-widget_type=\"divider.default\">\n\t\t\t\t\t\t\t<div class=\"elementor-divider\">\n\t\t\t<span class=\"elementor-divider-separator\">\n\t\t\t\t\t\t<\/span>\n\t\t<\/div>\n\t\t\t\t\t\t<\/div>\n\t\t\t\t<\/div>\n\t\t<div class=\"elementor-element elementor-element-a426caf e-con-full e-flex e-con e-parent\" data-id=\"a426caf\" data-element_type=\"container\" data-e-type=\"container\">\n\t\t\t\t<\/div>\n\t\t\t\t<\/div>","protected":false},"excerpt":{"rendered":"<p>Privacy Policy Privacy Policy This Privacy Policy explains how Choquequirao Expeditions (the \u201cCompany\u201d, \u201cwe\u201d, \u201cus\u201d) collects, uses, and protects the personal information of clients and visitors who use our website and services. By providing your personal data and booking any of our tours, you agree to the practices described in this policy, in accordance with [&hellip;]<\/p>\n","protected":false},"author":1,"featured_media":0,"parent":0,"menu_order":0,"comment_status":"closed","ping_status":"closed","template":"elementor_header_footer","meta":{"footnotes":""},"class_list":["post-1173","page","type-page","status-publish","hentry"],"_links":{"self":[{"href":"http:\/\/choquequirao-treks.com\/de\/wp-json\/wp\/v2\/pages\/1173","targetHints":{"allow":["GET"]}}],"collection":[{"href":"http:\/\/choquequirao-treks.com\/de\/wp-json\/wp\/v2\/pages"}],"about":[{"href":"http:\/\/choquequirao-treks.com\/de\/wp-json\/wp\/v2\/types\/page"}],"author":[{"embeddable":true,"href":"http:\/\/choquequirao-treks.com\/de\/wp-json\/wp\/v2\/users\/1"}],"replies":[{"embeddable":true,"href":"http:\/\/choquequirao-treks.com\/de\/wp-json\/wp\/v2\/comments?post=1173"}],"version-history":[{"count":16,"href":"http:\/\/choquequirao-treks.com\/de\/wp-json\/wp\/v2\/pages\/1173\/revisions"}],"predecessor-version":[{"id":1222,"href":"http:\/\/choquequirao-treks.com\/de\/wp-json\/wp\/v2\/pages\/1173\/revisions\/1222"}],"wp:attachment":[{"href":"http:\/\/choquequirao-treks.com\/de\/wp-json\/wp\/v2\/media?parent=1173"}],"curies":[{"name":"wp","href":"https:\/\/api.w.org\/{rel}","templated":true}]}}