{"id":1175,"date":"2026-03-05T22:32:01","date_gmt":"2026-03-05T22:32:01","guid":{"rendered":"https:\/\/choquequirao-treks.com\/?page_id=1175"},"modified":"2026-03-09T20:54:47","modified_gmt":"2026-03-09T20:54:47","slug":"stornierungsbedingungen","status":"publish","type":"page","link":"http:\/\/choquequirao-treks.com\/de\/cancellation-policy\/","title":{"rendered":"Stornierungsbedingungen"},"content":{"rendered":"<div data-elementor-type=\"wp-page\" data-elementor-id=\"1175\" class=\"elementor elementor-1175\" data-elementor-post-type=\"page\">\n\t\t\t\t<div class=\"elementor-element elementor-element-cd94d2c e-con-full e-flex e-con e-parent\" data-id=\"cd94d2c\" data-element_type=\"container\" data-e-type=\"container\" data-settings=\"{&quot;background_background&quot;:&quot;classic&quot;}\">\n\t\t\t\t<div class=\"elementor-element elementor-element-d81153a elementor--h-position-center elementor--v-position-middle elementor-arrows-position-inside elementor-widget elementor-widget-slides\" data-id=\"d81153a\" data-element_type=\"widget\" data-e-type=\"widget\" data-settings=\"{&quot;navigation&quot;:&quot;arrows&quot;,&quot;autoplay&quot;:&quot;yes&quot;,&quot;autoplay_speed&quot;:5000,&quot;infinite&quot;:&quot;yes&quot;,&quot;transition&quot;:&quot;slide&quot;,&quot;transition_speed&quot;:500}\" data-widget_type=\"slides.default\">\n\t\t\t\t\t\t\t\t\t\t<div class=\"elementor-slides-wrapper elementor-main-swiper swiper\" role=\"region\" aria-roledescription=\"carousel\" aria-label=\"Folien\" dir=\"ltr\" data-animation=\"zoomIn\">\n\t\t\t\t<div class=\"swiper-wrapper elementor-slides\">\n\t\t\t\t\t\t\t\t\t\t<div class=\"elementor-repeater-item-61bcbca swiper-slide\" role=\"group\" aria-roledescription=\"slide\"><div class=\"swiper-slide-bg\" role=\"img\" aria-label=\"Chqoeuqwuirao3\"><\/div><div class=\"elementor-background-overlay\"><\/div><a class=\"swiper-slide-inner\" href=\"#\"><div class=\"swiper-slide-contents\"><div class=\"elementor-slide-heading\">Stornierungsbedingungen<\/div><\/div><\/a><\/div>\t\t\t\t<\/div>\n\t\t\t\t\t\t\t<\/div>\n\t\t\t\t\t\t\t\t<\/div>\n\t\t\t\t<\/div>\n\t\t<div class=\"elementor-element elementor-element-9d46e76 e-con-full e-flex e-con e-parent\" data-id=\"9d46e76\" data-element_type=\"container\" data-e-type=\"container\" data-settings=\"{&quot;background_background&quot;:&quot;classic&quot;}\">\n\t\t\t\t<div class=\"elementor-element elementor-element-0aa61de elementor-invisible elementor-widget elementor-widget-text-editor\" data-id=\"0aa61de\" data-element_type=\"widget\" data-e-type=\"widget\" data-settings=\"{&quot;_animation&quot;:&quot;fadeInUp&quot;}\" data-widget_type=\"text-editor.default\">\n\t\t\t\t\t\t\t\t\t<h1>Stornierungsbedingungen<\/h1>\t\t\t\t\t\t\t\t<\/div>\n\t\t\t\t<div class=\"elementor-element elementor-element-46bc8a6 elementor-invisible elementor-widget elementor-widget-text-editor\" data-id=\"46bc8a6\" data-element_type=\"widget\" data-e-type=\"widget\" data-settings=\"{&quot;_animation&quot;:&quot;fadeInUp&quot;}\" data-widget_type=\"text-editor.default\">\n\t\t\t\t\t\t\t\t\t<p>Diese Stornierungsrichtlinie beschreibt die allgemeinen Regeln, die gelten, wenn ein Kunde eine Buchung bei Choquequirao Expeditions storniert oder \u00e4ndert.<\/p><p>F\u00fcr bestimmte Touren (z. B. Trekkingtouren mit begrenzten Genehmigungen oder Tickets) k\u00f6nnen strengere Bedingungen gelten, die im detaillierten Reiseplan und in der Buchungsbest\u00e4tigung aufgef\u00fchrt werden.<\/p><p>\u00a0<\/p><ol><li><h4><span style=\"color: #ffffff;\"><strong> Stornierungen durch den Kunden<\/strong><\/span><\/h4><\/li><\/ol><p>Alle Stornierungsanfragen m\u00fcssen schriftlich (per E-Mail oder Kontaktformular) erfolgen und sind erst nach schriftlicher Best\u00e4tigung durch das Unternehmen wirksam.<\/p><p>Im Allgemeinen sind Anzahlungen zur Sicherung von Genehmigungen, Tickets oder Unterk\u00fcnften nicht erstattungsf\u00e4hig, da diese Kosten von unserer Seite bei den lokalen Anbietern oft nicht erstattet werden.<\/p><p>Ob ein Teil des Gesamtbetrags erstattet werden kann, h\u00e4ngt davon ab, wie fr\u00fch die Stornierung erfolgt und von den Richtlinien der jeweiligen Leistungstr\u00e4ger (z. B. Z\u00fcge, Hotels oder Eintrittskarten).<\/p><p>\u00a0<\/p><ol start=\"2\"><li><h4><span style=\"color: #ffffff;\"><strong> \u00c4nderungen und Terminverschiebungen<\/strong><\/span><\/h4><\/li><\/ol><p>Anfragen zur \u00c4nderung von Reisedaten, Routen oder Passagiernamen unterliegen der Verf\u00fcgbarkeit, m\u00f6glichen \u00c4nderungsgeb\u00fchren und zus\u00e4tzlichen Kosten, die von lokalen Anbietern erhoben werden.<\/p><p>Bei einigen Dienstleistungen, wie beispielsweise bestimmten Nationalparkgenehmigungen oder speziellen Zugtickets, sind \u00c4nderungen nach der Ausstellung m\u00f6glicherweise nicht mehr m\u00f6glich. In diesem Fall m\u00fcssen gegebenenfalls neue Dienstleistungen auf Kosten des Kunden erworben werden.<\/p><p>\u00a0<\/p><ol start=\"3\"><li><h4><span style=\"color: #ffffff;\"><strong> Nichterscheinen und versp\u00e4tete Ankunft<\/strong><\/span><\/h4><\/li><\/ol><p>Erscheint ein Kunde am Abreisetag nicht zum vereinbarten Treffpunkt und zur vereinbarten Uhrzeit (No-Show) oder kommt er zu sp\u00e4t an, um an der Tour teilzunehmen, ist die Zahlung in der Regel nicht erstattungsf\u00e4hig.<\/p><p>In solchen F\u00e4llen ist das Unternehmen nicht verpflichtet, alternative Dienstleistungen oder neue Termine anzubieten, kann aber nach M\u00f6glichkeit gegen Aufpreis Unterst\u00fctzung bei der Umbuchung anbieten.<\/p><p>\u00a0<\/p><ol start=\"4\"><li><h4><span style=\"color: #ffffff;\"><strong> Stornierungen oder \u00c4nderungen seitens des Unternehmens<\/strong><\/span><\/h4><\/li><\/ol><p>Das Unternehmen beh\u00e4lt sich das Recht vor, eine Tour abzusagen oder zu \u00e4ndern, wenn unvermeidbare Umst\u00e4nde eintreten, wie z. B. Streiks, extreme Wetterbedingungen, Naturereignisse, Regierungsentscheidungen oder Sicherheitsbedenken.<\/p><p>In solchen F\u00e4llen werden wir die Kunden so schnell wie m\u00f6glich informieren und ihnen alternative Termine, \u00e4hnliche Dienstleistungen oder gegebenenfalls eine R\u00fcckerstattung des an das Unternehmen gezahlten Betrags anbieten, der von den Anbietern gem\u00e4\u00df deren eigenen Richtlinien zur\u00fcckgefordert werden kann.<\/p><h4>\u00a0<\/h4><ol start=\"5\"><li><h4><span style=\"color: #ffffff;\"><strong> Reiseversicherung<\/strong><\/span><\/h4><\/li><\/ol><p>Angesichts der strengen Auflagen, die f\u00fcr Trekkinggenehmigungen, Zugtickets und andere Dienstleistungen in Cusco und Machu Picchu gelten k\u00f6nnen, empfehlen wir allen Kunden dringend den Abschluss einer umfassenden Reiseversicherung, die Stornierungen, Reiseunterbrechungen und Ereignisse h\u00f6herer Gewalt abdeckt.<\/p>\t\t\t\t\t\t\t\t<\/div>\n\t\t\t\t<\/div>\n\t\t<div class=\"elementor-element elementor-element-d52088c e-con-full e-flex e-con e-parent\" data-id=\"d52088c\" data-element_type=\"container\" data-e-type=\"container\" data-settings=\"{&quot;background_background&quot;:&quot;classic&quot;}\">\n\t\t\t\t<div class=\"elementor-element elementor-element-82d19ba elementor-widget-divider--view-line elementor-widget elementor-widget-divider\" data-id=\"82d19ba\" data-element_type=\"widget\" data-e-type=\"widget\" data-widget_type=\"divider.default\">\n\t\t\t\t\t\t\t<div class=\"elementor-divider\">\n\t\t\t<span class=\"elementor-divider-separator\">\n\t\t\t\t\t\t<\/span>\n\t\t<\/div>\n\t\t\t\t\t\t<\/div>\n\t\t\t\t<\/div>\n\t\t<div class=\"elementor-element elementor-element-a426caf e-con-full e-flex e-con e-parent\" data-id=\"a426caf\" data-element_type=\"container\" data-e-type=\"container\">\n\t\t\t\t<\/div>\n\t\t\t\t<\/div>","protected":false},"excerpt":{"rendered":"<p>Cancellation Policy Cancellation Policy This Cancellation Policy describes the general rules that apply when a client cancels or changes a booking made with Choquequirao Expeditions. Specific tours (for example, treks with limited permits or tickets) may be subject to stricter conditions, which will be communicated in the detailed itinerary and booking confirmation. \u00a0 Cancellations by [&hellip;]<\/p>\n","protected":false},"author":1,"featured_media":0,"parent":0,"menu_order":0,"comment_status":"closed","ping_status":"closed","template":"elementor_header_footer","meta":{"footnotes":""},"class_list":["post-1175","page","type-page","status-publish","hentry"],"_links":{"self":[{"href":"http:\/\/choquequirao-treks.com\/de\/wp-json\/wp\/v2\/pages\/1175","targetHints":{"allow":["GET"]}}],"collection":[{"href":"http:\/\/choquequirao-treks.com\/de\/wp-json\/wp\/v2\/pages"}],"about":[{"href":"http:\/\/choquequirao-treks.com\/de\/wp-json\/wp\/v2\/types\/page"}],"author":[{"embeddable":true,"href":"http:\/\/choquequirao-treks.com\/de\/wp-json\/wp\/v2\/users\/1"}],"replies":[{"embeddable":true,"href":"http:\/\/choquequirao-treks.com\/de\/wp-json\/wp\/v2\/comments?post=1175"}],"version-history":[{"count":22,"href":"http:\/\/choquequirao-treks.com\/de\/wp-json\/wp\/v2\/pages\/1175\/revisions"}],"predecessor-version":[{"id":1237,"href":"http:\/\/choquequirao-treks.com\/de\/wp-json\/wp\/v2\/pages\/1175\/revisions\/1237"}],"wp:attachment":[{"href":"http:\/\/choquequirao-treks.com\/de\/wp-json\/wp\/v2\/media?parent=1175"}],"curies":[{"name":"wp","href":"https:\/\/api.w.org\/{rel}","templated":true}]}}