{"id":1848,"date":"2026-03-09T07:10:03","date_gmt":"2026-03-09T07:10:03","guid":{"rendered":"https:\/\/choquequirao-treks.com\/?page_id=1848"},"modified":"2026-03-10T12:33:46","modified_gmt":"2026-03-10T12:33:46","slug":"uber-uns","status":"publish","type":"page","link":"http:\/\/choquequirao-treks.com\/de\/about-us\/","title":{"rendered":"\u00dcber uns"},"content":{"rendered":"<div data-elementor-type=\"wp-page\" data-elementor-id=\"1848\" class=\"elementor elementor-1848\" data-elementor-post-type=\"page\">\n\t\t\t\t<div class=\"elementor-element elementor-element-cd94d2c e-con-full e-flex e-con e-parent\" data-id=\"cd94d2c\" data-element_type=\"container\" data-e-type=\"container\" data-settings=\"{&quot;background_background&quot;:&quot;classic&quot;}\">\n\t\t\t\t<div class=\"elementor-element elementor-element-d81153a elementor--h-position-center elementor--v-position-middle elementor-arrows-position-inside elementor-widget elementor-widget-slides\" data-id=\"d81153a\" data-element_type=\"widget\" data-e-type=\"widget\" data-settings=\"{&quot;navigation&quot;:&quot;arrows&quot;,&quot;autoplay&quot;:&quot;yes&quot;,&quot;autoplay_speed&quot;:5000,&quot;infinite&quot;:&quot;yes&quot;,&quot;transition&quot;:&quot;slide&quot;,&quot;transition_speed&quot;:500}\" data-widget_type=\"slides.default\">\n\t\t\t\t\t\t\t\t\t\t<div class=\"elementor-slides-wrapper elementor-main-swiper swiper\" role=\"region\" aria-roledescription=\"carousel\" aria-label=\"Folien\" dir=\"ltr\" data-animation=\"zoomIn\">\n\t\t\t\t<div class=\"swiper-wrapper elementor-slides\">\n\t\t\t\t\t\t\t\t\t\t<div class=\"elementor-repeater-item-61bcbca swiper-slide\" role=\"group\" aria-roledescription=\"slide\"><div class=\"swiper-slide-bg elementor-ken-burns elementor-ken-burns--in\" role=\"img\" aria-label=\"Chqoeuqwuirao3\"><\/div><div class=\"elementor-background-overlay\"><\/div><a class=\"swiper-slide-inner\" href=\"#\"><div class=\"swiper-slide-contents\"><div class=\"elementor-slide-heading\">\u00dcber uns<\/div><\/div><\/a><\/div>\t\t\t\t<\/div>\n\t\t\t\t\t\t\t<\/div>\n\t\t\t\t\t\t\t\t<\/div>\n\t\t\t\t<\/div>\n\t\t<div class=\"elementor-element elementor-element-9d46e76 e-con-full e-flex e-con e-parent\" data-id=\"9d46e76\" data-element_type=\"container\" data-e-type=\"container\" data-settings=\"{&quot;background_background&quot;:&quot;classic&quot;}\">\n\t\t\t\t<div class=\"elementor-element elementor-element-63e8bee elementor-invisible elementor-widget elementor-widget-text-editor\" data-id=\"63e8bee\" data-element_type=\"widget\" data-e-type=\"widget\" data-settings=\"{&quot;_animation&quot;:&quot;fadeInUp&quot;}\" data-widget_type=\"text-editor.default\">\n\t\t\t\t\t\t\t\t\t<h1>\u00dcber Choquequirao Expeditions<\/h1>\t\t\t\t\t\t\t\t<\/div>\n\t\t\t\t<div class=\"elementor-element elementor-element-46bc8a6 elementor-invisible elementor-widget elementor-widget-text-editor\" data-id=\"46bc8a6\" data-element_type=\"widget\" data-e-type=\"widget\" data-settings=\"{&quot;_animation&quot;:&quot;fadeInUp&quot;}\" data-widget_type=\"text-editor.default\">\n\t\t\t\t\t\t\t\t\t<h2 data-path-to-node=\"3\"><span style=\"color: #ffffff;\">Willkommen bei Choquequirao Expeditions<\/span><\/h2><h4 data-path-to-node=\"4\"><span style=\"color: #ffffff;\">Jenseits des Weges, hinein ins Herz der Anden.<\/span><\/h4><p data-path-to-node=\"5\">Bei <span style=\"color: #ffffff;\"><b data-path-to-node=\"5\" data-index-in-node=\"3\">Choquequirao Expeditions<\/b>,<\/span> Wir bieten nicht einfach nur gef\u00fchrte Touren an; wir schlagen die Br\u00fccke zwischen neugierigen Entdeckern und der unber\u00fchrten, wilden Natur des Apur\u00edmac-Canyons. Aus tiefer Liebe zu unserem Erbe heraus haben wir uns auf die anspruchsvollsten und lohnendsten Routen zur \u201cWiege des Goldes\u201d spezialisiert und garantieren Ihnen bei jedem Schritt Expertise, Sicherheit und tiefen Respekt vor der Geschichte der Inka.<\/p>\t\t\t\t\t\t\t\t<\/div>\n\t\t\t\t<\/div>\n\t\t<div class=\"elementor-element elementor-element-d52088c e-con-full e-flex e-con e-parent\" data-id=\"d52088c\" data-element_type=\"container\" data-e-type=\"container\" data-settings=\"{&quot;background_background&quot;:&quot;classic&quot;}\">\n\t\t<div class=\"elementor-element elementor-element-18baa8c e-con-full e-flex e-con e-child\" data-id=\"18baa8c\" data-element_type=\"container\" data-e-type=\"container\" data-settings=\"{&quot;background_background&quot;:&quot;classic&quot;}\">\n\t\t<a class=\"elementor-element elementor-element-33372a9 e-con-full e-flex elementor-invisible e-con e-child\" data-id=\"33372a9\" data-element_type=\"container\" data-e-type=\"container\" data-settings=\"{&quot;animation&quot;:&quot;fadeInLeft&quot;}\" href=\"http:\/\/choquequirao-treks.com\/de\/about-us\/our-story\/\">\n\t\t\t\t<div class=\"elementor-element elementor-element-314b878 elementor-widget elementor-widget-image\" data-id=\"314b878\" data-element_type=\"widget\" data-e-type=\"widget\" data-widget_type=\"image.default\">\n\t\t\t\t\t\t\t\t\t\t\t\t\t\t\t<img fetchpriority=\"high\" decoding=\"async\" width=\"1162\" height=\"800\" src=\"http:\/\/choquequirao-treks.com\/wp-content\/uploads\/2026\/03\/001-Choquequirao-tour.jpg\" class=\"elementor-animation-grow attachment-full size-full wp-image-1034\" alt=\"001 Choquequirao-Tour\" srcset=\"http:\/\/choquequirao-treks.com\/wp-content\/uploads\/2026\/03\/001-Choquequirao-tour.jpg 1162w, http:\/\/choquequirao-treks.com\/wp-content\/uploads\/2026\/03\/001-Choquequirao-tour-300x207.jpg 300w, http:\/\/choquequirao-treks.com\/wp-content\/uploads\/2026\/03\/001-Choquequirao-tour-1024x705.jpg 1024w, http:\/\/choquequirao-treks.com\/wp-content\/uploads\/2026\/03\/001-Choquequirao-tour-768x529.jpg 768w, http:\/\/choquequirao-treks.com\/wp-content\/uploads\/2026\/03\/001-Choquequirao-tour-18x12.jpg 18w\" sizes=\"(max-width: 1162px) 100vw, 1162px\" \/>\t\t\t\t\t\t\t\t\t\t\t\t\t\t\t<\/div>\n\t\t\t\t<div class=\"elementor-element elementor-element-34f9c25 elementor-widget elementor-widget-heading\" data-id=\"34f9c25\" data-element_type=\"widget\" data-e-type=\"widget\" data-widget_type=\"heading.default\">\n\t\t\t\t\t<h2 class=\"elementor-heading-title elementor-size-default\">Unsere Geschichte<\/h2>\t\t\t\t<\/div>\n\t\t\t\t<div class=\"elementor-element elementor-element-cbf62f0 elementor-widget elementor-widget-text-editor\" data-id=\"cbf62f0\" data-element_type=\"widget\" data-e-type=\"widget\" data-widget_type=\"text-editor.default\">\n\t\t\t\t\t\t\t\t\t<p>Was als Gruppe einheimischer Freunde begann, die die verborgenen Winkel des Vilcabamba-Gebirges erkundeten, hat sich zu einer spezialisierten Trekkingagentur entwickelt. Wir erkannten den Bedarf an einem Anbieter, der das raue Terrain von Choquequirao wirklich versteht. Heute sind wir stolz darauf, als lokale Experten anspruchsvolle Aufstiege in unvergessliche Erlebnisse zu verwandeln und die Geheimnisse der letzten Inka-Zuflucht mit der Welt zu teilen.<\/p>\t\t\t\t\t\t\t\t<\/div>\n\t\t\t\t<\/a>\n\t\t<a class=\"elementor-element elementor-element-c842db2 e-con-full e-flex elementor-invisible e-con e-child\" data-id=\"c842db2\" data-element_type=\"container\" data-e-type=\"container\" data-settings=\"{&quot;animation&quot;:&quot;fadeInUp&quot;}\" href=\"http:\/\/choquequirao-treks.com\/de\/about-us\/team-and-guides\/\">\n\t\t\t\t<div class=\"elementor-element elementor-element-785147c elementor-widget elementor-widget-image\" data-id=\"785147c\" data-element_type=\"widget\" data-e-type=\"widget\" data-widget_type=\"image.default\">\n\t\t\t\t\t\t\t\t\t\t\t\t\t\t\t<img decoding=\"async\" width=\"800\" height=\"551\" src=\"http:\/\/choquequirao-treks.com\/wp-content\/uploads\/2026\/03\/005-Choquequirao-tour-1024x705.jpg\" class=\"elementor-animation-grow attachment-large size-large wp-image-1040\" alt=\"005 Choquequirao-Tour\" srcset=\"http:\/\/choquequirao-treks.com\/wp-content\/uploads\/2026\/03\/005-Choquequirao-tour-1024x705.jpg 1024w, http:\/\/choquequirao-treks.com\/wp-content\/uploads\/2026\/03\/005-Choquequirao-tour-300x207.jpg 300w, http:\/\/choquequirao-treks.com\/wp-content\/uploads\/2026\/03\/005-Choquequirao-tour-768x529.jpg 768w, http:\/\/choquequirao-treks.com\/wp-content\/uploads\/2026\/03\/005-Choquequirao-tour-18x12.jpg 18w, http:\/\/choquequirao-treks.com\/wp-content\/uploads\/2026\/03\/005-Choquequirao-tour.jpg 1162w\" sizes=\"(max-width: 800px) 100vw, 800px\" \/>\t\t\t\t\t\t\t\t\t\t\t\t\t\t\t<\/div>\n\t\t\t\t<div class=\"elementor-element elementor-element-3b3bd59 elementor-widget elementor-widget-heading\" data-id=\"3b3bd59\" data-element_type=\"widget\" data-e-type=\"widget\" data-widget_type=\"heading.default\">\n\t\t\t\t\t<h2 class=\"elementor-heading-title elementor-size-default\">Team und Guides<\/h2>\t\t\t\t<\/div>\n\t\t\t\t<div class=\"elementor-element elementor-element-e8505f3 elementor-widget elementor-widget-text-editor\" data-id=\"e8505f3\" data-element_type=\"widget\" data-e-type=\"widget\" data-widget_type=\"text-editor.default\">\n\t\t\t\t\t\t\t\t\t<p>Unsere Guides sind das Herzst\u00fcck Ihres Abenteuers. Geboren und aufgewachsen im Andenhochland, sind sie mehr als nur Navigatoren \u2013 sie sind Geschichtenerz\u00e4hler, Historiker und Erste-Hilfe-Experten. Mit ihrer tiefen Verbundenheit zu den Bergen und ihrem ausgepr\u00e4gten Sicherheitsbewusstsein sorgt unser Team daf\u00fcr, dass Sie vom ersten Aufstieg bis zum letzten Zeltplatz bestens betreut, motiviert und inspiriert werden.<\/p>\t\t\t\t\t\t\t\t<\/div>\n\t\t\t\t<\/a>\n\t\t<a class=\"elementor-element elementor-element-7c43d2a e-con-full e-flex elementor-invisible e-con e-child\" data-id=\"7c43d2a\" data-element_type=\"container\" data-e-type=\"container\" data-settings=\"{&quot;animation&quot;:&quot;fadeInRight&quot;}\" href=\"http:\/\/choquequirao-treks.com\/de\/about-us\/sustainability\/\">\n\t\t\t\t<div class=\"elementor-element elementor-element-eb71af4 elementor-widget elementor-widget-image\" data-id=\"eb71af4\" data-element_type=\"widget\" data-e-type=\"widget\" data-widget_type=\"image.default\">\n\t\t\t\t\t\t\t\t\t\t\t\t\t\t\t<img decoding=\"async\" width=\"800\" height=\"551\" src=\"http:\/\/choquequirao-treks.com\/wp-content\/uploads\/2026\/03\/003-Choquequirao-tour-1024x705.jpg\" class=\"elementor-animation-grow attachment-large size-large wp-image-1036\" alt=\"003 Choquequirao-Tour\" srcset=\"http:\/\/choquequirao-treks.com\/wp-content\/uploads\/2026\/03\/003-Choquequirao-tour-1024x705.jpg 1024w, http:\/\/choquequirao-treks.com\/wp-content\/uploads\/2026\/03\/003-Choquequirao-tour-300x207.jpg 300w, http:\/\/choquequirao-treks.com\/wp-content\/uploads\/2026\/03\/003-Choquequirao-tour-768x529.jpg 768w, http:\/\/choquequirao-treks.com\/wp-content\/uploads\/2026\/03\/003-Choquequirao-tour-18x12.jpg 18w, http:\/\/choquequirao-treks.com\/wp-content\/uploads\/2026\/03\/003-Choquequirao-tour.jpg 1162w\" sizes=\"(max-width: 800px) 100vw, 800px\" \/>\t\t\t\t\t\t\t\t\t\t\t\t\t\t\t<\/div>\n\t\t\t\t<div class=\"elementor-element elementor-element-3ef1f70 elementor-widget elementor-widget-heading\" data-id=\"3ef1f70\" data-element_type=\"widget\" data-e-type=\"widget\" data-widget_type=\"heading.default\">\n\t\t\t\t\t<h2 class=\"elementor-heading-title elementor-size-default\">Nachhaltigkeit<\/h2>\t\t\t\t<\/div>\n\t\t\t\t<div class=\"elementor-element elementor-element-aa9bd71 elementor-widget elementor-widget-text-editor\" data-id=\"aa9bd71\" data-element_type=\"widget\" data-e-type=\"widget\" data-widget_type=\"text-editor.default\">\n\t\t\t\t\t\t\t\t\t<p>Die Sch\u00f6nheit von Choquequirao liegt in seinem Erhalt, und wir beabsichtigen, dies auch so zu bewahren. Wir arbeiten unter einem <b data-path-to-node=\"12\" data-index-in-node=\"107\">\u201cHinterlasse keine Spuren\u201d<\/b> Unsere Philosophie ist es, unsere Umweltauswirkungen zu minimieren und lokale Gemeinschaften zu unterst\u00fctzen. Indem wir einheimische Tr\u00e4ger einstellen, regionale Produkte beziehen und uns f\u00fcr den Schutz unserer arch\u00e4ologischen St\u00e4tten einsetzen, stellen wir sicher, dass Ihre Trekkingtour einen positiven Beitrag f\u00fcr Land und Leute leistet.<\/p>\t\t\t\t\t\t\t\t<\/div>\n\t\t\t\t<\/a>\n\t\t\t\t<\/div>\n\t\t\t\t<\/div>\n\t\t\t\t<\/div>","protected":false},"excerpt":{"rendered":"<p>About Us About Choquequirao Expeditions Welcome to Choquequirao Expeditions Beyond the path, into the heart of the Andes. At Choquequirao Expeditions, we don\u2019t just lead tours; we bridge the gap between curious explorers and the raw, untamed spirit of the Apur\u00edmac canyon. Founded on a deep love for our heritage, we specialize in the most [&hellip;]<\/p>\n","protected":false},"author":1,"featured_media":0,"parent":0,"menu_order":0,"comment_status":"closed","ping_status":"closed","template":"elementor_header_footer","meta":{"footnotes":""},"class_list":["post-1848","page","type-page","status-publish","hentry"],"_links":{"self":[{"href":"http:\/\/choquequirao-treks.com\/de\/wp-json\/wp\/v2\/pages\/1848","targetHints":{"allow":["GET"]}}],"collection":[{"href":"http:\/\/choquequirao-treks.com\/de\/wp-json\/wp\/v2\/pages"}],"about":[{"href":"http:\/\/choquequirao-treks.com\/de\/wp-json\/wp\/v2\/types\/page"}],"author":[{"embeddable":true,"href":"http:\/\/choquequirao-treks.com\/de\/wp-json\/wp\/v2\/users\/1"}],"replies":[{"embeddable":true,"href":"http:\/\/choquequirao-treks.com\/de\/wp-json\/wp\/v2\/comments?post=1848"}],"version-history":[{"count":16,"href":"http:\/\/choquequirao-treks.com\/de\/wp-json\/wp\/v2\/pages\/1848\/revisions"}],"predecessor-version":[{"id":2178,"href":"http:\/\/choquequirao-treks.com\/de\/wp-json\/wp\/v2\/pages\/1848\/revisions\/2178"}],"wp:attachment":[{"href":"http:\/\/choquequirao-treks.com\/de\/wp-json\/wp\/v2\/media?parent=1848"}],"curies":[{"name":"wp","href":"https:\/\/api.w.org\/{rel}","templated":true}]}}