{"id":1878,"date":"2026-03-09T07:38:50","date_gmt":"2026-03-09T07:38:50","guid":{"rendered":"https:\/\/choquequirao-treks.com\/?page_id=1878"},"modified":"2026-03-09T17:42:31","modified_gmt":"2026-03-09T17:42:31","slug":"blog","status":"publish","type":"page","link":"http:\/\/choquequirao-treks.com\/de\/blog\/","title":{"rendered":"Blog"},"content":{"rendered":"<div data-elementor-type=\"wp-page\" data-elementor-id=\"1878\" class=\"elementor elementor-1878\" data-elementor-post-type=\"page\">\n\t\t\t\t<div class=\"elementor-element elementor-element-cd94d2c e-con-full e-flex e-con e-parent\" data-id=\"cd94d2c\" data-element_type=\"container\" data-e-type=\"container\" data-settings=\"{&quot;background_background&quot;:&quot;classic&quot;}\">\n\t\t\t\t<div class=\"elementor-element elementor-element-d81153a elementor--h-position-center elementor--v-position-middle elementor-arrows-position-inside elementor-widget elementor-widget-slides\" data-id=\"d81153a\" data-element_type=\"widget\" data-e-type=\"widget\" data-settings=\"{&quot;navigation&quot;:&quot;arrows&quot;,&quot;autoplay&quot;:&quot;yes&quot;,&quot;autoplay_speed&quot;:5000,&quot;infinite&quot;:&quot;yes&quot;,&quot;transition&quot;:&quot;slide&quot;,&quot;transition_speed&quot;:500}\" data-widget_type=\"slides.default\">\n\t\t\t\t\t\t\t\t\t\t<div class=\"elementor-slides-wrapper elementor-main-swiper swiper\" role=\"region\" aria-roledescription=\"carousel\" aria-label=\"Folien\" dir=\"ltr\" data-animation=\"zoomIn\">\n\t\t\t\t<div class=\"swiper-wrapper elementor-slides\">\n\t\t\t\t\t\t\t\t\t\t<div class=\"elementor-repeater-item-61bcbca swiper-slide\" role=\"group\" aria-roledescription=\"slide\"><div class=\"swiper-slide-bg elementor-ken-burns elementor-ken-burns--in\" role=\"img\" aria-label=\"Chqoeuqwuirao3\"><\/div><div class=\"elementor-background-overlay\"><\/div><a class=\"swiper-slide-inner\" href=\"#\"><div class=\"swiper-slide-contents\"><div class=\"elementor-slide-heading\">Blog<\/div><\/div><\/a><\/div>\t\t\t\t<\/div>\n\t\t\t\t\t\t\t<\/div>\n\t\t\t\t\t\t\t\t<\/div>\n\t\t\t\t<\/div>\n\t\t<div class=\"elementor-element elementor-element-9d46e76 e-con-full e-flex e-con e-parent\" data-id=\"9d46e76\" data-element_type=\"container\" data-e-type=\"container\" data-settings=\"{&quot;background_background&quot;:&quot;classic&quot;}\">\n\t\t\t\t<div class=\"elementor-element elementor-element-63e8bee elementor-invisible elementor-widget elementor-widget-text-editor\" data-id=\"63e8bee\" data-element_type=\"widget\" data-e-type=\"widget\" data-settings=\"{&quot;_animation&quot;:&quot;fadeInUp&quot;}\" data-widget_type=\"text-editor.default\">\n\t\t\t\t\t\t\t\t\t<h1>Reiseblog \u00fcber Choquequirao<\/h1>\t\t\t\t\t\t\t\t<\/div>\n\t\t\t\t<div class=\"elementor-element elementor-element-46bc8a6 elementor-invisible elementor-widget elementor-widget-text-editor\" data-id=\"46bc8a6\" data-element_type=\"widget\" data-e-type=\"widget\" data-settings=\"{&quot;_animation&quot;:&quot;fadeInUp&quot;}\" data-widget_type=\"text-editor.default\">\n\t\t\t\t\t\t\t\t\t<p data-path-to-node=\"4\">\u00a0<\/p><p data-path-to-node=\"4\">Willkommen an der Grenze der Andenforschung. Ob Sie sich auf die anspruchsvollen Serpentinen des Apur\u00edmac-Canyons vorbereiten oder die reiche Geschichte des Neo-Inka-Reiches erkunden m\u00f6chten \u2013 unser Blog macht Reisende zu Entdeckern. Hier teilen wir Expertenrat, historische Geheimnisse und praktische Tipps, die Ihnen helfen, die \u201cWiege des Goldes\u201d und dar\u00fcber hinaus zu erobern.<\/p>\t\t\t\t\t\t\t\t<\/div>\n\t\t\t\t<\/div>\n\t\t<div class=\"elementor-element elementor-element-d52088c e-con-full e-flex e-con e-parent\" data-id=\"d52088c\" data-element_type=\"container\" data-e-type=\"container\" data-settings=\"{&quot;background_background&quot;:&quot;classic&quot;}\">\n\t\t<div class=\"elementor-element elementor-element-18baa8c e-con-full e-flex e-con e-child\" data-id=\"18baa8c\" data-element_type=\"container\" data-e-type=\"container\" data-settings=\"{&quot;background_background&quot;:&quot;classic&quot;}\">\n\t\t<a class=\"elementor-element elementor-element-33372a9 e-con-full e-flex elementor-invisible e-con e-child\" data-id=\"33372a9\" data-element_type=\"container\" data-e-type=\"container\" data-settings=\"{&quot;animation&quot;:&quot;fadeInLeft&quot;}\" href=\"http:\/\/choquequirao-treks.com\/de\/blog\/choquequirao-vs-machu-picchu-an-honest-guide-to-choosing\/\">\n\t\t\t\t<div class=\"elementor-element elementor-element-314b878 elementor-widget elementor-widget-image\" data-id=\"314b878\" data-element_type=\"widget\" data-e-type=\"widget\" data-widget_type=\"image.default\">\n\t\t\t\t\t\t\t\t\t\t\t\t\t\t\t<img fetchpriority=\"high\" decoding=\"async\" width=\"1162\" height=\"800\" src=\"http:\/\/choquequirao-treks.com\/wp-content\/uploads\/2026\/03\/001-Choquequirao-tour.jpg\" class=\"elementor-animation-grow attachment-full size-full wp-image-1034\" alt=\"001 Choquequirao-Tour\" srcset=\"http:\/\/choquequirao-treks.com\/wp-content\/uploads\/2026\/03\/001-Choquequirao-tour.jpg 1162w, http:\/\/choquequirao-treks.com\/wp-content\/uploads\/2026\/03\/001-Choquequirao-tour-300x207.jpg 300w, http:\/\/choquequirao-treks.com\/wp-content\/uploads\/2026\/03\/001-Choquequirao-tour-1024x705.jpg 1024w, http:\/\/choquequirao-treks.com\/wp-content\/uploads\/2026\/03\/001-Choquequirao-tour-768x529.jpg 768w, http:\/\/choquequirao-treks.com\/wp-content\/uploads\/2026\/03\/001-Choquequirao-tour-18x12.jpg 18w\" sizes=\"(max-width: 1162px) 100vw, 1162px\" \/>\t\t\t\t\t\t\t\t\t\t\t\t\t\t\t<\/div>\n\t\t\t\t<div class=\"elementor-element elementor-element-34f9c25 elementor-widget elementor-widget-heading\" data-id=\"34f9c25\" data-element_type=\"widget\" data-e-type=\"widget\" data-widget_type=\"heading.default\">\n\t\t\t\t\t<h2 class=\"elementor-heading-title elementor-size-default\">Choquequirao vs. Machu Picchu: Ein ehrlicher Leitfaden zur Auswahl<\/h2>\t\t\t\t<\/div>\n\t\t\t\t<div class=\"elementor-element elementor-element-cbf62f0 elementor-widget elementor-widget-text-editor\" data-id=\"cbf62f0\" data-element_type=\"widget\" data-e-type=\"widget\" data-widget_type=\"text-editor.default\">\n\t\t\t\t\t\t\t\t\t<p>Ist die \u201cPartnerstadt\u201d tats\u00e4chlich sch\u00f6ner als das Weltwunder? Wir analysieren die Menschenmassen, die Kosten und den erforderlichen Aufwand, damit Sie entscheiden k\u00f6nnen, welche Inka-St\u00e4tte Sie wirklich ber\u00fchrt.<\/p>\t\t\t\t\t\t\t\t<\/div>\n\t\t\t\t<\/a>\n\t\t<a class=\"elementor-element elementor-element-d78ae21 e-con-full e-flex elementor-invisible e-con e-child\" data-id=\"d78ae21\" data-element_type=\"container\" data-e-type=\"container\" data-settings=\"{&quot;animation&quot;:&quot;fadeInLeft&quot;}\" href=\"http:\/\/choquequirao-treks.com\/de\/blog\/how-to-physically-prepare-for-the-choquequirao-trek\/\">\n\t\t\t\t<div class=\"elementor-element elementor-element-f89d21a elementor-widget elementor-widget-image\" data-id=\"f89d21a\" data-element_type=\"widget\" data-e-type=\"widget\" data-widget_type=\"image.default\">\n\t\t\t\t\t\t\t\t\t\t\t\t\t\t\t<img fetchpriority=\"high\" decoding=\"async\" width=\"1162\" height=\"800\" src=\"http:\/\/choquequirao-treks.com\/wp-content\/uploads\/2026\/03\/001-Choquequirao-tour.jpg\" class=\"elementor-animation-grow attachment-full size-full wp-image-1034\" alt=\"001 Choquequirao-Tour\" srcset=\"http:\/\/choquequirao-treks.com\/wp-content\/uploads\/2026\/03\/001-Choquequirao-tour.jpg 1162w, http:\/\/choquequirao-treks.com\/wp-content\/uploads\/2026\/03\/001-Choquequirao-tour-300x207.jpg 300w, http:\/\/choquequirao-treks.com\/wp-content\/uploads\/2026\/03\/001-Choquequirao-tour-1024x705.jpg 1024w, http:\/\/choquequirao-treks.com\/wp-content\/uploads\/2026\/03\/001-Choquequirao-tour-768x529.jpg 768w, http:\/\/choquequirao-treks.com\/wp-content\/uploads\/2026\/03\/001-Choquequirao-tour-18x12.jpg 18w\" sizes=\"(max-width: 1162px) 100vw, 1162px\" \/>\t\t\t\t\t\t\t\t\t\t\t\t\t\t\t<\/div>\n\t\t\t\t<div class=\"elementor-element elementor-element-2775b52 elementor-widget elementor-widget-heading\" data-id=\"2775b52\" data-element_type=\"widget\" data-e-type=\"widget\" data-widget_type=\"heading.default\">\n\t\t\t\t\t<h2 class=\"elementor-heading-title elementor-size-default\">Wie man sich k\u00f6rperlich auf die Choquequirao-Trekkingtour vorbereitet<\/h2>\t\t\t\t<\/div>\n\t\t\t\t<div class=\"elementor-element elementor-element-e8bcf4c elementor-widget elementor-widget-text-editor\" data-id=\"e8bcf4c\" data-element_type=\"widget\" data-e-type=\"widget\" data-widget_type=\"text-editor.default\">\n\t\t\t\t\t\t\t\t\t<p>Das ist kein Spaziergang im Park. Steile H\u00f6henmeter und extreme Hitze erfordern einen soliden Trainingsplan. Lerne die speziellen \u00dcbungen und Tipps zum Ausdaueraufbau kennen, damit deine Beine nicht schon vor dem atemberaubenden Ausblick schlappmachen.<\/p>\t\t\t\t\t\t\t\t<\/div>\n\t\t\t\t<\/a>\n\t\t<a class=\"elementor-element elementor-element-72352b6 e-con-full e-flex elementor-invisible e-con e-child\" data-id=\"72352b6\" data-element_type=\"container\" data-e-type=\"container\" data-settings=\"{&quot;animation&quot;:&quot;fadeInLeft&quot;}\" href=\"http:\/\/choquequirao-treks.com\/de\/blog\/vilcabamba-the-story-of-the-last-inca-refuge\/\">\n\t\t\t\t<div class=\"elementor-element elementor-element-699dc53 elementor-widget elementor-widget-image\" data-id=\"699dc53\" data-element_type=\"widget\" data-e-type=\"widget\" data-widget_type=\"image.default\">\n\t\t\t\t\t\t\t\t\t\t\t\t\t\t\t<img fetchpriority=\"high\" decoding=\"async\" width=\"1162\" height=\"800\" src=\"http:\/\/choquequirao-treks.com\/wp-content\/uploads\/2026\/03\/001-Choquequirao-tour.jpg\" class=\"elementor-animation-grow attachment-full size-full wp-image-1034\" alt=\"001 Choquequirao-Tour\" srcset=\"http:\/\/choquequirao-treks.com\/wp-content\/uploads\/2026\/03\/001-Choquequirao-tour.jpg 1162w, http:\/\/choquequirao-treks.com\/wp-content\/uploads\/2026\/03\/001-Choquequirao-tour-300x207.jpg 300w, http:\/\/choquequirao-treks.com\/wp-content\/uploads\/2026\/03\/001-Choquequirao-tour-1024x705.jpg 1024w, http:\/\/choquequirao-treks.com\/wp-content\/uploads\/2026\/03\/001-Choquequirao-tour-768x529.jpg 768w, http:\/\/choquequirao-treks.com\/wp-content\/uploads\/2026\/03\/001-Choquequirao-tour-18x12.jpg 18w\" sizes=\"(max-width: 1162px) 100vw, 1162px\" \/>\t\t\t\t\t\t\t\t\t\t\t\t\t\t\t<\/div>\n\t\t\t\t<div class=\"elementor-element elementor-element-2949acf elementor-widget elementor-widget-heading\" data-id=\"2949acf\" data-element_type=\"widget\" data-e-type=\"widget\" data-widget_type=\"heading.default\">\n\t\t\t\t\t<h2 class=\"elementor-heading-title elementor-size-default\">Vilcabamba: Die Geschichte des letzten Inka-Refugiums<\/h2>\t\t\t\t<\/div>\n\t\t\t\t<div class=\"elementor-element elementor-element-127bbab elementor-widget elementor-widget-text-editor\" data-id=\"127bbab\" data-element_type=\"widget\" data-e-type=\"widget\" data-widget_type=\"text-editor.default\">\n\t\t\t\t\t\t\t\t\t<p>Begeben Sie sich auf eine Reise zur\u00fcck ins 16. Jahrhundert. Entdecken Sie die epische Geschichte des Inka-Widerstands und wie dieses abgelegene Bergk\u00f6nigreich zur letzten Bastion gegen die spanische Eroberung wurde.<\/p>\t\t\t\t\t\t\t\t<\/div>\n\t\t\t\t<\/a>\n\t\t<a class=\"elementor-element elementor-element-b442e24 e-con-full e-flex elementor-invisible e-con e-child\" data-id=\"b442e24\" data-element_type=\"container\" data-e-type=\"container\" data-settings=\"{&quot;animation&quot;:&quot;fadeInLeft&quot;}\" href=\"http:\/\/choquequirao-treks.com\/de\/blog\/the-white-rock-of-nustahispana-the-sacred-site-no-one-knows\/\">\n\t\t\t\t<div class=\"elementor-element elementor-element-1c16658 elementor-widget elementor-widget-image\" data-id=\"1c16658\" data-element_type=\"widget\" data-e-type=\"widget\" data-widget_type=\"image.default\">\n\t\t\t\t\t\t\t\t\t\t\t\t\t\t\t<img fetchpriority=\"high\" decoding=\"async\" width=\"1162\" height=\"800\" src=\"http:\/\/choquequirao-treks.com\/wp-content\/uploads\/2026\/03\/001-Choquequirao-tour.jpg\" class=\"elementor-animation-grow attachment-full size-full wp-image-1034\" alt=\"001 Choquequirao-Tour\" srcset=\"http:\/\/choquequirao-treks.com\/wp-content\/uploads\/2026\/03\/001-Choquequirao-tour.jpg 1162w, http:\/\/choquequirao-treks.com\/wp-content\/uploads\/2026\/03\/001-Choquequirao-tour-300x207.jpg 300w, http:\/\/choquequirao-treks.com\/wp-content\/uploads\/2026\/03\/001-Choquequirao-tour-1024x705.jpg 1024w, http:\/\/choquequirao-treks.com\/wp-content\/uploads\/2026\/03\/001-Choquequirao-tour-768x529.jpg 768w, http:\/\/choquequirao-treks.com\/wp-content\/uploads\/2026\/03\/001-Choquequirao-tour-18x12.jpg 18w\" sizes=\"(max-width: 1162px) 100vw, 1162px\" \/>\t\t\t\t\t\t\t\t\t\t\t\t\t\t\t<\/div>\n\t\t\t\t<div class=\"elementor-element elementor-element-bc139a1 elementor-widget elementor-widget-heading\" data-id=\"bc139a1\" data-element_type=\"widget\" data-e-type=\"widget\" data-widget_type=\"heading.default\">\n\t\t\t\t\t<h2 class=\"elementor-heading-title elementor-size-default\">Der wei\u00dfe Felsen von \u00d1ustahispana: Die heilige St\u00e4tte, die niemand kennt<\/h2>\t\t\t\t<\/div>\n\t\t\t\t<div class=\"elementor-element elementor-element-56475b0 elementor-widget elementor-widget-text-editor\" data-id=\"56475b0\" data-element_type=\"widget\" data-e-type=\"widget\" data-widget_type=\"text-editor.default\">\n\t\t\t\t\t\t\t\t\t<p>Abseits der Hauptwege liegt einer der geheimnisvollsten Steinmetzarbeiten der Anden. Entdecken Sie die spirituelle Bedeutung dieses gewaltigen Schreins und die Rituale, die einst im Herzen des Vilcabamba-Gebirges stattfanden.<\/p>\t\t\t\t\t\t\t\t<\/div>\n\t\t\t\t<\/a>\n\t\t<a class=\"elementor-element elementor-element-916b708 e-con-full e-flex elementor-invisible e-con e-child\" data-id=\"916b708\" data-element_type=\"container\" data-e-type=\"container\" data-settings=\"{&quot;animation&quot;:&quot;fadeInLeft&quot;}\" href=\"http:\/\/choquequirao-treks.com\/de\/blog\/espiritu-pampa-journey-to-the-true-lost-city\/\">\n\t\t\t\t<div class=\"elementor-element elementor-element-f637e52 elementor-widget elementor-widget-image\" data-id=\"f637e52\" data-element_type=\"widget\" data-e-type=\"widget\" data-widget_type=\"image.default\">\n\t\t\t\t\t\t\t\t\t\t\t\t\t\t\t<img fetchpriority=\"high\" decoding=\"async\" width=\"1162\" height=\"800\" src=\"http:\/\/choquequirao-treks.com\/wp-content\/uploads\/2026\/03\/001-Choquequirao-tour.jpg\" class=\"elementor-animation-grow attachment-full size-full wp-image-1034\" alt=\"001 Choquequirao-Tour\" srcset=\"http:\/\/choquequirao-treks.com\/wp-content\/uploads\/2026\/03\/001-Choquequirao-tour.jpg 1162w, http:\/\/choquequirao-treks.com\/wp-content\/uploads\/2026\/03\/001-Choquequirao-tour-300x207.jpg 300w, http:\/\/choquequirao-treks.com\/wp-content\/uploads\/2026\/03\/001-Choquequirao-tour-1024x705.jpg 1024w, http:\/\/choquequirao-treks.com\/wp-content\/uploads\/2026\/03\/001-Choquequirao-tour-768x529.jpg 768w, http:\/\/choquequirao-treks.com\/wp-content\/uploads\/2026\/03\/001-Choquequirao-tour-18x12.jpg 18w\" sizes=\"(max-width: 1162px) 100vw, 1162px\" \/>\t\t\t\t\t\t\t\t\t\t\t\t\t\t\t<\/div>\n\t\t\t\t<div class=\"elementor-element elementor-element-2bd7848 elementor-widget elementor-widget-heading\" data-id=\"2bd7848\" data-element_type=\"widget\" data-e-type=\"widget\" data-widget_type=\"heading.default\">\n\t\t\t\t\t<h2 class=\"elementor-heading-title elementor-size-default\">Esp\u00edritu Pampa: Reise in die wahre verlorene Stadt<\/h2>\t\t\t\t<\/div>\n\t\t\t\t<div class=\"elementor-element elementor-element-a4e9102 elementor-widget elementor-widget-text-editor\" data-id=\"a4e9102\" data-element_type=\"widget\" data-e-type=\"widget\" data-widget_type=\"text-editor.default\">\n\t\t\t\t\t\t\t\t\t<p>Viele beanspruchen diesen Titel f\u00fcr sich, doch Esp\u00edritu Pampa ist die wahre \u201cVerlorene Stadt\u201d, in der die letzten Inkas lebten. Wir nehmen Sie mit in die dichten Dschungelruinen, die nur wenige Touristen je zu Gesicht bekommen.<\/p>\t\t\t\t\t\t\t\t<\/div>\n\t\t\t\t<\/a>\n\t\t<a class=\"elementor-element elementor-element-0cff2f5 e-con-full e-flex elementor-invisible e-con e-child\" data-id=\"0cff2f5\" data-element_type=\"container\" data-e-type=\"container\" data-settings=\"{&quot;animation&quot;:&quot;fadeInLeft&quot;}\" href=\"http:\/\/choquequirao-treks.com\/de\/blog\/7-common-mistakes-that-ruin-your-trek-and-how-to-avoid-them\/\">\n\t\t\t\t<div class=\"elementor-element elementor-element-db034e7 elementor-widget elementor-widget-image\" data-id=\"db034e7\" data-element_type=\"widget\" data-e-type=\"widget\" data-widget_type=\"image.default\">\n\t\t\t\t\t\t\t\t\t\t\t\t\t\t\t<img fetchpriority=\"high\" decoding=\"async\" width=\"1162\" height=\"800\" src=\"http:\/\/choquequirao-treks.com\/wp-content\/uploads\/2026\/03\/001-Choquequirao-tour.jpg\" class=\"elementor-animation-grow attachment-full size-full wp-image-1034\" alt=\"001 Choquequirao-Tour\" srcset=\"http:\/\/choquequirao-treks.com\/wp-content\/uploads\/2026\/03\/001-Choquequirao-tour.jpg 1162w, http:\/\/choquequirao-treks.com\/wp-content\/uploads\/2026\/03\/001-Choquequirao-tour-300x207.jpg 300w, http:\/\/choquequirao-treks.com\/wp-content\/uploads\/2026\/03\/001-Choquequirao-tour-1024x705.jpg 1024w, http:\/\/choquequirao-treks.com\/wp-content\/uploads\/2026\/03\/001-Choquequirao-tour-768x529.jpg 768w, http:\/\/choquequirao-treks.com\/wp-content\/uploads\/2026\/03\/001-Choquequirao-tour-18x12.jpg 18w\" sizes=\"(max-width: 1162px) 100vw, 1162px\" \/>\t\t\t\t\t\t\t\t\t\t\t\t\t\t\t<\/div>\n\t\t\t\t<div class=\"elementor-element elementor-element-95c3829 elementor-widget elementor-widget-heading\" data-id=\"95c3829\" data-element_type=\"widget\" data-e-type=\"widget\" data-widget_type=\"heading.default\">\n\t\t\t\t\t<h2 class=\"elementor-heading-title elementor-size-default\">7 h\u00e4ufige Fehler, die Ihre Trekkingtour ruinieren (und wie Sie sie vermeiden)<\/h2>\t\t\t\t<\/div>\n\t\t\t\t<div class=\"elementor-element elementor-element-73ddf5e elementor-widget elementor-widget-text-editor\" data-id=\"73ddf5e\" data-element_type=\"widget\" data-e-type=\"widget\" data-widget_type=\"text-editor.default\">\n\t\t\t\t\t\t\t\t\t<p>Von zu viel Gep\u00e4ck bis hin zur Untersch\u00e4tzung der Sonneneinstrahlung im Canyon \u2013 wir haben schon alles erlebt. Vermeiden Sie diese Anf\u00e4ngerfehler, damit Sie Ihre Trekkingtour ganz auf die Landschaft und nicht auf die Strapazen konzentrieren k\u00f6nnen.<\/p>\t\t\t\t\t\t\t\t<\/div>\n\t\t\t\t<\/a>\n\t\t<a class=\"elementor-element elementor-element-073c8b2 e-con-full e-flex elementor-invisible e-con e-child\" data-id=\"073c8b2\" data-element_type=\"container\" data-e-type=\"container\" data-settings=\"{&quot;animation&quot;:&quot;fadeInLeft&quot;}\" href=\"http:\/\/choquequirao-treks.com\/de\/blog\/altitude-sickness-everything-you-need-to-know\/\">\n\t\t\t\t<div class=\"elementor-element elementor-element-a36a73c elementor-widget elementor-widget-image\" data-id=\"a36a73c\" data-element_type=\"widget\" data-e-type=\"widget\" data-widget_type=\"image.default\">\n\t\t\t\t\t\t\t\t\t\t\t\t\t\t\t<img fetchpriority=\"high\" decoding=\"async\" width=\"1162\" height=\"800\" src=\"http:\/\/choquequirao-treks.com\/wp-content\/uploads\/2026\/03\/001-Choquequirao-tour.jpg\" class=\"elementor-animation-grow attachment-full size-full wp-image-1034\" alt=\"001 Choquequirao-Tour\" srcset=\"http:\/\/choquequirao-treks.com\/wp-content\/uploads\/2026\/03\/001-Choquequirao-tour.jpg 1162w, http:\/\/choquequirao-treks.com\/wp-content\/uploads\/2026\/03\/001-Choquequirao-tour-300x207.jpg 300w, http:\/\/choquequirao-treks.com\/wp-content\/uploads\/2026\/03\/001-Choquequirao-tour-1024x705.jpg 1024w, http:\/\/choquequirao-treks.com\/wp-content\/uploads\/2026\/03\/001-Choquequirao-tour-768x529.jpg 768w, http:\/\/choquequirao-treks.com\/wp-content\/uploads\/2026\/03\/001-Choquequirao-tour-18x12.jpg 18w\" sizes=\"(max-width: 1162px) 100vw, 1162px\" \/>\t\t\t\t\t\t\t\t\t\t\t\t\t\t\t<\/div>\n\t\t\t\t<div class=\"elementor-element elementor-element-0ebef42 elementor-widget elementor-widget-heading\" data-id=\"0ebef42\" data-element_type=\"widget\" data-e-type=\"widget\" data-widget_type=\"heading.default\">\n\t\t\t\t\t<h2 class=\"elementor-heading-title elementor-size-default\">H\u00f6henkrankheit: Alles, was Sie wissen m\u00fcssen<\/h2>\t\t\t\t<\/div>\n\t\t\t\t<div class=\"elementor-element elementor-element-cb4a6fe elementor-widget elementor-widget-text-editor\" data-id=\"cb4a6fe\" data-element_type=\"widget\" data-e-type=\"widget\" data-widget_type=\"text-editor.default\">\n\t\t\t\t\t\t\t\t\t<p>Lass es nicht zu <i data-path-to-node=\"20\" data-index-in-node=\"10\">Soroche<\/i> Verk\u00fcrzen Sie Ihre Reise. Informieren Sie sich dar\u00fcber, wie sich die H\u00f6he auf Ihren K\u00f6rper auswirkt, wie Sie sich richtig akklimatisieren und welche lokalen Mittel bei d\u00fcnner Luft tats\u00e4chlich helfen.<\/p>\t\t\t\t\t\t\t\t<\/div>\n\t\t\t\t<\/a>\n\t\t<a class=\"elementor-element elementor-element-0bae358 e-con-full e-flex elementor-invisible e-con e-child\" data-id=\"0bae358\" data-element_type=\"container\" data-e-type=\"container\" data-settings=\"{&quot;animation&quot;:&quot;fadeInLeft&quot;}\" href=\"http:\/\/choquequirao-treks.com\/de\/blog\/vitcos-rosaspata-the-palace-where-manco-inca-ruled-in-exile\/\">\n\t\t\t\t<div class=\"elementor-element elementor-element-40fcdf6 elementor-widget elementor-widget-image\" data-id=\"40fcdf6\" data-element_type=\"widget\" data-e-type=\"widget\" data-widget_type=\"image.default\">\n\t\t\t\t\t\t\t\t\t\t\t\t\t\t\t<img fetchpriority=\"high\" decoding=\"async\" width=\"1162\" height=\"800\" src=\"http:\/\/choquequirao-treks.com\/wp-content\/uploads\/2026\/03\/001-Choquequirao-tour.jpg\" class=\"elementor-animation-grow attachment-full size-full wp-image-1034\" alt=\"001 Choquequirao-Tour\" srcset=\"http:\/\/choquequirao-treks.com\/wp-content\/uploads\/2026\/03\/001-Choquequirao-tour.jpg 1162w, http:\/\/choquequirao-treks.com\/wp-content\/uploads\/2026\/03\/001-Choquequirao-tour-300x207.jpg 300w, http:\/\/choquequirao-treks.com\/wp-content\/uploads\/2026\/03\/001-Choquequirao-tour-1024x705.jpg 1024w, http:\/\/choquequirao-treks.com\/wp-content\/uploads\/2026\/03\/001-Choquequirao-tour-768x529.jpg 768w, http:\/\/choquequirao-treks.com\/wp-content\/uploads\/2026\/03\/001-Choquequirao-tour-18x12.jpg 18w\" sizes=\"(max-width: 1162px) 100vw, 1162px\" \/>\t\t\t\t\t\t\t\t\t\t\t\t\t\t\t<\/div>\n\t\t\t\t<div class=\"elementor-element elementor-element-f5389e4 elementor-widget elementor-widget-heading\" data-id=\"f5389e4\" data-element_type=\"widget\" data-e-type=\"widget\" data-widget_type=\"heading.default\">\n\t\t\t\t\t<h2 class=\"elementor-heading-title elementor-size-default\">Vitcos-Rosaspata: Der Palast, in dem Manco Inca im Exil regierte<\/h2>\t\t\t\t<\/div>\n\t\t\t\t<div class=\"elementor-element elementor-element-1a4c21d elementor-widget elementor-widget-text-editor\" data-id=\"1a4c21d\" data-element_type=\"widget\" data-e-type=\"widget\" data-widget_type=\"text-editor.default\">\n\t\t\t\t\t\t\t\t\t<p>Besuchen Sie das administrative Zentrum des Widerstands. Erfahren Sie mehr \u00fcber die strategische Brillanz von Manco Inca und die Ruinen des Palastes, in dem er inmitten der Wolken die Traditionen des Reiches bewahrte.<\/p>\t\t\t\t\t\t\t\t<\/div>\n\t\t\t\t<\/a>\n\t\t<a class=\"elementor-element elementor-element-140145b e-con-full e-flex elementor-invisible e-con e-child\" data-id=\"140145b\" data-element_type=\"container\" data-e-type=\"container\" data-settings=\"{&quot;animation&quot;:&quot;fadeInLeft&quot;}\" href=\"http:\/\/choquequirao-treks.com\/de\/blog\/san-juan-pass-crossing-the-highest-point-between-choquequirao-and-vilcabamba\/\">\n\t\t\t\t<div class=\"elementor-element elementor-element-ea6c005 elementor-widget elementor-widget-image\" data-id=\"ea6c005\" data-element_type=\"widget\" data-e-type=\"widget\" data-widget_type=\"image.default\">\n\t\t\t\t\t\t\t\t\t\t\t\t\t\t\t<img fetchpriority=\"high\" decoding=\"async\" width=\"1162\" height=\"800\" src=\"http:\/\/choquequirao-treks.com\/wp-content\/uploads\/2026\/03\/001-Choquequirao-tour.jpg\" class=\"elementor-animation-grow attachment-full size-full wp-image-1034\" alt=\"001 Choquequirao-Tour\" srcset=\"http:\/\/choquequirao-treks.com\/wp-content\/uploads\/2026\/03\/001-Choquequirao-tour.jpg 1162w, http:\/\/choquequirao-treks.com\/wp-content\/uploads\/2026\/03\/001-Choquequirao-tour-300x207.jpg 300w, http:\/\/choquequirao-treks.com\/wp-content\/uploads\/2026\/03\/001-Choquequirao-tour-1024x705.jpg 1024w, http:\/\/choquequirao-treks.com\/wp-content\/uploads\/2026\/03\/001-Choquequirao-tour-768x529.jpg 768w, http:\/\/choquequirao-treks.com\/wp-content\/uploads\/2026\/03\/001-Choquequirao-tour-18x12.jpg 18w\" sizes=\"(max-width: 1162px) 100vw, 1162px\" \/>\t\t\t\t\t\t\t\t\t\t\t\t\t\t\t<\/div>\n\t\t\t\t<div class=\"elementor-element elementor-element-2044041 elementor-widget elementor-widget-heading\" data-id=\"2044041\" data-element_type=\"widget\" data-e-type=\"widget\" data-widget_type=\"heading.default\">\n\t\t\t\t\t<h2 class=\"elementor-heading-title elementor-size-default\">San Juan Pass: \u00dcberquerung des h\u00f6chsten Punktes zwischen Choquequirao und Vilcabamba<\/h2>\t\t\t\t<\/div>\n\t\t\t\t<div class=\"elementor-element elementor-element-494e109 elementor-widget elementor-widget-text-editor\" data-id=\"494e109\" data-element_type=\"widget\" data-e-type=\"widget\" data-widget_type=\"text-editor.default\">\n\t\t\t\t\t\t\t\t\t<p>Der San-Juan-Pass, der an der Schwelle zwischen zwei Welten steht, bietet die atemberaubendsten Ausblicke der Expedition. Hier erfahren Sie, was Sie erwartet, wenn Sie den buchst\u00e4blichen Gipfel Ihres Abenteuers erreichen.<\/p>\t\t\t\t\t\t\t\t<\/div>\n\t\t\t\t<\/a>\n\t\t\t\t<\/div>\n\t\t\t\t<\/div>\n\t\t\t\t<\/div>","protected":false},"excerpt":{"rendered":"<p>Blog Travel Blog About Choquequirao \u00a0 Welcome to the frontier of Andean exploration. Whether you are preparing for the grueling switchbacks of the Apur\u00edmac canyon or seeking the deep history of the Neo-Inca state, our blog is designed to turn travelers into explorers. Here, we share expert advice, historical secrets, and practical tips to help [&hellip;]<\/p>\n","protected":false},"author":1,"featured_media":0,"parent":0,"menu_order":0,"comment_status":"closed","ping_status":"closed","template":"elementor_header_footer","meta":{"footnotes":""},"class_list":["post-1878","page","type-page","status-publish","hentry"],"_links":{"self":[{"href":"http:\/\/choquequirao-treks.com\/de\/wp-json\/wp\/v2\/pages\/1878","targetHints":{"allow":["GET"]}}],"collection":[{"href":"http:\/\/choquequirao-treks.com\/de\/wp-json\/wp\/v2\/pages"}],"about":[{"href":"http:\/\/choquequirao-treks.com\/de\/wp-json\/wp\/v2\/types\/page"}],"author":[{"embeddable":true,"href":"http:\/\/choquequirao-treks.com\/de\/wp-json\/wp\/v2\/users\/1"}],"replies":[{"embeddable":true,"href":"http:\/\/choquequirao-treks.com\/de\/wp-json\/wp\/v2\/comments?post=1878"}],"version-history":[{"count":22,"href":"http:\/\/choquequirao-treks.com\/de\/wp-json\/wp\/v2\/pages\/1878\/revisions"}],"predecessor-version":[{"id":2128,"href":"http:\/\/choquequirao-treks.com\/de\/wp-json\/wp\/v2\/pages\/1878\/revisions\/2128"}],"wp:attachment":[{"href":"http:\/\/choquequirao-treks.com\/de\/wp-json\/wp\/v2\/media?parent=1878"}],"curies":[{"name":"wp","href":"https:\/\/api.w.org\/{rel}","templated":true}]}}