{"id":1173,"date":"2026-03-06T15:06:45","date_gmt":"2026-03-06T15:06:45","guid":{"rendered":"https:\/\/choquequirao-treks.com\/?page_id=1173"},"modified":"2026-03-06T15:48:46","modified_gmt":"2026-03-06T15:48:46","slug":"politica-de-privacidad","status":"publish","type":"page","link":"http:\/\/choquequirao-treks.com\/es\/privacy-policy\/","title":{"rendered":"Pol\u00edtica de privacidad"},"content":{"rendered":"<div data-elementor-type=\"wp-page\" data-elementor-id=\"1173\" class=\"elementor elementor-1173\" data-elementor-post-type=\"page\">\n\t\t\t\t<div class=\"elementor-element elementor-element-cd94d2c e-con-full e-flex e-con e-parent\" data-id=\"cd94d2c\" data-element_type=\"container\" data-e-type=\"container\" data-settings=\"{&quot;background_background&quot;:&quot;classic&quot;}\">\n\t\t\t\t<div class=\"elementor-element elementor-element-d81153a elementor--h-position-center elementor--v-position-middle elementor-arrows-position-inside elementor-widget elementor-widget-slides\" data-id=\"d81153a\" data-element_type=\"widget\" data-e-type=\"widget\" data-settings=\"{&quot;navigation&quot;:&quot;arrows&quot;,&quot;autoplay&quot;:&quot;yes&quot;,&quot;autoplay_speed&quot;:5000,&quot;infinite&quot;:&quot;yes&quot;,&quot;transition&quot;:&quot;slide&quot;,&quot;transition_speed&quot;:500}\" data-widget_type=\"slides.default\">\n\t\t\t\t\t\t\t\t\t\t<div class=\"elementor-slides-wrapper elementor-main-swiper swiper\" role=\"region\" aria-roledescription=\"carousel\" aria-label=\"Diapositivas\" dir=\"ltr\" data-animation=\"zoomIn\">\n\t\t\t\t<div class=\"swiper-wrapper elementor-slides\">\n\t\t\t\t\t\t\t\t\t\t<div class=\"elementor-repeater-item-61bcbca swiper-slide\" role=\"group\" aria-roledescription=\"slide\"><div class=\"swiper-slide-bg\" role=\"img\" aria-label=\"Chqoeuqwuirao3\"><\/div><div class=\"elementor-background-overlay\"><\/div><a class=\"swiper-slide-inner\" href=\"#\"><div class=\"swiper-slide-contents\"><div class=\"elementor-slide-heading\">Pol\u00edtica de privacidad<\/div><\/div><\/a><\/div>\t\t\t\t<\/div>\n\t\t\t\t\t\t\t<\/div>\n\t\t\t\t\t\t\t\t<\/div>\n\t\t\t\t<\/div>\n\t\t<div class=\"elementor-element elementor-element-9d46e76 e-con-full e-flex e-con e-parent\" data-id=\"9d46e76\" data-element_type=\"container\" data-e-type=\"container\" data-settings=\"{&quot;background_background&quot;:&quot;classic&quot;}\">\n\t\t\t\t<div class=\"elementor-element elementor-element-63e8bee elementor-invisible elementor-widget elementor-widget-text-editor\" data-id=\"63e8bee\" data-element_type=\"widget\" data-e-type=\"widget\" data-settings=\"{&quot;_animation&quot;:&quot;fadeInUp&quot;}\" data-widget_type=\"text-editor.default\">\n\t\t\t\t\t\t\t\t\t<h1>Pol\u00edtica de privacidad<\/h1>\t\t\t\t\t\t\t\t<\/div>\n\t\t\t\t<div class=\"elementor-element elementor-element-46bc8a6 elementor-invisible elementor-widget elementor-widget-text-editor\" data-id=\"46bc8a6\" data-element_type=\"widget\" data-e-type=\"widget\" data-settings=\"{&quot;_animation&quot;:&quot;fadeInUp&quot;}\" data-widget_type=\"text-editor.default\">\n\t\t\t\t\t\t\t\t\t<p>Esta Pol\u00edtica de Privacidad explica c\u00f3mo Choquequirao Expeditions (la \u201cCompa\u00f1\u00eda\u201d, \u201cnosotros\u201d, \u201cnos\u201d) recopila, usa y protege la informaci\u00f3n personal de los clientes y visitantes que utilizan nuestro sitio web y nuestros servicios.<\/p><p>Al proporcionar sus datos personales y reservar cualquiera de nuestros tours, usted acepta las pr\u00e1cticas descritas en esta pol\u00edtica, de acuerdo con la normativa peruana de protecci\u00f3n de datos personales.<\/p><p>\u00a0<\/p><ol><li><h4><span style=\"color: #ffffff;\"><strong> Informaci\u00f3n que recopilamos<\/strong><\/span><\/h4><\/li><\/ol><p>Solo recopilamos la informaci\u00f3n personal que es necesaria para proporcionar y gestionar nuestros servicios de viaje, incluyendo: nombre completo, datos del pasaporte o identificaci\u00f3n, nacionalidad, fecha de nacimiento, informaci\u00f3n de contacto (correo electr\u00f3nico, tel\u00e9fono), datos de facturaci\u00f3n, fechas de viaje y preferencias.<\/p><p>Tambi\u00e9n podemos recopilar informaci\u00f3n de salud limitada (como alergias o condiciones m\u00e9dicas) cuando sea relevante para su seguridad durante caminatas o actividades a gran altitud, y esta informaci\u00f3n se maneja de manera confidencial.<\/p><p>Adem\u00e1s, nuestro sitio web puede recopilar datos t\u00e9cnicos a trav\u00e9s de cookies y tecnolog\u00edas similares para mejorar la experiencia del usuario y analizar el rendimiento del sitio.<\/p><p>\u00a0<\/p><ol start=\"2\"><li><h4><span style=\"color: #ffffff;\"><strong> C\u00f3mo usamos su informaci\u00f3n<\/strong><\/span><\/h4><\/li><\/ol><p>Utilizamos su informaci\u00f3n personal para procesar reservas, emitir confirmaciones y facturas, gestionar permisos y billetes, coordinar servicios con proveedores locales y comunicarle detalles importantes sobre su viaje.<br \/>Sus datos tambi\u00e9n podr\u00e1n ser utilizados, con su consentimiento cuando sea necesario, para enviar actualizaciones, ofertas o informaci\u00f3n de viaje relacionada con nuestros servicios, pudiendo optar por no recibir estas comunicaciones en cualquier momento.<\/p><p>\u00a0<\/p><ol start=\"3\"><li><h4><span style=\"color: #ffffff;\"><strong> Intercambio de informaci\u00f3n<\/strong><\/span><\/h4><\/li><\/ol><p>Para operar su tour, es posible que necesitemos compartir cierta informaci\u00f3n con proveedores externos, como hoteles, compa\u00f1\u00edas de transporte, operadores de trenes y autobuses, gu\u00edas locales y entidades gubernamentales (por ejemplo, para emitir boletos de entrada a sitios arqueol\u00f3gicos).<\/p><p>No vendemos ni alquilamos sus datos personales a terceros para sus propios fines de marketing, y exigimos a nuestros proveedores que manejen su informaci\u00f3n de forma segura y \u00fanicamente para los fines de su viaje.<\/p><p>\u00a0<\/p><ol start=\"4\"><li><h4><span style=\"color: #ffffff;\"><strong> Seguridad y retenci\u00f3n de datos<\/strong><\/span><\/h4><\/li><\/ol><p>Implementamos medidas t\u00e9cnicas y organizativas razonables para proteger sus datos personales contra acceso no autorizado, p\u00e9rdida o mal uso.<\/p><p>Su informaci\u00f3n se conserva solo durante el tiempo necesario para cumplir con los fines descritos en esta pol\u00edtica y para cumplir con los requisitos legales o fiscales, despu\u00e9s de lo cual se eliminar\u00e1 de forma segura o se anonimizar\u00e1.<\/p><p>\u00a0<\/p><ol start=\"5\"><li><h4><span style=\"color: #ffffff;\"><strong> Sus derechos<\/strong><\/span><\/h4><\/li><\/ol><p>Puede comunicarse con nosotros para acceder, actualizar, corregir o solicitar la eliminaci\u00f3n de sus datos personales, o para oponerse a ciertos tipos de procesamiento, sujeto a la ley aplicable.<\/p><p>Para ejercer estos derechos o hacer cualquier pregunta sobre esta Pol\u00edtica de Privacidad, cont\u00e1ctenos utilizando los detalles proporcionados en nuestro sitio web.<\/p><p>\u00a0<\/p>\t\t\t\t\t\t\t\t<\/div>\n\t\t\t\t<\/div>\n\t\t<div class=\"elementor-element elementor-element-d52088c e-con-full e-flex e-con e-parent\" data-id=\"d52088c\" data-element_type=\"container\" data-e-type=\"container\" data-settings=\"{&quot;background_background&quot;:&quot;classic&quot;}\">\n\t\t\t\t<div class=\"elementor-element elementor-element-82d19ba elementor-widget-divider--view-line elementor-widget elementor-widget-divider\" data-id=\"82d19ba\" data-element_type=\"widget\" data-e-type=\"widget\" data-widget_type=\"divider.default\">\n\t\t\t\t\t\t\t<div class=\"elementor-divider\">\n\t\t\t<span class=\"elementor-divider-separator\">\n\t\t\t\t\t\t<\/span>\n\t\t<\/div>\n\t\t\t\t\t\t<\/div>\n\t\t\t\t<\/div>\n\t\t<div class=\"elementor-element elementor-element-a426caf e-con-full e-flex e-con e-parent\" data-id=\"a426caf\" data-element_type=\"container\" data-e-type=\"container\">\n\t\t\t\t<\/div>\n\t\t\t\t<\/div>","protected":false},"excerpt":{"rendered":"<p>Privacy Policy Privacy Policy This Privacy Policy explains how Choquequirao Expeditions (the \u201cCompany\u201d, \u201cwe\u201d, \u201cus\u201d) collects, uses, and protects the personal information of clients and visitors who use our website and services. By providing your personal data and booking any of our tours, you agree to the practices described in this policy, in accordance with [&hellip;]<\/p>\n","protected":false},"author":1,"featured_media":0,"parent":0,"menu_order":0,"comment_status":"closed","ping_status":"closed","template":"elementor_header_footer","meta":{"footnotes":""},"class_list":["post-1173","page","type-page","status-publish","hentry"],"_links":{"self":[{"href":"http:\/\/choquequirao-treks.com\/es\/wp-json\/wp\/v2\/pages\/1173","targetHints":{"allow":["GET"]}}],"collection":[{"href":"http:\/\/choquequirao-treks.com\/es\/wp-json\/wp\/v2\/pages"}],"about":[{"href":"http:\/\/choquequirao-treks.com\/es\/wp-json\/wp\/v2\/types\/page"}],"author":[{"embeddable":true,"href":"http:\/\/choquequirao-treks.com\/es\/wp-json\/wp\/v2\/users\/1"}],"replies":[{"embeddable":true,"href":"http:\/\/choquequirao-treks.com\/es\/wp-json\/wp\/v2\/comments?post=1173"}],"version-history":[{"count":16,"href":"http:\/\/choquequirao-treks.com\/es\/wp-json\/wp\/v2\/pages\/1173\/revisions"}],"predecessor-version":[{"id":1222,"href":"http:\/\/choquequirao-treks.com\/es\/wp-json\/wp\/v2\/pages\/1173\/revisions\/1222"}],"wp:attachment":[{"href":"http:\/\/choquequirao-treks.com\/es\/wp-json\/wp\/v2\/media?parent=1173"}],"curies":[{"name":"wp","href":"https:\/\/api.w.org\/{rel}","templated":true}]}}