{"id":1833,"date":"2026-03-09T06:52:46","date_gmt":"2026-03-09T06:52:46","guid":{"rendered":"https:\/\/choquequirao-treks.com\/?page_id=1833"},"modified":"2026-03-09T07:00:51","modified_gmt":"2026-03-09T07:00:51","slug":"niveles-de-dificultad","status":"publish","type":"page","link":"http:\/\/choquequirao-treks.com\/es\/plan-your-trip\/difficulty-levels\/","title":{"rendered":"Niveles de dificultad"},"content":{"rendered":"<div data-elementor-type=\"wp-page\" data-elementor-id=\"1833\" class=\"elementor elementor-1833\" data-elementor-post-type=\"page\">\n\t\t\t\t<div class=\"elementor-element elementor-element-cd94d2c e-con-full e-flex e-con e-parent\" data-id=\"cd94d2c\" data-element_type=\"container\" data-e-type=\"container\" data-settings=\"{&quot;background_background&quot;:&quot;classic&quot;}\">\n\t\t\t\t<div class=\"elementor-element elementor-element-d81153a elementor--h-position-center elementor--v-position-middle elementor-arrows-position-inside elementor-widget elementor-widget-slides\" data-id=\"d81153a\" data-element_type=\"widget\" data-e-type=\"widget\" data-settings=\"{&quot;navigation&quot;:&quot;arrows&quot;,&quot;autoplay&quot;:&quot;yes&quot;,&quot;autoplay_speed&quot;:5000,&quot;infinite&quot;:&quot;yes&quot;,&quot;transition&quot;:&quot;slide&quot;,&quot;transition_speed&quot;:500}\" data-widget_type=\"slides.default\">\n\t\t\t\t\t\t\t\t\t\t<div class=\"elementor-slides-wrapper elementor-main-swiper swiper\" role=\"region\" aria-roledescription=\"carousel\" aria-label=\"Diapositivas\" dir=\"ltr\" data-animation=\"zoomIn\">\n\t\t\t\t<div class=\"swiper-wrapper elementor-slides\">\n\t\t\t\t\t\t\t\t\t\t<div class=\"elementor-repeater-item-61bcbca swiper-slide\" role=\"group\" aria-roledescription=\"slide\"><div class=\"swiper-slide-bg elementor-ken-burns elementor-ken-burns--in\" role=\"img\" aria-label=\"Chqoeuqwuirao3\"><\/div><div class=\"elementor-background-overlay\"><\/div><a class=\"swiper-slide-inner\" href=\"#\"><div class=\"swiper-slide-contents\"><div class=\"elementor-slide-heading\">Niveles de dificultad<\/div><\/div><\/a><\/div>\t\t\t\t<\/div>\n\t\t\t\t\t\t\t<\/div>\n\t\t\t\t\t\t\t\t<\/div>\n\t\t\t\t<\/div>\n\t\t<div class=\"elementor-element elementor-element-fe312a1 e-con-full e-flex e-con e-parent\" data-id=\"fe312a1\" data-element_type=\"container\" data-e-type=\"container\" data-settings=\"{&quot;background_background&quot;:&quot;classic&quot;}\">\n\t\t\t\t<div class=\"elementor-element elementor-element-be1fe86 elementor-widget__width-initial elementor-invisible elementor-widget elementor-widget-text-editor\" data-id=\"be1fe86\" data-element_type=\"widget\" data-e-type=\"widget\" data-settings=\"{&quot;_animation&quot;:&quot;fadeInUp&quot;}\" data-widget_type=\"text-editor.default\">\n\t\t\t\t\t\t\t\t\t<h1 style=\"text-align: center;\"><span style=\"color: #ffffff;\">Encuentra la ruta de senderismo adecuada para tu experiencia y condici\u00f3n f\u00edsica.<\/span><\/h1><p>\u00a0<\/p><h4><span style=\"color: #ffffff;\">Nuestro sistema de calificaci\u00f3n<\/span><\/h4><p>Clasificamos nuestras rutas de senderismo en cinco niveles seg\u00fan la exigencia f\u00edsica, la altitud m\u00e1xima, la duraci\u00f3n y las condiciones del terreno.<\/p><table><thead><tr><td><p><strong>Nivel<\/strong><\/p><\/td><td><p><strong>Descripci\u00f3n<\/strong><\/p><\/td><td><p><strong>\u00bfPara qui\u00e9n?<\/strong><\/p><\/td><\/tr><\/thead><tbody><tr><td><p>\u25cf\u25cb\u25cb\u25cb\u25cb<\/p><\/td><td><p>F\u00e1cil<\/p><\/td><td><p>Cualquier persona con salud normal<\/p><\/td><\/tr><tr><td><p>\u25cf\u25cf\u25cb\u25cb\u25cb<\/p><\/td><td><p>Moderado<\/p><\/td><td><p>Personas activas, no se requiere experiencia previa.<\/p><\/td><\/tr><tr><td><p>\u25cf\u25cf\u25cf\u25cb\u25cb<\/p><\/td><td><p>Moderado-alto<\/p><\/td><td><p>Buena condici\u00f3n f\u00edsica, se recomienda preparaci\u00f3n.<\/p><\/td><\/tr><tr><td><p>\u25cf\u25cf\u25cf\u25cf\u25cb<\/p><\/td><td><p>Alto<\/p><\/td><td><p>Experiencia en senderismo, excelente condici\u00f3n f\u00edsica.<\/p><\/td><\/tr><tr><td><p>\u25cf\u25cf\u25cf\u25cf\u25cf<\/p><\/td><td><p>Muy alto<\/p><\/td><td><p>Solo para excursionistas experimentados, con mentalidad de expedici\u00f3n.<\/p><\/td><\/tr><\/tbody><\/table><p>\u00a0<\/p><h4><span style=\"color: #ffffff;\">Rutas de senderismo por nivel de dificultad<\/span><\/h4><p>\u00a0<\/p><ul><li><span style=\"color: #ffffff;\"><strong>\u25cf\u25cf\u25cb\u25cb Moderado-Alto<\/strong> <\/span>Excursi\u00f3n cl\u00e1sica 4 d\u00edas\/3 noches | Glamping de lujo 5 d\u00edas\/4 noches<\/li><\/ul><p>\u00a0<\/p><p>Caracter\u00edsticas:<\/p><ul><li>60 km de distancia total<\/li><li>Altitud m\u00e1xima: 3.050 m<\/li><li>Desnivel m\u00e1ximo diario: 1.500 m<\/li><li>Horas de caminata: 6-7 por d\u00eda<\/li><li>Terreno: Sendero bien se\u00f1alizado, con algunos tramos empinados.<\/li><\/ul><p>\u00a0<\/p><p>Las etapas m\u00e1s exigentes son el d\u00eda 2 (ascenso a Choquequirao) y el d\u00eda 4 (ascenso de regreso a Cachora). Cada una implica un desnivel positivo de 1500 metros.<\/p><p>Requisitos:<\/p><ul><li>Buen estado f\u00edsico general<\/li><li>Capacidad para caminar entre 6 y 7 horas al d\u00eda.<\/li><li>No se requiere experiencia previa en senderismo.<\/li><li>Se recomienda un per\u00edodo de preparaci\u00f3n de 6 a 8 semanas.<\/li><\/ul><p>\u00a0<\/p><p>\u00bfPara qui\u00e9n es?<\/p><ul><li>Primera experiencia de senderismo en altitud<\/li><li>Personas activas que hacen ejercicio con regularidad.<\/li><li>Viajeros que buscan un desaf\u00edo, pero uno que sea alcanzable.<\/li><li>Edad: entre 14 y 70 a\u00f1os con buena salud.<\/li><\/ul><p>\u00a0<\/p><ul><li><span style=\"color: #ffffff;\"><strong>\u25cf\u25cf\u25cf\u25cb Alto<\/strong> <\/span>Choquequirao + Machu Picchu 6D\/5N | Choquequirao + Machu Picchu 7D\/6N | Choquequirao + Machu Picchu 8D\/7N | La Gran Traves\u00eda Inca 6D\/5N | La Gran Traves\u00eda Inca 7D\/6N | Choquequirao + Vilcabamba 8D\/7N<\/li><\/ul><p>\u00a0<\/p><p>Caracter\u00edsticas:<\/p><ul><li>Distancia total: 85\u2013100 km<\/li><li>Altitud m\u00e1xima: 4.650 m (Paso de San Juan)<\/li><li>Desnivel m\u00e1ximo diario: 1600 m<\/li><li>Horas de caminata: 6-9 por d\u00eda<\/li><li>Terreno: Variado, incluye puertos de alta monta\u00f1a.<\/li><\/ul><p>\u00a0<\/p><p>La prueba m\u00e1s exigente: cruzar el paso de San Juan (4650 m) es el mayor desaf\u00edo. Implica 5 horas de ascenso constante seguidas de 3 a 4 horas de descenso. La altitud y el esfuerzo prolongado exigen una excelente preparaci\u00f3n.<\/p><p>Requisitos:<\/p><ul><li>Excelente condici\u00f3n f\u00edsica<\/li><li>Se recomienda tener experiencia previa en largas caminatas.<\/li><li>Capacidad para caminar durante d\u00edas consecutivos<\/li><li>8-12 semanas de preparaci\u00f3n<\/li><li>Aclimataci\u00f3n adecuada en Cusco (m\u00ednimo 2-3 d\u00edas)<\/li><\/ul><p>\u00a0<\/p><p>\u00bfPara qui\u00e9n es?<\/p><ul><li>Senderistas con algo de experiencia<\/li><li>Personas que entrenan regularmente<\/li><li>Viajeros que buscan un desaf\u00edo importante<\/li><li>Edad: entre 16 y 65 a\u00f1os con excelente salud.<\/li><li><strong>\u25cf\u25cf\u25cf\u25cf Muy alto<\/strong> La Trilog\u00eda Inca 10D\/9N<\/li><\/ul><p>\u00a0<\/p><p>Caracter\u00edsticas:<\/p><ul><li>Distancia total de m\u00e1s de 120 km<\/li><li>Altitud m\u00e1xima: 4.650 m<\/li><li>Altitud m\u00ednima: 1.000 m (Esp\u00edritu Pampa)<\/li><li>Horas de caminata: 6\u20139 por d\u00eda durante 7\u20138 d\u00edas<\/li><li>Terreno: Todo tipo de terreno, incluyendo selva alta.<\/li><li>Zonas remotas sin infraestructura tur\u00edstica<\/li><\/ul><p>\u00a0<\/p><p>Lo m\u00e1s exigente: La duraci\u00f3n es el mayor desaf\u00edo. Diez d\u00edas de expedici\u00f3n con terreno variable, altitudes extremas, cambios clim\u00e1ticos y condiciones de alojamiento b\u00e1sicas en algunos tramos. Requiere resistencia f\u00edsica y mental.<\/p><p>Requisitos:<\/p><ul><li>Excelente condici\u00f3n f\u00edsica demostrada<\/li><li>Experiencia previa en senderismo de varios d\u00edas (obligatorio)<\/li><li>Capacidad de adaptaci\u00f3n a condiciones variables<\/li><li>Mentalidad de expedici\u00f3n (no mentalidad de viaje tur\u00edstico)<\/li><li>M\u00e1s de 12 semanas de preparaci\u00f3n<\/li><li>Aclimataci\u00f3n seria (m\u00ednimo 3 d\u00edas en Cusco)<\/li><\/ul><p>\u00a0<\/p><p>\u00bfPara qui\u00e9n es?<\/p><ul><li>Senderistas experimentados<\/li><li>Aventureros que buscan el desaf\u00edo definitivo<\/li><li>Entusiastas de la historia inca dispuestos a superarse a s\u00ed mismos<\/li><li>Personas que han completado otras caminatas de varios d\u00edas<\/li><li>Edad: entre 18 y 60 a\u00f1os, con excelente salud y experiencia.<\/li><\/ul><p>\u00a0<\/p><h4><span style=\"color: #ffffff;\">Tabla comparativa completa<\/span><\/h4><table><thead><tr><td><p><strong>Recorrido<\/strong><\/p><\/td><td><p><strong>Distancia<\/strong><\/p><\/td><td><p><strong>M\u00e1x. Alt.<\/strong><\/p><\/td><td><p><strong>D\u00edas de caminata<\/strong><\/p><\/td><td><p><strong>Dificultad<\/strong><\/p><\/td><\/tr><\/thead><tbody><tr><td><p>Caminata Cl\u00e1sica 4D\/3N<\/p><\/td><td><p>60 km<\/p><\/td><td><p>3.050 metros<\/p><\/td><td><p>4<\/p><\/td><td><p>\u25cf\u25cf\u25cf\u25cb\u25cb<\/p><\/td><\/tr><tr><td><p>Glamping de lujo 5 d\u00edas y 4 noches<\/p><\/td><td><p>60 km<\/p><\/td><td><p>3.050 metros<\/p><\/td><td><p>4<\/p><\/td><td><p>\u25cf\u25cf\u25cf\u25cb\u25cb<\/p><\/td><\/tr><tr><td><p>CHQ + MP 6D\/5N<\/p><\/td><td><p>85 kil\u00f3metros<\/p><\/td><td><p>4.650 metros<\/p><\/td><td><p>5<\/p><\/td><td><p>\u25cf\u25cf\u25cf\u25cf\u25cb<\/p><\/td><\/tr><tr><td><p>CHQ + MP 7D\/6N<\/p><\/td><td><p>85 kil\u00f3metros<\/p><\/td><td><p>4.650 metros<\/p><\/td><td><p>5<\/p><\/td><td><p>\u25cf\u25cf\u25cf\u25cf\u25cb<\/p><\/td><\/tr><tr><td><p>CHQ + MP 8D\/7N<\/p><\/td><td><p>100 km<\/p><\/td><td><p>4.650 metros<\/p><\/td><td><p>6<\/p><\/td><td><p>\u25cf\u25cf\u25cf\u25cf\u25cb<\/p><\/td><\/tr><tr><td><p>Gran Traves\u00eda 6D\/5N<\/p><\/td><td><p>85 kil\u00f3metros<\/p><\/td><td><p>4.650 metros<\/p><\/td><td><p>5<\/p><\/td><td><p>\u25cf\u25cf\u25cf\u25cf\u25cb<\/p><\/td><\/tr><tr><td><p>Gran Traves\u00eda 7 d\u00edas\/6 noches<\/p><\/td><td><p>85 kil\u00f3metros<\/p><\/td><td><p>4.650 metros<\/p><\/td><td><p>5<\/p><\/td><td><p>\u25cf\u25cf\u25cf\u25cf\u25cb<\/p><\/td><\/tr><tr><td><p>Cuartel General + Vilcabamba 8D\/7N<\/p><\/td><td><p>85 kil\u00f3metros<\/p><\/td><td><p>4.650 metros<\/p><\/td><td><p>6<\/p><\/td><td><p>\u25cf\u25cf\u25cf\u25cf\u25cb<\/p><\/td><\/tr><tr><td><p>Trilog\u00eda Inca 10 d\u00edas\/9 noches<\/p><\/td><td><p>120 km<\/p><\/td><td><p>4.650 metros<\/p><\/td><td><p>8<\/p><\/td><td><p>\u25cf\u25cf\u25cf\u25cf\u25cf<\/p><\/td><\/tr><\/tbody><\/table><p>\u00a0<\/p><h4><span style=\"color: #ffffff;\">Factores que determinan la dificultad<\/span><\/h4><ol><li><strong> Distancia diaria<\/strong><\/li><\/ol><table><thead><tr><td><p><strong>Categor\u00eda<\/strong><\/p><\/td><td><p><strong>kil\u00f3metros por d\u00eda<\/strong><\/p><\/td><td><p><strong>Impacto<\/strong><\/p><\/td><\/tr><\/thead><tbody><tr><td><p>Corto<\/p><\/td><td><p>8\u201310 km<\/p><\/td><td><p>Manejable para la mayor\u00eda<\/p><\/td><\/tr><tr><td><p>Medio<\/p><\/td><td><p>12\u201315 km<\/p><\/td><td><p>Requiere buena condici\u00f3n f\u00edsica<\/p><\/td><\/tr><tr><td><p>Largo<\/p><\/td><td><p>16\u201318 km<\/p><\/td><td><p>D\u00edas agotadores<\/p><\/td><\/tr><\/tbody><\/table><ol start=\"2\"><li><strong> Elevaci\u00f3n acumulada<\/strong><\/li><\/ol><table><thead><tr><td><p><strong>Categor\u00eda<\/strong><\/p><\/td><td><p><strong>Metros por d\u00eda<\/strong><\/p><\/td><td><p><strong>Impacto<\/strong><\/p><\/td><\/tr><\/thead><tbody><tr><td><p>Bajo<\/p><\/td><td><p>500\u2013800 m<\/p><\/td><td><p>Esfuerzo moderado<\/p><\/td><\/tr><tr><td><p>Medio<\/p><\/td><td><p>800\u20131200 m<\/p><\/td><td><p>Demandante<\/p><\/td><\/tr><tr><td><p>Alto<\/p><\/td><td><p>1200\u20131600 m<\/p><\/td><td><p>Muy exigente<\/p><\/td><\/tr><\/tbody><\/table><ol start=\"3\"><li><strong> Altitud m\u00e1xima<\/strong><\/li><\/ol><table><thead><tr><td><p><strong>Categor\u00eda<\/strong><\/p><\/td><td><p><strong>Medidores<\/strong><\/p><\/td><td><p><strong>Impacto<\/strong><\/p><\/td><\/tr><\/thead><tbody><tr><td><p>Moderado<\/p><\/td><td><p>Hasta 3.500 m<\/p><\/td><td><p>Posibles efectos leves<\/p><\/td><\/tr><tr><td><p>Alto<\/p><\/td><td><p>3.500\u20134.200 m<\/p><\/td><td><p>La aclimataci\u00f3n es importante<\/p><\/td><\/tr><tr><td><p>Muy alto<\/p><\/td><td><p>Por encima de los 4.200 m<\/p><\/td><td><p>La aclimataci\u00f3n es fundamental.<\/p><\/td><\/tr><\/tbody><\/table><ol start=\"4\"><li><strong> D\u00edas consecutivos<\/strong><\/li><\/ol><table><thead><tr><td><p><strong>Categor\u00eda<\/strong><\/p><\/td><td><p><strong>D\u00edas<\/strong><\/p><\/td><td><p><strong>Impacto<\/strong><\/p><\/td><\/tr><\/thead><tbody><tr><td><p>Corto<\/p><\/td><td><p>3-4 d\u00edas<\/p><\/td><td><p>fatiga manejable<\/p><\/td><\/tr><tr><td><p>Medio<\/p><\/td><td><p>5\u20137 d\u00edas<\/p><\/td><td><p>Fatiga acumulada<\/p><\/td><\/tr><tr><td><p>Largo<\/p><\/td><td><p>8-10 d\u00edas<\/p><\/td><td><p>Requiere resistencia mental<\/p><\/td><\/tr><\/tbody><\/table><ol start=\"5\"><li><strong> Condiciones del terreno<\/strong><\/li><\/ol><table><thead><tr><td><p><strong>Tipo<\/strong><\/p><\/td><td><p><strong>Descripci\u00f3n<\/strong><\/p><\/td><td><p><strong>Impacto<\/strong><\/p><\/td><\/tr><\/thead><tbody><tr><td><p>Sendero se\u00f1alizado<\/p><\/td><td><p>Camino despejado y bien mantenido<\/p><\/td><td><p>F\u00e1cil de seguir<\/p><\/td><\/tr><tr><td><p>Terreno irregular<\/p><\/td><td><p>Rocas, ra\u00edces, pendientes<\/p><\/td><td><p>Requiere atenci\u00f3n<\/p><\/td><\/tr><tr><td><p>Alta monta\u00f1a<\/p><\/td><td><p>Piedras sueltas, posible nieve<\/p><\/td><td><p>Se requiere experiencia<\/p><\/td><\/tr><tr><td><p>Selva<\/p><\/td><td><p>Vegetaci\u00f3n h\u00fameda y densa<\/p><\/td><td><p>Condiciones especiales<\/p><\/td><\/tr><\/tbody><\/table><p>\u00a0<\/p><h4><span style=\"color: #ffffff;\">C\u00f3mo elegir tu ruta de senderismo<\/span><\/h4><p>Si esta es tu primera excursi\u00f3n de varios d\u00edas: \u2192 Excursi\u00f3n cl\u00e1sica de 4 d\u00edas\/3 noches o Glamping de lujo de 5 d\u00edas\/4 noches<\/p><p>Si est\u00e1s en buena forma f\u00edsica pero tienes poca experiencia en senderismo: \u2192 Ruta cl\u00e1sica de 4 d\u00edas\/3 noches con 8 semanas de preparaci\u00f3n.<\/p><p>Si haces ejercicio con regularidad y quieres un reto mayor: \u2192 Choquequirao + Machu Picchu 6 d\u00edas\/5 noches o 7 d\u00edas\/6 noches<\/p><p>Si ya has realizado el Camino Inca, el Salkantay o caminatas similares: \u2192 Choquequirao + Machu Picchu 8D\/7N o Choquequirao + Vilcabamba 8D\/7N<\/p><p>Si eres un excursionista experimentado en busca del desaf\u00edo definitivo: \u2192 La Trilog\u00eda Inca 10D\/9N<\/p><p>Si buscas aventura pero valoras la comodidad: \u2192 Glamping de lujo 5 d\u00edas\/4 noches<\/p><p>Si priorizas la historia sobre el desaf\u00edo f\u00edsico: \u2192 La Gran Traves\u00eda Inca 7D\/6N (incluye Vilcabamba a un ritmo m\u00e1s relajado)<\/p><p>\u00a0<\/p><h4><span style=\"color: #ffffff;\">Preguntas de autoevaluaci\u00f3n<\/span><\/h4><p>Responda con sinceridad:<\/p><ol><li><strong> \u00bfCu\u00e1nto ejercicio sueles hacer?<\/strong><\/li><\/ol><ul><li>Poco o nada \u2192 Nivel m\u00e1ximo \u25cf\u25cf\u25cf\u25cb\u25cb, con m\u00e1s de 8 semanas de preparaci\u00f3n<\/li><li>2-3 veces por semana \u2192 Nivel \u25cf\u25cf\u25cf\u25cb\u25cb a \u25cf\u25cf\u25cf\u25cf\u25cb<\/li><li>Diariamente, incluyendo cardio intenso \u2192 Cualquier nivel<\/li><\/ul><ol start=\"2\"><li><strong> \u00bfCu\u00e1ntas horas puedes caminar sin un descanso prolongado?<\/strong><\/li><\/ol><ul><li>2\u20133 horas \u2192 Nivel \u25cf\u25cf\u25cf\u25cb\u25cb, ritmo relajado<\/li><li>4\u20135 horas \u2192 Nivel \u25cf\u25cf\u25cf\u25cb\u25cb a \u25cf\u25cf\u25cf\u25cf\u25cb<\/li><li>M\u00e1s de 6 horas \u2192 Cualquier nivel<\/li><\/ul><ol start=\"3\"><li><strong> \u00bfHas hecho alguna vez excursiones de varios d\u00edas?<\/strong><\/li><\/ol><ul><li>Nunca \u2192 Nivel \u25cf\u25cf\u25cf\u25cb\u25cb<\/li><li>S\u00ed, 2\u20133 d\u00edas \u2192 Nivel \u25cf\u25cf\u25cf\u25cf\u25cb<\/li><li>S\u00ed, m\u00e1s de 5 d\u00edas \u2192 Cualquier nivel<\/li><\/ul><ol start=\"4\"><li><strong> \u00bfHas estado alguna vez a altitudes superiores a los 3.000 metros?<\/strong><\/li><\/ol><ul><li>Nunca \u2192 Comience con niveles m\u00e1s bajos, aclimataci\u00f3n adicional<\/li><li>S\u00ed, sin problemas \u2192 Cualquier nivel con la aclimataci\u00f3n adecuada<\/li><li>S\u00ed, si presenta s\u00edntomas \u2192 Consulte y tome precauciones adicionales.<\/li><\/ul><ol start=\"5\"><li><strong> \u00bfC\u00f3mo manejas las molestias f\u00edsicas?<\/strong><\/li><\/ol><ul><li>Tengo dificultades \u2192 Nivel \u25cf\u25cf\u25cf\u25cb\u25cb o Glamping<\/li><li>Puedo tolerarlo \u2192 Nivel \u25cf\u25cf\u25cf\u25cf\u25cb<\/li><li>Me motiva \u2192 Nivel \u25cf\u25cf\u25cf\u25cf\u25cf (Trilog\u00eda)<\/li><\/ul><p>\u00a0<\/p><h4><span style=\"color: #ffffff;\">Nota importante<\/span><\/h4><p>La dificultad es relativa. Lo que es f\u00e1cil para un excursionista experimentado puede ser muy dif\u00edcil para un principiante. Y viceversa: personas sin experiencia, pero con buena actitud y una preparaci\u00f3n adecuada, han completado nuestras rutas m\u00e1s dif\u00edciles.<\/p><p>Si no est\u00e1s seguro de qu\u00e9 nivel es el adecuado para ti, escr\u00edbenos. Podemos evaluar tu situaci\u00f3n y recomendarte la ruta m\u00e1s apropiada.<\/p><p>\u00a0<\/p>\t\t\t\t\t\t\t\t<\/div>\n\t\t\t\t<\/div>\n\t\t<div class=\"elementor-element elementor-element-0c5a93a e-con-full e-flex e-con e-parent\" data-id=\"0c5a93a\" data-element_type=\"container\" data-e-type=\"container\" data-settings=\"{&quot;background_background&quot;:&quot;classic&quot;}\">\n\t\t<div class=\"elementor-element elementor-element-46d1dd3 e-con-full e-flex elementor-invisible e-con e-child\" data-id=\"46d1dd3\" data-element_type=\"container\" data-e-type=\"container\" data-settings=\"{&quot;animation&quot;:&quot;fadeInUp&quot;}\">\n\t\t\t\t<div class=\"elementor-element elementor-element-e21b8f2 elementor-widget-divider--view-line elementor-widget elementor-widget-divider\" data-id=\"e21b8f2\" data-element_type=\"widget\" data-e-type=\"widget\" data-widget_type=\"divider.default\">\n\t\t\t\t\t\t\t<div class=\"elementor-divider\">\n\t\t\t<span class=\"elementor-divider-separator\">\n\t\t\t\t\t\t<\/span>\n\t\t<\/div>\n\t\t\t\t\t\t<\/div>\n\t\t\t\t<\/div>\n\t\t\t\t<\/div>\n\t\t\t\t<\/div>","protected":false},"excerpt":{"rendered":"<p>Difficulty Levels Find the right trek for your experience and physical condition \u00a0 Our Rating System We classify our treks into five levels based on physical demand, maximum altitude, duration, and terrain conditions. Level Description For whom \u25cf\u25cb\u25cb\u25cb\u25cb Easy Anyone with normal health \u25cf\u25cf\u25cb\u25cb\u25cb Moderate Active people, no prior experience required \u25cf\u25cf\u25cf\u25cb\u25cb Moderate-High Good physical [&hellip;]<\/p>\n","protected":false},"author":1,"featured_media":0,"parent":1784,"menu_order":0,"comment_status":"closed","ping_status":"closed","template":"elementor_header_footer","meta":{"footnotes":""},"class_list":["post-1833","page","type-page","status-publish","hentry"],"_links":{"self":[{"href":"http:\/\/choquequirao-treks.com\/es\/wp-json\/wp\/v2\/pages\/1833","targetHints":{"allow":["GET"]}}],"collection":[{"href":"http:\/\/choquequirao-treks.com\/es\/wp-json\/wp\/v2\/pages"}],"about":[{"href":"http:\/\/choquequirao-treks.com\/es\/wp-json\/wp\/v2\/types\/page"}],"author":[{"embeddable":true,"href":"http:\/\/choquequirao-treks.com\/es\/wp-json\/wp\/v2\/users\/1"}],"replies":[{"embeddable":true,"href":"http:\/\/choquequirao-treks.com\/es\/wp-json\/wp\/v2\/comments?post=1833"}],"version-history":[{"count":7,"href":"http:\/\/choquequirao-treks.com\/es\/wp-json\/wp\/v2\/pages\/1833\/revisions"}],"predecessor-version":[{"id":1841,"href":"http:\/\/choquequirao-treks.com\/es\/wp-json\/wp\/v2\/pages\/1833\/revisions\/1841"}],"up":[{"embeddable":true,"href":"http:\/\/choquequirao-treks.com\/es\/wp-json\/wp\/v2\/pages\/1784"}],"wp:attachment":[{"href":"http:\/\/choquequirao-treks.com\/es\/wp-json\/wp\/v2\/media?parent=1833"}],"curies":[{"name":"wp","href":"https:\/\/api.w.org\/{rel}","templated":true}]}}