{"id":1175,"date":"2026-03-05T22:32:01","date_gmt":"2026-03-05T22:32:01","guid":{"rendered":"https:\/\/choquequirao-treks.com\/?page_id=1175"},"modified":"2026-03-09T20:54:47","modified_gmt":"2026-03-09T20:54:47","slug":"politique-dannulation","status":"publish","type":"page","link":"http:\/\/choquequirao-treks.com\/fr\/cancellation-policy\/","title":{"rendered":"Politique d&#039;annulation"},"content":{"rendered":"<div data-elementor-type=\"wp-page\" data-elementor-id=\"1175\" class=\"elementor elementor-1175\" data-elementor-post-type=\"page\">\n\t\t\t\t<div class=\"elementor-element elementor-element-cd94d2c e-con-full e-flex e-con e-parent\" data-id=\"cd94d2c\" data-element_type=\"container\" data-e-type=\"container\" data-settings=\"{&quot;background_background&quot;:&quot;classic&quot;}\">\n\t\t\t\t<div class=\"elementor-element elementor-element-d81153a elementor--h-position-center elementor--v-position-middle elementor-arrows-position-inside elementor-widget elementor-widget-slides\" data-id=\"d81153a\" data-element_type=\"widget\" data-e-type=\"widget\" data-settings=\"{&quot;navigation&quot;:&quot;arrows&quot;,&quot;autoplay&quot;:&quot;yes&quot;,&quot;autoplay_speed&quot;:5000,&quot;infinite&quot;:&quot;yes&quot;,&quot;transition&quot;:&quot;slide&quot;,&quot;transition_speed&quot;:500}\" data-widget_type=\"slides.default\">\n\t\t\t\t\t\t\t\t\t\t<div class=\"elementor-slides-wrapper elementor-main-swiper swiper\" role=\"region\" aria-roledescription=\"carousel\" aria-label=\"Diapositives\" dir=\"ltr\" data-animation=\"zoomIn\">\n\t\t\t\t<div class=\"swiper-wrapper elementor-slides\">\n\t\t\t\t\t\t\t\t\t\t<div class=\"elementor-repeater-item-61bcbca swiper-slide\" role=\"group\" aria-roledescription=\"slide\"><div class=\"swiper-slide-bg\" role=\"img\" aria-label=\"Chqoeuqwuirao3\"><\/div><div class=\"elementor-background-overlay\"><\/div><a class=\"swiper-slide-inner\" href=\"#\"><div class=\"swiper-slide-contents\"><div class=\"elementor-slide-heading\">Politique d&#039;annulation<\/div><\/div><\/a><\/div>\t\t\t\t<\/div>\n\t\t\t\t\t\t\t<\/div>\n\t\t\t\t\t\t\t\t<\/div>\n\t\t\t\t<\/div>\n\t\t<div class=\"elementor-element elementor-element-9d46e76 e-con-full e-flex e-con e-parent\" data-id=\"9d46e76\" data-element_type=\"container\" data-e-type=\"container\" data-settings=\"{&quot;background_background&quot;:&quot;classic&quot;}\">\n\t\t\t\t<div class=\"elementor-element elementor-element-0aa61de elementor-invisible elementor-widget elementor-widget-text-editor\" data-id=\"0aa61de\" data-element_type=\"widget\" data-e-type=\"widget\" data-settings=\"{&quot;_animation&quot;:&quot;fadeInUp&quot;}\" data-widget_type=\"text-editor.default\">\n\t\t\t\t\t\t\t\t\t<h1>Politique d&#039;annulation<\/h1>\t\t\t\t\t\t\t\t<\/div>\n\t\t\t\t<div class=\"elementor-element elementor-element-46bc8a6 elementor-invisible elementor-widget elementor-widget-text-editor\" data-id=\"46bc8a6\" data-element_type=\"widget\" data-e-type=\"widget\" data-settings=\"{&quot;_animation&quot;:&quot;fadeInUp&quot;}\" data-widget_type=\"text-editor.default\">\n\t\t\t\t\t\t\t\t\t<p>Cette politique d&#039;annulation d\u00e9crit les r\u00e8gles g\u00e9n\u00e9rales qui s&#039;appliquent lorsqu&#039;un client annule ou modifie une r\u00e9servation effectu\u00e9e aupr\u00e8s de Choquequirao Expeditions.<\/p><p>Certaines excursions (par exemple, les treks avec permis ou billets limit\u00e9s) peuvent \u00eatre soumises \u00e0 des conditions plus strictes, qui seront communiqu\u00e9es dans l&#039;itin\u00e9raire d\u00e9taill\u00e9 et la confirmation de r\u00e9servation.<\/p><p>\u00a0<\/p><ol><li><h4><span style=\"color: #ffffff;\"><strong> Annulations par le client<\/strong><\/span><\/h4><\/li><\/ol><p>Toute demande d&#039;annulation doit \u00eatre envoy\u00e9e par \u00e9crit (par courriel ou via le formulaire de contact) et ne sera effective qu&#039;apr\u00e8s confirmation \u00e9crite de la part de la soci\u00e9t\u00e9.<\/p><p>En r\u00e8gle g\u00e9n\u00e9rale, les acomptes vers\u00e9s pour obtenir les permis, les billets ou l&#039;h\u00e9bergement ne sont pas remboursables, car ces frais ne sont souvent pas remboursables de notre c\u00f4t\u00e9 aupr\u00e8s des prestataires locaux.<\/p><p>Le remboursement de toute partie du paiement total d\u00e9pendra du d\u00e9lai d&#039;annulation et des politiques de chaque prestataire de services concern\u00e9 (tels que les compagnies ferroviaires, les h\u00f4tels ou les compagnies de billetterie).<\/p><p>\u00a0<\/p><ol start=\"2\"><li><h4><span style=\"color: #ffffff;\"><strong> Modifications et reprogrammation<\/strong><\/span><\/h4><\/li><\/ol><p>Les demandes de modification des dates de voyage, des itin\u00e9raires ou des noms des passagers sont soumises \u00e0 disponibilit\u00e9, \u00e0 d&#039;\u00e9ventuels frais de modification et \u00e0 tous les co\u00fbts suppl\u00e9mentaires factur\u00e9s par les prestataires locaux.<\/p><p>Certains services, tels que certains permis d&#039;acc\u00e8s aux parcs nationaux ou certains billets de train, peuvent ne pas \u00eatre modifi\u00e9s une fois \u00e9mis, auquel cas de nouveaux services devront peut-\u00eatre \u00eatre achet\u00e9s aux frais du client.<\/p><p>\u00a0<\/p><ol start=\"3\"><li><h4><span style=\"color: #ffffff;\"><strong> Absence et arriv\u00e9e tardive<\/strong><\/span><\/h4><\/li><\/ol><p>Si un client ne se pr\u00e9sente pas au point et \u00e0 l&#039;heure de rendez-vous convenus le jour du d\u00e9part (absence non justifi\u00e9e), ou arrive trop tard pour rejoindre le groupe, le paiement n&#039;est g\u00e9n\u00e9ralement pas remboursable.<\/p><p>Dans de tels cas, la Soci\u00e9t\u00e9 n&#039;est pas tenue de fournir des services alternatifs ou de nouvelles dates, bien qu&#039;elle puisse offrir une assistance pour r\u00e9server \u00e0 nouveau moyennant des frais suppl\u00e9mentaires lorsque cela est possible.<\/p><p>\u00a0<\/p><ol start=\"4\"><li><h4><span style=\"color: #ffffff;\"><strong> Annulations ou modifications par l&#039;entreprise<\/strong><\/span><\/h4><\/li><\/ol><p>La soci\u00e9t\u00e9 se r\u00e9serve le droit d&#039;annuler ou de modifier une excursion en cas de circonstances in\u00e9vitables, telles que des gr\u00e8ves, des conditions m\u00e9t\u00e9orologiques extr\u00eames, des catastrophes naturelles, des d\u00e9cisions gouvernementales ou des probl\u00e8mes de s\u00e9curit\u00e9.<\/p><p>Dans ces situations, nous informerons les clients d\u00e8s que possible et leur proposerons d&#039;autres dates, des services similaires ou, le cas \u00e9ch\u00e9ant, un remboursement de la partie vers\u00e9e \u00e0 la Soci\u00e9t\u00e9 qui peut \u00eatre r\u00e9cup\u00e9r\u00e9e aupr\u00e8s des prestataires, conform\u00e9ment \u00e0 leurs propres politiques.<\/p><h4>\u00a0<\/h4><ol start=\"5\"><li><h4><span style=\"color: #ffffff;\"><strong> assurance voyage<\/strong><\/span><\/h4><\/li><\/ol><p>Compte tenu des conditions strictes qui peuvent s&#039;appliquer aux permis de trekking, aux billets de train et aux autres services \u00e0 Cusco et au Machu Picchu, nous recommandons vivement \u00e0 tous nos clients de souscrire une assurance voyage compl\u00e8te couvrant les annulations, les interruptions de voyage et les cas de force majeure.<\/p>\t\t\t\t\t\t\t\t<\/div>\n\t\t\t\t<\/div>\n\t\t<div class=\"elementor-element elementor-element-d52088c e-con-full e-flex e-con e-parent\" data-id=\"d52088c\" data-element_type=\"container\" data-e-type=\"container\" data-settings=\"{&quot;background_background&quot;:&quot;classic&quot;}\">\n\t\t\t\t<div class=\"elementor-element elementor-element-82d19ba elementor-widget-divider--view-line elementor-widget elementor-widget-divider\" data-id=\"82d19ba\" data-element_type=\"widget\" data-e-type=\"widget\" data-widget_type=\"divider.default\">\n\t\t\t\t\t\t\t<div class=\"elementor-divider\">\n\t\t\t<span class=\"elementor-divider-separator\">\n\t\t\t\t\t\t<\/span>\n\t\t<\/div>\n\t\t\t\t\t\t<\/div>\n\t\t\t\t<\/div>\n\t\t<div class=\"elementor-element elementor-element-a426caf e-con-full e-flex e-con e-parent\" data-id=\"a426caf\" data-element_type=\"container\" data-e-type=\"container\">\n\t\t\t\t<\/div>\n\t\t\t\t<\/div>","protected":false},"excerpt":{"rendered":"<p>Cancellation Policy Cancellation Policy This Cancellation Policy describes the general rules that apply when a client cancels or changes a booking made with Choquequirao Expeditions. Specific tours (for example, treks with limited permits or tickets) may be subject to stricter conditions, which will be communicated in the detailed itinerary and booking confirmation. \u00a0 Cancellations by [&hellip;]<\/p>\n","protected":false},"author":1,"featured_media":0,"parent":0,"menu_order":0,"comment_status":"closed","ping_status":"closed","template":"elementor_header_footer","meta":{"footnotes":""},"class_list":["post-1175","page","type-page","status-publish","hentry"],"_links":{"self":[{"href":"http:\/\/choquequirao-treks.com\/fr\/wp-json\/wp\/v2\/pages\/1175","targetHints":{"allow":["GET"]}}],"collection":[{"href":"http:\/\/choquequirao-treks.com\/fr\/wp-json\/wp\/v2\/pages"}],"about":[{"href":"http:\/\/choquequirao-treks.com\/fr\/wp-json\/wp\/v2\/types\/page"}],"author":[{"embeddable":true,"href":"http:\/\/choquequirao-treks.com\/fr\/wp-json\/wp\/v2\/users\/1"}],"replies":[{"embeddable":true,"href":"http:\/\/choquequirao-treks.com\/fr\/wp-json\/wp\/v2\/comments?post=1175"}],"version-history":[{"count":22,"href":"http:\/\/choquequirao-treks.com\/fr\/wp-json\/wp\/v2\/pages\/1175\/revisions"}],"predecessor-version":[{"id":1237,"href":"http:\/\/choquequirao-treks.com\/fr\/wp-json\/wp\/v2\/pages\/1175\/revisions\/1237"}],"wp:attachment":[{"href":"http:\/\/choquequirao-treks.com\/fr\/wp-json\/wp\/v2\/media?parent=1175"}],"curies":[{"name":"wp","href":"https:\/\/api.w.org\/{rel}","templated":true}]}}