{"id":1240,"date":"2026-03-06T17:19:03","date_gmt":"2026-03-06T17:19:03","guid":{"rendered":"https:\/\/choquequirao-treks.com\/?page_id=1240"},"modified":"2026-03-09T17:50:57","modified_gmt":"2026-03-09T17:50:57","slug":"expeditions","status":"publish","type":"page","link":"http:\/\/choquequirao-treks.com\/fr\/expeditions\/","title":{"rendered":"Exp\u00e9ditions"},"content":{"rendered":"<div data-elementor-type=\"wp-page\" data-elementor-id=\"1240\" class=\"elementor elementor-1240\" data-elementor-post-type=\"page\">\n\t\t\t\t<div class=\"elementor-element elementor-element-cd94d2c e-con-full e-flex e-con e-parent\" data-id=\"cd94d2c\" data-element_type=\"container\" data-e-type=\"container\" data-settings=\"{&quot;background_background&quot;:&quot;classic&quot;}\">\n\t\t\t\t<div class=\"elementor-element elementor-element-d81153a elementor--h-position-center elementor--v-position-middle elementor-arrows-position-inside elementor-widget elementor-widget-slides\" data-id=\"d81153a\" data-element_type=\"widget\" data-e-type=\"widget\" data-settings=\"{&quot;navigation&quot;:&quot;arrows&quot;,&quot;autoplay&quot;:&quot;yes&quot;,&quot;autoplay_speed&quot;:5000,&quot;infinite&quot;:&quot;yes&quot;,&quot;transition&quot;:&quot;slide&quot;,&quot;transition_speed&quot;:500}\" data-widget_type=\"slides.default\">\n\t\t\t\t\t\t\t\t\t\t<div class=\"elementor-slides-wrapper elementor-main-swiper swiper\" role=\"region\" aria-roledescription=\"carousel\" aria-label=\"Diapositives\" dir=\"ltr\" data-animation=\"zoomIn\">\n\t\t\t\t<div class=\"swiper-wrapper elementor-slides\">\n\t\t\t\t\t\t\t\t\t\t<div class=\"elementor-repeater-item-61bcbca swiper-slide\" role=\"group\" aria-roledescription=\"slide\"><div class=\"swiper-slide-bg elementor-ken-burns elementor-ken-burns--in\" role=\"img\" aria-label=\"Chqoeuqwuirao3\"><\/div><div class=\"elementor-background-overlay\"><\/div><a class=\"swiper-slide-inner\" href=\"#\"><div class=\"swiper-slide-contents\"><div class=\"elementor-slide-heading\">Exp\u00e9ditions<\/div><\/div><\/a><\/div>\t\t\t\t<\/div>\n\t\t\t\t\t\t\t<\/div>\n\t\t\t\t\t\t\t\t<\/div>\n\t\t\t\t<\/div>\n\t\t<div class=\"elementor-element elementor-element-9d46e76 e-con-full e-flex e-con e-parent\" data-id=\"9d46e76\" data-element_type=\"container\" data-e-type=\"container\" data-settings=\"{&quot;background_background&quot;:&quot;classic&quot;}\">\n\t\t\t\t<div class=\"elementor-element elementor-element-63e8bee elementor-invisible elementor-widget elementor-widget-text-editor\" data-id=\"63e8bee\" data-element_type=\"widget\" data-e-type=\"widget\" data-settings=\"{&quot;_animation&quot;:&quot;fadeInUp&quot;}\" data-widget_type=\"text-editor.default\">\n\t\t\t\t\t\t\t\t\t<h1>Exp\u00e9ditions<\/h1>\t\t\t\t\t\t\t\t<\/div>\n\t\t\t\t<div class=\"elementor-element elementor-element-46bc8a6 elementor-invisible elementor-widget elementor-widget-text-editor\" data-id=\"46bc8a6\" data-element_type=\"widget\" data-e-type=\"widget\" data-settings=\"{&quot;_animation&quot;:&quot;fadeInUp&quot;}\" data-widget_type=\"text-editor.default\">\n\t\t\t\t\t\t\t\t\t<p>D\u00e9couvrez nos s\u00e9jours de plusieurs jours soigneusement con\u00e7us.\u00a0<span style=\"color: #ffffff;\"><strong>exp\u00e9ditions<\/strong><\/span>, Con\u00e7ues pour vous faire d\u00e9couvrir les paysages incas les plus impressionnants, des sites arch\u00e9ologiques isol\u00e9s et une culture andine authentique, nos exp\u00e9ditions vous proposent des treks classiques ou des voyages immersifs au long cours. Chaque itin\u00e9raire combine des panoramas inoubliables, des guides locaux experts et des camps confortables pour vous garantir une aventure enrichissante \u00e0 votre rythme. Que vous recherchiez une courte randonn\u00e9e, une travers\u00e9e plus longue, une exp\u00e9rience de glamping de luxe ou la combinaison parfaite de Choquequirao et du Machu Picchu, nos exp\u00e9ditions sont le moyen id\u00e9al d&#039;explorer le c\u0153ur des Andes p\u00e9ruviennes.<\/p>\t\t\t\t\t\t\t\t<\/div>\n\t\t\t\t<\/div>\n\t\t<div class=\"elementor-element elementor-element-d52088c e-con-full e-flex e-con e-parent\" data-id=\"d52088c\" data-element_type=\"container\" data-e-type=\"container\" data-settings=\"{&quot;background_background&quot;:&quot;classic&quot;}\">\n\t\t<div class=\"elementor-element elementor-element-18baa8c e-con-full e-flex e-con e-child\" data-id=\"18baa8c\" data-element_type=\"container\" data-e-type=\"container\" data-settings=\"{&quot;background_background&quot;:&quot;classic&quot;}\">\n\t\t<a class=\"elementor-element elementor-element-33372a9 e-con-full e-flex elementor-invisible e-con e-child\" data-id=\"33372a9\" data-element_type=\"container\" data-e-type=\"container\" data-settings=\"{&quot;animation&quot;:&quot;fadeInLeft&quot;}\" href=\"http:\/\/choquequirao-treks.com\/fr\/expeditions\/classic-trek-4-days-3-nights\/\">\n\t\t\t\t<div class=\"elementor-element elementor-element-314b878 elementor-widget elementor-widget-image\" data-id=\"314b878\" data-element_type=\"widget\" data-e-type=\"widget\" data-widget_type=\"image.default\">\n\t\t\t\t\t\t\t\t\t\t\t\t\t\t\t<img fetchpriority=\"high\" decoding=\"async\" width=\"1162\" height=\"800\" src=\"http:\/\/choquequirao-treks.com\/wp-content\/uploads\/2026\/03\/001-Choquequirao-tour.jpg\" class=\"elementor-animation-grow attachment-full size-full wp-image-1034\" alt=\"001 Circuit Choquequirao\" srcset=\"http:\/\/choquequirao-treks.com\/wp-content\/uploads\/2026\/03\/001-Choquequirao-tour.jpg 1162w, http:\/\/choquequirao-treks.com\/wp-content\/uploads\/2026\/03\/001-Choquequirao-tour-300x207.jpg 300w, http:\/\/choquequirao-treks.com\/wp-content\/uploads\/2026\/03\/001-Choquequirao-tour-1024x705.jpg 1024w, http:\/\/choquequirao-treks.com\/wp-content\/uploads\/2026\/03\/001-Choquequirao-tour-768x529.jpg 768w, http:\/\/choquequirao-treks.com\/wp-content\/uploads\/2026\/03\/001-Choquequirao-tour-18x12.jpg 18w\" sizes=\"(max-width: 1162px) 100vw, 1162px\" \/>\t\t\t\t\t\t\t\t\t\t\t\t\t\t\t<\/div>\n\t\t\t\t<div class=\"elementor-element elementor-element-34f9c25 elementor-widget elementor-widget-heading\" data-id=\"34f9c25\" data-element_type=\"widget\" data-e-type=\"widget\" data-widget_type=\"heading.default\">\n\t\t\t\t\t<h2 class=\"elementor-heading-title elementor-size-default\">Trek classique 4J\/3N<\/h2>\t\t\t\t<\/div>\n\t\t\t\t<div class=\"elementor-element elementor-element-cbf62f0 elementor-widget elementor-widget-text-editor\" data-id=\"cbf62f0\" data-element_type=\"widget\" data-e-type=\"widget\" data-widget_type=\"text-editor.default\">\n\t\t\t\t\t\t\t\t\t<p>Une aventure de quatre jours \u00e0 travers de magnifiques paysages, une introduction id\u00e9ale \u00e0 la randonn\u00e9e andine, \u00e0 la culture et \u00e0 l&#039;histoire inca.<\/p>\t\t\t\t\t\t\t\t<\/div>\n\t\t\t\t<\/a>\n\t\t<a class=\"elementor-element elementor-element-c842db2 e-con-full e-flex elementor-invisible e-con e-child\" data-id=\"c842db2\" data-element_type=\"container\" data-e-type=\"container\" data-settings=\"{&quot;animation&quot;:&quot;fadeInUp&quot;}\" href=\"http:\/\/choquequirao-treks.com\/fr\/expeditions\/the-great-inca-traverse-6-days-5-nights\/\">\n\t\t\t\t<div class=\"elementor-element elementor-element-785147c elementor-widget elementor-widget-image\" data-id=\"785147c\" data-element_type=\"widget\" data-e-type=\"widget\" data-widget_type=\"image.default\">\n\t\t\t\t\t\t\t\t\t\t\t\t\t\t\t<img decoding=\"async\" width=\"800\" height=\"551\" src=\"http:\/\/choquequirao-treks.com\/wp-content\/uploads\/2026\/03\/005-Choquequirao-tour-1024x705.jpg\" class=\"elementor-animation-grow attachment-large size-large wp-image-1040\" alt=\"005 Circuit Choquequirao\" srcset=\"http:\/\/choquequirao-treks.com\/wp-content\/uploads\/2026\/03\/005-Choquequirao-tour-1024x705.jpg 1024w, http:\/\/choquequirao-treks.com\/wp-content\/uploads\/2026\/03\/005-Choquequirao-tour-300x207.jpg 300w, http:\/\/choquequirao-treks.com\/wp-content\/uploads\/2026\/03\/005-Choquequirao-tour-768x529.jpg 768w, http:\/\/choquequirao-treks.com\/wp-content\/uploads\/2026\/03\/005-Choquequirao-tour-18x12.jpg 18w, http:\/\/choquequirao-treks.com\/wp-content\/uploads\/2026\/03\/005-Choquequirao-tour.jpg 1162w\" sizes=\"(max-width: 800px) 100vw, 800px\" \/>\t\t\t\t\t\t\t\t\t\t\t\t\t\t\t<\/div>\n\t\t\t\t<div class=\"elementor-element elementor-element-3b3bd59 elementor-widget elementor-widget-heading\" data-id=\"3b3bd59\" data-element_type=\"widget\" data-e-type=\"widget\" data-widget_type=\"heading.default\">\n\t\t\t\t\t<h2 class=\"elementor-heading-title elementor-size-default\">La Grande Travers\u00e9e Inca 6J\/5N<\/h2>\t\t\t\t<\/div>\n\t\t\t\t<div class=\"elementor-element elementor-element-e8505f3 elementor-widget elementor-widget-text-editor\" data-id=\"e8505f3\" data-element_type=\"widget\" data-e-type=\"widget\" data-widget_type=\"text-editor.default\">\n\t\t\t\t\t\t\t\t\t<p>Suivez les anciens sentiers incas \u00e0 travers des paysages andins vari\u00e9s, reliant des vall\u00e9es recul\u00e9es, des villages et des ruines cach\u00e9es.<\/p>\t\t\t\t\t\t\t\t<\/div>\n\t\t\t\t<\/a>\n\t\t<a class=\"elementor-element elementor-element-7c43d2a e-con-full e-flex elementor-invisible e-con e-child\" data-id=\"7c43d2a\" data-element_type=\"container\" data-e-type=\"container\" data-settings=\"{&quot;animation&quot;:&quot;fadeInRight&quot;}\" href=\"http:\/\/choquequirao-treks.com\/fr\/expeditions\/the-two-wonders-7-days-6-nights\/\">\n\t\t\t\t<div class=\"elementor-element elementor-element-eb71af4 elementor-widget elementor-widget-image\" data-id=\"eb71af4\" data-element_type=\"widget\" data-e-type=\"widget\" data-widget_type=\"image.default\">\n\t\t\t\t\t\t\t\t\t\t\t\t\t\t\t<img decoding=\"async\" width=\"800\" height=\"551\" src=\"http:\/\/choquequirao-treks.com\/wp-content\/uploads\/2026\/03\/003-Choquequirao-tour-1024x705.jpg\" class=\"elementor-animation-grow attachment-large size-large wp-image-1036\" alt=\"003 Circuit Choquequirao\" srcset=\"http:\/\/choquequirao-treks.com\/wp-content\/uploads\/2026\/03\/003-Choquequirao-tour-1024x705.jpg 1024w, http:\/\/choquequirao-treks.com\/wp-content\/uploads\/2026\/03\/003-Choquequirao-tour-300x207.jpg 300w, http:\/\/choquequirao-treks.com\/wp-content\/uploads\/2026\/03\/003-Choquequirao-tour-768x529.jpg 768w, http:\/\/choquequirao-treks.com\/wp-content\/uploads\/2026\/03\/003-Choquequirao-tour-18x12.jpg 18w, http:\/\/choquequirao-treks.com\/wp-content\/uploads\/2026\/03\/003-Choquequirao-tour.jpg 1162w\" sizes=\"(max-width: 800px) 100vw, 800px\" \/>\t\t\t\t\t\t\t\t\t\t\t\t\t\t\t<\/div>\n\t\t\t\t<div class=\"elementor-element elementor-element-3ef1f70 elementor-widget elementor-widget-heading\" data-id=\"3ef1f70\" data-element_type=\"widget\" data-e-type=\"widget\" data-widget_type=\"heading.default\">\n\t\t\t\t\t<h2 class=\"elementor-heading-title elementor-size-default\">Les Deux Merveilles 7J\/6N<\/h2>\t\t\t\t<\/div>\n\t\t\t\t<div class=\"elementor-element elementor-element-aa9bd71 elementor-widget elementor-widget-text-editor\" data-id=\"aa9bd71\" data-element_type=\"widget\" data-e-type=\"widget\" data-widget_type=\"text-editor.default\">\n\t\t\t\t\t\t\t\t\t<p>Reliez deux citadelles incas embl\u00e9matiques en un seul voyage, alliant randonn\u00e9es \u00e0 couper le souffle et d\u00e9couverte culturelle profonde.<\/p>\t\t\t\t\t\t\t\t<\/div>\n\t\t\t\t<\/a>\n\t\t<a class=\"elementor-element elementor-element-e0d0189 e-con-full e-flex elementor-invisible e-con e-child\" data-id=\"e0d0189\" data-element_type=\"container\" data-e-type=\"container\" data-settings=\"{&quot;animation&quot;:&quot;fadeInLeft&quot;}\" href=\"http:\/\/choquequirao-treks.com\/fr\/expeditions\/choquequirao-machu-picchu-8-days-7-nights\/\">\n\t\t\t\t<div class=\"elementor-element elementor-element-c388e35 elementor-widget elementor-widget-image\" data-id=\"c388e35\" data-element_type=\"widget\" data-e-type=\"widget\" data-widget_type=\"image.default\">\n\t\t\t\t\t\t\t\t\t\t\t\t\t\t\t<img loading=\"lazy\" decoding=\"async\" width=\"800\" height=\"551\" src=\"http:\/\/choquequirao-treks.com\/wp-content\/uploads\/2026\/03\/002-Choquequirao-tour-1024x705.jpg\" class=\"elementor-animation-grow attachment-large size-large wp-image-1035\" alt=\"002 Circuit Choquequirao\" srcset=\"http:\/\/choquequirao-treks.com\/wp-content\/uploads\/2026\/03\/002-Choquequirao-tour-1024x705.jpg 1024w, http:\/\/choquequirao-treks.com\/wp-content\/uploads\/2026\/03\/002-Choquequirao-tour-300x207.jpg 300w, http:\/\/choquequirao-treks.com\/wp-content\/uploads\/2026\/03\/002-Choquequirao-tour-768x529.jpg 768w, http:\/\/choquequirao-treks.com\/wp-content\/uploads\/2026\/03\/002-Choquequirao-tour-18x12.jpg 18w, http:\/\/choquequirao-treks.com\/wp-content\/uploads\/2026\/03\/002-Choquequirao-tour.jpg 1162w\" sizes=\"(max-width: 800px) 100vw, 800px\" \/>\t\t\t\t\t\t\t\t\t\t\t\t\t\t\t<\/div>\n\t\t\t\t<div class=\"elementor-element elementor-element-2f3a152 elementor-widget elementor-widget-heading\" data-id=\"2f3a152\" data-element_type=\"widget\" data-e-type=\"widget\" data-widget_type=\"heading.default\">\n\t\t\t\t\t<h2 class=\"elementor-heading-title elementor-size-default\">Choquequirao + Machu Picchu 8J\/7N<\/h2>\t\t\t\t<\/div>\n\t\t\t\t<div class=\"elementor-element elementor-element-9a5926f elementor-widget elementor-widget-text-editor\" data-id=\"9a5926f\" data-element_type=\"widget\" data-e-type=\"widget\" data-widget_type=\"text-editor.default\">\n\t\t\t\t\t\t\t\t\t<p>Explorez la solitude de Choquequirao, puis poursuivez votre route vers le l\u00e9gendaire Machu Picchu lors d&#039;une exp\u00e9dition exigeante mais inoubliable.<\/p>\t\t\t\t\t\t\t\t<\/div>\n\t\t\t\t<\/a>\n\t\t<a class=\"elementor-element elementor-element-f89a16e e-con-full e-flex elementor-invisible e-con e-child\" data-id=\"f89a16e\" data-element_type=\"container\" data-e-type=\"container\" data-settings=\"{&quot;animation&quot;:&quot;fadeInUp&quot;}\" href=\"http:\/\/choquequirao-treks.com\/fr\/expeditions\/the-inca-trilogy-10-days-9-nights\/\">\n\t\t\t\t<div class=\"elementor-element elementor-element-55cddcb elementor-widget elementor-widget-image\" data-id=\"55cddcb\" data-element_type=\"widget\" data-e-type=\"widget\" data-widget_type=\"image.default\">\n\t\t\t\t\t\t\t\t\t\t\t\t\t\t\t<img loading=\"lazy\" decoding=\"async\" width=\"800\" height=\"551\" src=\"http:\/\/choquequirao-treks.com\/wp-content\/uploads\/2026\/03\/006-Choquequirao-tour-1024x705.jpg\" class=\"elementor-animation-grow attachment-large size-large wp-image-1045\" alt=\"006 Circuit Choquequirao\" srcset=\"http:\/\/choquequirao-treks.com\/wp-content\/uploads\/2026\/03\/006-Choquequirao-tour-1024x705.jpg 1024w, http:\/\/choquequirao-treks.com\/wp-content\/uploads\/2026\/03\/006-Choquequirao-tour-300x207.jpg 300w, http:\/\/choquequirao-treks.com\/wp-content\/uploads\/2026\/03\/006-Choquequirao-tour-768x529.jpg 768w, http:\/\/choquequirao-treks.com\/wp-content\/uploads\/2026\/03\/006-Choquequirao-tour-18x12.jpg 18w, http:\/\/choquequirao-treks.com\/wp-content\/uploads\/2026\/03\/006-Choquequirao-tour.jpg 1162w\" sizes=\"(max-width: 800px) 100vw, 800px\" \/>\t\t\t\t\t\t\t\t\t\t\t\t\t\t\t<\/div>\n\t\t\t\t<div class=\"elementor-element elementor-element-9186b08 elementor-widget elementor-widget-heading\" data-id=\"9186b08\" data-element_type=\"widget\" data-e-type=\"widget\" data-widget_type=\"heading.default\">\n\t\t\t\t\t<h2 class=\"elementor-heading-title elementor-size-default\">La Trilogie Inca 10J\/9N<\/h2>\t\t\t\t<\/div>\n\t\t\t\t<div class=\"elementor-element elementor-element-df33bf4 elementor-widget elementor-widget-text-editor\" data-id=\"df33bf4\" data-element_type=\"widget\" data-e-type=\"widget\" data-widget_type=\"text-editor.default\">\n\t\t\t\t\t\t\t\t\t<p>Une exp\u00e9rience andine compl\u00e8te reliant trois sites incas majeurs, des \u00e9cosyst\u00e8mes vari\u00e9s et d&#039;authentiques communaut\u00e9s montagnardes.<\/p>\t\t\t\t\t\t\t\t<\/div>\n\t\t\t\t<\/a>\n\t\t<a class=\"elementor-element elementor-element-46be804 e-con-full e-flex elementor-invisible e-con e-child\" data-id=\"46be804\" data-element_type=\"container\" data-e-type=\"container\" data-settings=\"{&quot;animation&quot;:&quot;fadeInRight&quot;}\" href=\"http:\/\/choquequirao-treks.com\/fr\/expeditions\/choquequirao-vilcabamba-8-days-7-nights\/\">\n\t\t\t\t<div class=\"elementor-element elementor-element-2feac0f elementor-widget elementor-widget-image\" data-id=\"2feac0f\" data-element_type=\"widget\" data-e-type=\"widget\" data-widget_type=\"image.default\">\n\t\t\t\t\t\t\t\t\t\t\t\t\t\t\t<img loading=\"lazy\" decoding=\"async\" width=\"800\" height=\"551\" src=\"http:\/\/choquequirao-treks.com\/wp-content\/uploads\/2026\/03\/004-Choquequirao-tour-1024x705.jpg\" class=\"elementor-animation-grow attachment-large size-large wp-image-1041\" alt=\"004 Circuit Choquequirao\" srcset=\"http:\/\/choquequirao-treks.com\/wp-content\/uploads\/2026\/03\/004-Choquequirao-tour-1024x705.jpg 1024w, http:\/\/choquequirao-treks.com\/wp-content\/uploads\/2026\/03\/004-Choquequirao-tour-300x207.jpg 300w, http:\/\/choquequirao-treks.com\/wp-content\/uploads\/2026\/03\/004-Choquequirao-tour-768x529.jpg 768w, http:\/\/choquequirao-treks.com\/wp-content\/uploads\/2026\/03\/004-Choquequirao-tour-18x12.jpg 18w, http:\/\/choquequirao-treks.com\/wp-content\/uploads\/2026\/03\/004-Choquequirao-tour.jpg 1162w\" sizes=\"(max-width: 800px) 100vw, 800px\" \/>\t\t\t\t\t\t\t\t\t\t\t\t\t\t\t<\/div>\n\t\t\t\t<div class=\"elementor-element elementor-element-a2310a1 elementor-widget elementor-widget-heading\" data-id=\"a2310a1\" data-element_type=\"widget\" data-e-type=\"widget\" data-widget_type=\"heading.default\">\n\t\t\t\t\t<h2 class=\"elementor-heading-title elementor-size-default\">Choquequirao + Vilcabamba 8J\/7N<\/h2>\t\t\t\t<\/div>\n\t\t\t\t<div class=\"elementor-element elementor-element-f8b1e15 elementor-widget elementor-widget-text-editor\" data-id=\"f8b1e15\" data-element_type=\"widget\" data-e-type=\"widget\" data-widget_type=\"text-editor.default\">\n\t\t\t\t\t\t\t\t\t<p>Profitez d&#039;un confort haut de gamme, d&#039;une cuisine gastronomique et de vues imprenables sur les montagnes tout en parcourant avec style les sentiers incas isol\u00e9s.<\/p>\t\t\t\t\t\t\t\t<\/div>\n\t\t\t\t<\/a>\n\t\t<a class=\"elementor-element elementor-element-df378aa e-con-full e-flex elementor-invisible e-con e-child\" data-id=\"df378aa\" data-element_type=\"container\" data-e-type=\"container\" data-settings=\"{&quot;animation&quot;:&quot;fadeInUp&quot;}\" href=\"http:\/\/choquequirao-treks.com\/fr\/expeditions\/departure-calendar\/\">\n\t\t\t\t<div class=\"elementor-element elementor-element-dc829ca elementor-widget elementor-widget-image\" data-id=\"dc829ca\" data-element_type=\"widget\" data-e-type=\"widget\" data-widget_type=\"image.default\">\n\t\t\t\t\t\t\t\t\t\t\t\t\t\t\t<img loading=\"lazy\" decoding=\"async\" width=\"800\" height=\"551\" src=\"http:\/\/choquequirao-treks.com\/wp-content\/uploads\/2026\/03\/007-Choquequirao-tour-1024x705.jpg\" class=\"elementor-animation-grow attachment-large size-large wp-image-1268\" alt=\"\" srcset=\"http:\/\/choquequirao-treks.com\/wp-content\/uploads\/2026\/03\/007-Choquequirao-tour-1024x705.jpg 1024w, http:\/\/choquequirao-treks.com\/wp-content\/uploads\/2026\/03\/007-Choquequirao-tour-300x207.jpg 300w, http:\/\/choquequirao-treks.com\/wp-content\/uploads\/2026\/03\/007-Choquequirao-tour-768x529.jpg 768w, http:\/\/choquequirao-treks.com\/wp-content\/uploads\/2026\/03\/007-Choquequirao-tour-18x12.jpg 18w, http:\/\/choquequirao-treks.com\/wp-content\/uploads\/2026\/03\/007-Choquequirao-tour.jpg 1162w\" sizes=\"(max-width: 800px) 100vw, 800px\" \/>\t\t\t\t\t\t\t\t\t\t\t\t\t\t\t<\/div>\n\t\t\t\t<div class=\"elementor-element elementor-element-6491ea6 elementor-widget elementor-widget-heading\" data-id=\"6491ea6\" data-element_type=\"widget\" data-e-type=\"widget\" data-widget_type=\"heading.default\">\n\t\t\t\t\t<h2 class=\"elementor-heading-title elementor-size-default\">Calendrier des d\u00e9parts<\/h2>\t\t\t\t<\/div>\n\t\t\t\t<div class=\"elementor-element elementor-element-38d59a6 elementor-widget elementor-widget-text-editor\" data-id=\"38d59a6\" data-element_type=\"widget\" data-e-type=\"widget\" data-widget_type=\"text-editor.default\">\n\t\t\t\t\t\t\t\t\t<p>Consultez notre calendrier de d\u00e9parts mis \u00e0 jour pour trouver des dates de groupe garanties et planifier facilement votre exp\u00e9dition.<\/p>\t\t\t\t\t\t\t\t<\/div>\n\t\t\t\t<\/a>\n\t\t\t\t<\/div>\n\t\t\t\t<\/div>\n\t\t\t\t<\/div>","protected":false},"excerpt":{"rendered":"<p>Expeditions Expeditions Discover our carefully crafted multi-day\u00a0expeditions, designed to connect you with the most impressive Inca landscapes, remote archaeological sites, and authentic Andean culture. From classic treks to immersive long-distance journeys, each itinerary combines unforgettable scenery, expert local guides, and comfortable camps to ensure a rewarding adventure at your own pace. Whether you are seeking [&hellip;]<\/p>\n","protected":false},"author":1,"featured_media":0,"parent":0,"menu_order":0,"comment_status":"closed","ping_status":"closed","template":"elementor_header_footer","meta":{"footnotes":""},"class_list":["post-1240","page","type-page","status-publish","hentry"],"_links":{"self":[{"href":"http:\/\/choquequirao-treks.com\/fr\/wp-json\/wp\/v2\/pages\/1240","targetHints":{"allow":["GET"]}}],"collection":[{"href":"http:\/\/choquequirao-treks.com\/fr\/wp-json\/wp\/v2\/pages"}],"about":[{"href":"http:\/\/choquequirao-treks.com\/fr\/wp-json\/wp\/v2\/types\/page"}],"author":[{"embeddable":true,"href":"http:\/\/choquequirao-treks.com\/fr\/wp-json\/wp\/v2\/users\/1"}],"replies":[{"embeddable":true,"href":"http:\/\/choquequirao-treks.com\/fr\/wp-json\/wp\/v2\/comments?post=1240"}],"version-history":[{"count":37,"href":"http:\/\/choquequirao-treks.com\/fr\/wp-json\/wp\/v2\/pages\/1240\/revisions"}],"predecessor-version":[{"id":2138,"href":"http:\/\/choquequirao-treks.com\/fr\/wp-json\/wp\/v2\/pages\/1240\/revisions\/2138"}],"wp:attachment":[{"href":"http:\/\/choquequirao-treks.com\/fr\/wp-json\/wp\/v2\/media?parent=1240"}],"curies":[{"name":"wp","href":"https:\/\/api.w.org\/{rel}","templated":true}]}}