{"id":1750,"date":"2026-03-09T05:07:42","date_gmt":"2026-03-09T05:07:42","guid":{"rendered":"https:\/\/choquequirao-treks.com\/?page_id=1750"},"modified":"2026-03-09T17:44:03","modified_gmt":"2026-03-09T17:44:03","slug":"destinations","status":"publish","type":"page","link":"http:\/\/choquequirao-treks.com\/fr\/destinations\/","title":{"rendered":"Destinations"},"content":{"rendered":"<div data-elementor-type=\"wp-page\" data-elementor-id=\"1750\" class=\"elementor elementor-1750\" data-elementor-post-type=\"page\">\n\t\t\t\t<div class=\"elementor-element elementor-element-cd94d2c e-con-full e-flex e-con e-parent\" data-id=\"cd94d2c\" data-element_type=\"container\" data-e-type=\"container\" data-settings=\"{&quot;background_background&quot;:&quot;classic&quot;}\">\n\t\t\t\t<div class=\"elementor-element elementor-element-d81153a elementor--h-position-center elementor--v-position-middle elementor-arrows-position-inside elementor-widget elementor-widget-slides\" data-id=\"d81153a\" data-element_type=\"widget\" data-e-type=\"widget\" data-settings=\"{&quot;navigation&quot;:&quot;arrows&quot;,&quot;autoplay&quot;:&quot;yes&quot;,&quot;autoplay_speed&quot;:5000,&quot;infinite&quot;:&quot;yes&quot;,&quot;transition&quot;:&quot;slide&quot;,&quot;transition_speed&quot;:500}\" data-widget_type=\"slides.default\">\n\t\t\t\t\t\t\t\t\t\t<div class=\"elementor-slides-wrapper elementor-main-swiper swiper\" role=\"region\" aria-roledescription=\"carousel\" aria-label=\"Diapositives\" dir=\"ltr\" data-animation=\"zoomIn\">\n\t\t\t\t<div class=\"swiper-wrapper elementor-slides\">\n\t\t\t\t\t\t\t\t\t\t<div class=\"elementor-repeater-item-61bcbca swiper-slide\" role=\"group\" aria-roledescription=\"slide\"><div class=\"swiper-slide-bg elementor-ken-burns elementor-ken-burns--in\" role=\"img\" aria-label=\"Chqoeuqwuirao3\"><\/div><div class=\"elementor-background-overlay\"><\/div><a class=\"swiper-slide-inner\" href=\"#\"><div class=\"swiper-slide-contents\"><div class=\"elementor-slide-heading\">Destinations<\/div><\/div><\/a><\/div>\t\t\t\t<\/div>\n\t\t\t\t\t\t\t<\/div>\n\t\t\t\t\t\t\t\t<\/div>\n\t\t\t\t<\/div>\n\t\t<div class=\"elementor-element elementor-element-9d46e76 e-con-full e-flex e-con e-parent\" data-id=\"9d46e76\" data-element_type=\"container\" data-e-type=\"container\" data-settings=\"{&quot;background_background&quot;:&quot;classic&quot;}\">\n\t\t\t\t<div class=\"elementor-element elementor-element-63e8bee elementor-invisible elementor-widget elementor-widget-text-editor\" data-id=\"63e8bee\" data-element_type=\"widget\" data-e-type=\"widget\" data-settings=\"{&quot;_animation&quot;:&quot;fadeInUp&quot;}\" data-widget_type=\"text-editor.default\">\n\t\t\t\t\t\t\t\t\t<h1 data-path-to-node=\"3\"><span style=\"color: #ffffff;\">D\u00e9couvrez les derniers bastions des Incas<\/span><\/h1>\t\t\t\t\t\t\t\t<\/div>\n\t\t\t\t<div class=\"elementor-element elementor-element-46bc8a6 elementor-invisible elementor-widget elementor-widget-text-editor\" data-id=\"46bc8a6\" data-element_type=\"widget\" data-e-type=\"widget\" data-settings=\"{&quot;_animation&quot;:&quot;fadeInUp&quot;}\" data-widget_type=\"text-editor.default\">\n\t\t\t\t\t\t\t\t\t<p data-path-to-node=\"4\">Embarquez pour un voyage \u00e0 travers l&#039;histoire et les paysages de haute altitude. <strong><span style=\"color: #ffffff;\">Choquequirao Expeditions<\/span><\/strong>, Nous nous sp\u00e9cialisons dans les deux destinations les plus l\u00e9gendaires \u2013 et pourtant les moins explor\u00e9es \u2013 des Andes p\u00e9ruviennes.<\/p><h4 data-path-to-node=\"5\"><span style=\"color: #ffffff;\">Choquequirao : La s\u0153ur sacr\u00e9e<\/span><\/h4><p data-path-to-node=\"6\">Souvent surnomm\u00e9e la \u201c ville s\u0153ur \u201d du Machu Picchu, <b data-path-to-node=\"6\" data-index-in-node=\"48\">Choquequirao<\/b> Il s&#039;agit d&#039;une imposante citadelle inca perch\u00e9e au-dessus du canyon d&#039;Apur\u00edmac. Accessible uniquement \u00e0 pied, ce joyau arch\u00e9ologique offre une exp\u00e9rience authentique et brute, l\u00e0 o\u00f9 les nuages rencontrent la pierre mill\u00e9naire. C&#039;est une destination id\u00e9ale pour ceux qui recherchent la solitude, la grandeur et un lien profond avec le pass\u00e9.<\/p><h4 data-path-to-node=\"7\"><span style=\"color: #ffffff;\">Vilcabamba : la ville perdue<\/span><\/h4><p data-path-to-node=\"8\">Au c\u0153ur de la jungle luxuriante des hauts plateaux se trouve <b data-path-to-node=\"8\" data-index-in-node=\"55\">Vilcabamba<\/b>, Dernier refuge de l&#039;Empire inca, Vilcabamba, surnomm\u00e9e la \u201c\u00a0Cit\u00e9 perdue\u00a0\u201d, fut le th\u00e9\u00e2tre de la r\u00e9sistance ultime des Incas face \u00e0 la conqu\u00eate espagnole. Un trek jusqu&#039;\u00e0 Vilcabamba est bien plus qu&#039;une simple randonn\u00e9e\u00a0: c&#039;est une exp\u00e9dition au c\u0153ur de la r\u00e9sistance et du myst\u00e8re, au milieu d&#039;une nature sauvage et d&#039;histoires in\u00e9dites.<\/p>\t\t\t\t\t\t\t\t<\/div>\n\t\t\t\t<\/div>\n\t\t<div class=\"elementor-element elementor-element-d52088c e-con-full e-flex e-con e-parent\" data-id=\"d52088c\" data-element_type=\"container\" data-e-type=\"container\" data-settings=\"{&quot;background_background&quot;:&quot;classic&quot;}\">\n\t\t<div class=\"elementor-element elementor-element-18baa8c e-con-full e-flex e-con e-child\" data-id=\"18baa8c\" data-element_type=\"container\" data-e-type=\"container\" data-settings=\"{&quot;background_background&quot;:&quot;classic&quot;}\">\n\t\t<a class=\"elementor-element elementor-element-33372a9 e-con-full e-flex elementor-invisible e-con e-child\" data-id=\"33372a9\" data-element_type=\"container\" data-e-type=\"container\" data-settings=\"{&quot;animation&quot;:&quot;fadeInLeft&quot;}\" href=\"http:\/\/choquequirao-treks.com\/fr\/destinations\/choquequirao\/\">\n\t\t\t\t<div class=\"elementor-element elementor-element-314b878 elementor-widget elementor-widget-image\" data-id=\"314b878\" data-element_type=\"widget\" data-e-type=\"widget\" data-widget_type=\"image.default\">\n\t\t\t\t\t\t\t\t\t\t\t\t\t\t\t<img fetchpriority=\"high\" decoding=\"async\" width=\"1800\" height=\"1600\" src=\"http:\/\/choquequirao-treks.com\/wp-content\/uploads\/2026\/03\/choquequirao007.jpg\" class=\"elementor-animation-grow attachment-full size-full wp-image-1767\" alt=\"\" srcset=\"http:\/\/choquequirao-treks.com\/wp-content\/uploads\/2026\/03\/choquequirao007.jpg 1800w, http:\/\/choquequirao-treks.com\/wp-content\/uploads\/2026\/03\/choquequirao007-300x267.jpg 300w, http:\/\/choquequirao-treks.com\/wp-content\/uploads\/2026\/03\/choquequirao007-1024x910.jpg 1024w, http:\/\/choquequirao-treks.com\/wp-content\/uploads\/2026\/03\/choquequirao007-768x683.jpg 768w, http:\/\/choquequirao-treks.com\/wp-content\/uploads\/2026\/03\/choquequirao007-1536x1365.jpg 1536w, http:\/\/choquequirao-treks.com\/wp-content\/uploads\/2026\/03\/choquequirao007-14x12.jpg 14w\" sizes=\"(max-width: 1800px) 100vw, 1800px\" \/>\t\t\t\t\t\t\t\t\t\t\t\t\t\t\t<\/div>\n\t\t\t\t<div class=\"elementor-element elementor-element-34f9c25 elementor-widget elementor-widget-heading\" data-id=\"34f9c25\" data-element_type=\"widget\" data-e-type=\"widget\" data-widget_type=\"heading.default\">\n\t\t\t\t\t<h2 class=\"elementor-heading-title elementor-size-default\">Choquequirao<\/h2>\t\t\t\t<\/div>\n\t\t\t\t<div class=\"elementor-element elementor-element-cbf62f0 elementor-widget elementor-widget-text-editor\" data-id=\"cbf62f0\" data-element_type=\"widget\" data-e-type=\"widget\" data-widget_type=\"text-editor.default\">\n\t\t\t\t\t\t\t\t\t<p>Choquequirao est une citadelle inca isol\u00e9e, perch\u00e9e au-dessus du canyon d&#039;Apurimac, souvent surnomm\u00e9e la \u201c ville jumelle \u201d du Machu Picchu. Ce trek exigeant de plusieurs jours vous r\u00e9compense par des paysages andins spectaculaires, des sentiers tranquilles et de vastes terrasses et places encore envelopp\u00e9es par la for\u00eat de nuages.<\/p>\t\t\t\t\t\t\t\t<\/div>\n\t\t\t\t<\/a>\n\t\t<a class=\"elementor-element elementor-element-c842db2 e-con-full e-flex elementor-invisible e-con e-child\" data-id=\"c842db2\" data-element_type=\"container\" data-e-type=\"container\" data-settings=\"{&quot;animation&quot;:&quot;fadeInUp&quot;}\" href=\"http:\/\/choquequirao-treks.com\/fr\/destinations\/vilcabamba\/\">\n\t\t\t\t<div class=\"elementor-element elementor-element-785147c elementor-widget elementor-widget-image\" data-id=\"785147c\" data-element_type=\"widget\" data-e-type=\"widget\" data-widget_type=\"image.default\">\n\t\t\t\t\t\t\t\t\t\t\t\t\t\t\t<img decoding=\"async\" width=\"800\" height=\"711\" src=\"http:\/\/choquequirao-treks.com\/wp-content\/uploads\/2026\/03\/vilcabamba007-1024x910.jpg\" class=\"elementor-animation-grow attachment-large size-large wp-image-1765\" alt=\"\" srcset=\"http:\/\/choquequirao-treks.com\/wp-content\/uploads\/2026\/03\/vilcabamba007-1024x910.jpg 1024w, http:\/\/choquequirao-treks.com\/wp-content\/uploads\/2026\/03\/vilcabamba007-300x267.jpg 300w, http:\/\/choquequirao-treks.com\/wp-content\/uploads\/2026\/03\/vilcabamba007-768x683.jpg 768w, http:\/\/choquequirao-treks.com\/wp-content\/uploads\/2026\/03\/vilcabamba007-1536x1365.jpg 1536w, http:\/\/choquequirao-treks.com\/wp-content\/uploads\/2026\/03\/vilcabamba007-14x12.jpg 14w, http:\/\/choquequirao-treks.com\/wp-content\/uploads\/2026\/03\/vilcabamba007.jpg 1800w\" sizes=\"(max-width: 800px) 100vw, 800px\" \/>\t\t\t\t\t\t\t\t\t\t\t\t\t\t\t<\/div>\n\t\t\t\t<div class=\"elementor-element elementor-element-3b3bd59 elementor-widget elementor-widget-heading\" data-id=\"3b3bd59\" data-element_type=\"widget\" data-e-type=\"widget\" data-widget_type=\"heading.default\">\n\t\t\t\t\t<h2 class=\"elementor-heading-title elementor-size-default\">Vilcabamba<\/h2>\t\t\t\t<\/div>\n\t\t\t\t<div class=\"elementor-element elementor-element-e8505f3 elementor-widget elementor-widget-text-editor\" data-id=\"e8505f3\" data-element_type=\"widget\" data-e-type=\"widget\" data-widget_type=\"text-editor.default\">\n\t\t\t\t\t\t\t\t\t<p>Vilcabamba, dernier bastion de l&#039;Empire inca, se niche au c\u0153ur de la for\u00eat de nuages qui entoure Espiritu Pampa. Les treks de plusieurs jours \u00e0 travers cette r\u00e9gion recul\u00e9e permettent de d\u00e9couvrir des paysages pr\u00e9serv\u00e9s, des communaut\u00e9s quechuas isol\u00e9es et des ruines charg\u00e9es d&#039;histoire, t\u00e9moins de l&#039;ultime r\u00e9sistance de Manco Inca.<\/p>\t\t\t\t\t\t\t\t<\/div>\n\t\t\t\t<\/a>\n\t\t\t\t<\/div>\n\t\t\t\t<\/div>\n\t\t<div class=\"elementor-element elementor-element-b2d249d e-con-full e-flex e-con e-parent\" data-id=\"b2d249d\" data-element_type=\"container\" data-e-type=\"container\" data-settings=\"{&quot;background_background&quot;:&quot;classic&quot;}\">\n\t\t\t\t<div class=\"elementor-element elementor-element-21e99a1 elementor-invisible elementor-widget elementor-widget-text-editor\" data-id=\"21e99a1\" data-element_type=\"widget\" data-e-type=\"widget\" data-settings=\"{&quot;_animation&quot;:&quot;fadeInUp&quot;}\" data-widget_type=\"text-editor.default\">\n\t\t\t\t\t\t\t\t\t<p>\u00a0<\/p><hr data-path-to-node=\"9\" \/><h3 data-path-to-node=\"10\"><span style=\"color: #ffffff;\">Pourquoi nous choisir ?<\/span><\/h3><p data-path-to-node=\"11\">Nous ne nous contentons pas de vous guider\u00a0; nous partageons les secrets de ces sentiers sacr\u00e9s. Que vous soyez en qu\u00eate de la majest\u00e9 architecturale de Choquequirao ou des intrigues historiques de Vilcabamba, nous mettons \u00e0 votre service notre expertise et notre passion pour faire de votre aventure un moment inoubliable.<\/p><p data-path-to-node=\"11\">\u00a0<\/p>\t\t\t\t\t\t\t\t<\/div>\n\t\t\t\t<\/div>\n\t\t\t\t<\/div>","protected":false},"excerpt":{"rendered":"<p>Destinations Discover the Last Strongholds of the Incas Embark on a journey through history and high-altitude landscapes. At Choquequirao Expeditions, we specialize in the two most legendary\u2014yet least explored\u2014destinations in the Peruvian Andes. Choquequirao: The Sacred Sister Often called the &#8220;Sister City&#8221; of Machu Picchu, Choquequirao is a massive Inca citadel perched above the Apur\u00edmac [&hellip;]<\/p>\n","protected":false},"author":1,"featured_media":0,"parent":0,"menu_order":0,"comment_status":"closed","ping_status":"closed","template":"elementor_header_footer","meta":{"footnotes":""},"class_list":["post-1750","page","type-page","status-publish","hentry"],"_links":{"self":[{"href":"http:\/\/choquequirao-treks.com\/fr\/wp-json\/wp\/v2\/pages\/1750","targetHints":{"allow":["GET"]}}],"collection":[{"href":"http:\/\/choquequirao-treks.com\/fr\/wp-json\/wp\/v2\/pages"}],"about":[{"href":"http:\/\/choquequirao-treks.com\/fr\/wp-json\/wp\/v2\/types\/page"}],"author":[{"embeddable":true,"href":"http:\/\/choquequirao-treks.com\/fr\/wp-json\/wp\/v2\/users\/1"}],"replies":[{"embeddable":true,"href":"http:\/\/choquequirao-treks.com\/fr\/wp-json\/wp\/v2\/comments?post=1750"}],"version-history":[{"count":20,"href":"http:\/\/choquequirao-treks.com\/fr\/wp-json\/wp\/v2\/pages\/1750\/revisions"}],"predecessor-version":[{"id":2131,"href":"http:\/\/choquequirao-treks.com\/fr\/wp-json\/wp\/v2\/pages\/1750\/revisions\/2131"}],"wp:attachment":[{"href":"http:\/\/choquequirao-treks.com\/fr\/wp-json\/wp\/v2\/media?parent=1750"}],"curies":[{"name":"wp","href":"https:\/\/api.w.org\/{rel}","templated":true}]}}