{"id":1828,"date":"2026-03-09T06:46:14","date_gmt":"2026-03-09T06:46:14","guid":{"rendered":"https:\/\/choquequirao-treks.com\/?page_id=1828"},"modified":"2026-03-09T06:52:02","modified_gmt":"2026-03-09T06:52:02","slug":"acclimatation-a-laltitude","status":"publish","type":"page","link":"http:\/\/choquequirao-treks.com\/fr\/plan-your-trip\/altitude-acclimatization\/","title":{"rendered":"Altitude et acclimatation"},"content":{"rendered":"<div data-elementor-type=\"wp-page\" data-elementor-id=\"1828\" class=\"elementor elementor-1828\" data-elementor-post-type=\"page\">\n\t\t\t\t<div class=\"elementor-element elementor-element-cd94d2c e-con-full e-flex e-con e-parent\" data-id=\"cd94d2c\" data-element_type=\"container\" data-e-type=\"container\" data-settings=\"{&quot;background_background&quot;:&quot;classic&quot;}\">\n\t\t\t\t<div class=\"elementor-element elementor-element-d81153a elementor--h-position-center elementor--v-position-middle elementor-arrows-position-inside elementor-widget elementor-widget-slides\" data-id=\"d81153a\" data-element_type=\"widget\" data-e-type=\"widget\" data-settings=\"{&quot;navigation&quot;:&quot;arrows&quot;,&quot;autoplay&quot;:&quot;yes&quot;,&quot;autoplay_speed&quot;:5000,&quot;infinite&quot;:&quot;yes&quot;,&quot;transition&quot;:&quot;slide&quot;,&quot;transition_speed&quot;:500}\" data-widget_type=\"slides.default\">\n\t\t\t\t\t\t\t\t\t\t<div class=\"elementor-slides-wrapper elementor-main-swiper swiper\" role=\"region\" aria-roledescription=\"carousel\" aria-label=\"Diapositives\" dir=\"ltr\" data-animation=\"zoomIn\">\n\t\t\t\t<div class=\"swiper-wrapper elementor-slides\">\n\t\t\t\t\t\t\t\t\t\t<div class=\"elementor-repeater-item-61bcbca swiper-slide\" role=\"group\" aria-roledescription=\"slide\"><div class=\"swiper-slide-bg elementor-ken-burns elementor-ken-burns--in\" role=\"img\" aria-label=\"Chqoeuqwuirao3\"><\/div><div class=\"elementor-background-overlay\"><\/div><a class=\"swiper-slide-inner\" href=\"#\"><div class=\"swiper-slide-contents\"><div class=\"elementor-slide-heading\">Altitude et acclimatation<\/div><\/div><\/a><\/div>\t\t\t\t<\/div>\n\t\t\t\t\t\t\t<\/div>\n\t\t\t\t\t\t\t\t<\/div>\n\t\t\t\t<\/div>\n\t\t<div class=\"elementor-element elementor-element-fe312a1 e-con-full e-flex e-con e-parent\" data-id=\"fe312a1\" data-element_type=\"container\" data-e-type=\"container\" data-settings=\"{&quot;background_background&quot;:&quot;classic&quot;}\">\n\t\t\t\t<div class=\"elementor-element elementor-element-be1fe86 elementor-widget__width-initial elementor-invisible elementor-widget elementor-widget-text-editor\" data-id=\"be1fe86\" data-element_type=\"widget\" data-e-type=\"widget\" data-settings=\"{&quot;_animation&quot;:&quot;fadeInUp&quot;}\" data-widget_type=\"text-editor.default\">\n\t\t\t\t\t\t\t\t\t<h1 style=\"text-align: center;\"><span style=\"color: #ffffff;\">Tout savoir sur le mal de l&#039;altitude et comment le pr\u00e9venir lors de votre trek<\/span><\/h1><p>\u00a0<\/p><h4><span style=\"color: #ffffff;\">Comprendre l&#039;altitude<\/span><\/h4><p>Cusco se situe \u00e0 3\u00a0400 m\u00e8tres d&#039;altitude. Choquequirao \u00e0 3\u00a0050 m\u00e8tres. Les cols de montagne que nous empruntons culminent \u00e0 4\u00a0650 m\u00e8tres. \u00c0 ces altitudes, l&#039;air est moins oxyg\u00e9n\u00e9 et le corps a besoin de temps pour s&#039;acclimater.<\/p><p>\u00a0<\/p><h4><span style=\"color: #ffffff;\">Altitudes de nos circuits :<\/span><\/h4><table><thead><tr><td><p><strong>Indiquer<\/strong><\/p><\/td><td><p><strong>Altitude<\/strong><\/p><\/td><td><p><strong>R\u00e9f\u00e9rence<\/strong><\/p><\/td><\/tr><\/thead><tbody><tr><td><p>Cusco<\/p><\/td><td><p>3 400 m<\/p><\/td><td><p>Ville d&#039;acclimatation<\/p><\/td><\/tr><tr><td><p>Cachora (d\u00e9but)<\/p><\/td><td><p>2 900 m<\/p><\/td><td><p>Point de d\u00e9part<\/p><\/td><\/tr><tr><td><p>Playa Rosalina (rivi\u00e8re)<\/p><\/td><td><p>1 550 m<\/p><\/td><td><p>point le plus bas<\/p><\/td><\/tr><tr><td><p>Choquequirao<\/p><\/td><td><p>3\u00a0050 m<\/p><\/td><td><p>Destination principale<\/p><\/td><\/tr><tr><td><p>Yanama<\/p><\/td><td><p>3 700 m<\/p><\/td><td><p>Route du camping<\/p><\/td><\/tr><tr><td><p>Col de San Juan<\/p><\/td><td><p>4 650 m<\/p><\/td><td><p>Point culminant<\/p><\/td><\/tr><tr><td><p>Col de Choquetacarpo<\/p><\/td><td><p>4 600 m<\/p><\/td><td><p>Point culminant (route de Vilcabamba)<\/p><\/td><\/tr><tr><td><p>Esp\u00edritu Pampa<\/p><\/td><td><p>1 000 m<\/p><\/td><td><p>Vilcabamba<\/p><\/td><\/tr><tr><td><p>Machu Picchu<\/p><\/td><td><p>2 430 m<\/p><\/td><td><p>Destination finale<\/p><\/td><\/tr><\/tbody><\/table><p>\u00a0<\/p><h4><span style=\"color: #ffffff;\">Qu\u2019est-ce que le mal d\u2019altitude (Soroche) ?<\/span><\/h4><p>Le mal de l&#039;altitude survient lorsque l&#039;organisme n&#039;a pas le temps de s&#039;adapter \u00e0 la diminution de la quantit\u00e9 d&#039;oxyg\u00e8ne dans l&#039;air. Il peut toucher n&#039;importe qui, quelle que soit sa condition physique. Les athl\u00e8tes de haut niveau en souffrent autant que les personnes s\u00e9dentaires.<\/p><p>Sympt\u00f4mes b\u00e9nins (tr\u00e8s fr\u00e9quents)\u00a0:<\/p><ul><li>Mal de t\u00eate<\/li><li>Fatigue ou lassitude inhabituelle<\/li><li>l\u00e9gers vertiges<\/li><li>Difficult\u00e9s \u00e0 dormir<\/li><li>Perte d&#039;app\u00e9tit<\/li><li>L\u00e9g\u00e8res naus\u00e9es<\/li><li>J&#039;ai le souffle court en marchant.<\/li><\/ul><p>\u00a0<\/p><p>Sympt\u00f4mes mod\u00e9r\u00e9s (n\u00e9cessitent une attention particuli\u00e8re)\u00a0:<\/p><ul><li>C\u00e9phal\u00e9e intense ne r\u00e9pondant pas aux analg\u00e9siques<\/li><li>Naus\u00e9es ou vomissements persistants<\/li><li>Difficult\u00e9 \u00e0 marcher en ligne droite<\/li><li>fatigue extr\u00eame<\/li><li>Essoufflement au repos<\/li><\/ul><p>\u00a0<\/p><p>Sympt\u00f4mes graves (urgence m\u00e9dicale) :<\/p><ul><li>confusion mentale<\/li><li>Difficult\u00e9s respiratoires s\u00e9v\u00e8res<\/li><li>Toux avec expectorations ros\u00e9es<\/li><li>Perte de coordination<\/li><li>L\u00e8vres ou ongles bleut\u00e9s<\/li><\/ul><p>\u00a0<\/p><p>Les sympt\u00f4mes graves sont rares mais dangereux. Ils n\u00e9cessitent une descente imm\u00e9diate et une prise en charge m\u00e9dicale. Nos guides sont form\u00e9s pour les identifier et agir en cons\u00e9quence.<\/p><p>\u00a0<\/p><h4><span style=\"color: #ffffff;\">Facteurs de risque<\/span><\/h4><p>Facteurs qui augmentent le risque\u00a0:<\/p><ul><li>Ascension trop rapide (sans jours d&#039;acclimatation)<\/li><li>Ne pas \u00eatre bien hydrat\u00e9<\/li><li>Consommer de l&#039;alcool les premiers jours<\/li><li>Faire de l&#039;exercice intense avant l&#039;acclimatation<\/li><li>Ayant d\u00e9j\u00e0 souffert d&#039;un grave mal d&#039;altitude<\/li><li>Certaines affections m\u00e9dicales (cardiaques, respiratoires)<\/li><\/ul><p>\u00a0<\/p><p>Facteurs qui n&#039;affectent PAS le risque\u00a0:<\/p><ul><li>L&#039;\u00e2ge (les jeunes et les personnes \u00e2g\u00e9es pr\u00e9sentent le m\u00eame risque)<\/li><li>Sexe (hommes et femmes \u00e0 \u00e9galit\u00e9)<\/li><li>Condition physique (les athl\u00e8tes peuvent en souffrir tout autant)<\/li><li>Avoir d\u00e9j\u00e0 s\u00e9journ\u00e9 en altitude (ne conf\u00e8re pas d&#039;immunit\u00e9 permanente)<\/li><\/ul><p>\u00a0<\/p><h4><span style=\"color: #ffffff;\">Comment s&#039;acclimater<\/span><\/h4><p><strong>Avant le trek<\/strong><\/p><p>Arrivez \u00e0 Cusco avec suffisamment de temps :<\/p><ul><li>Minimum 2 nuits compl\u00e8tes avant le trek<\/li><li>Id\u00e9al : 3 nuits pour les itin\u00e9raires comportant des cols \u00e0 plus de 4\u00a0000 m d\u2019altitude.<\/li><li>Si vous venez du niveau de la mer, envisagez une nuit interm\u00e9diaire (Vall\u00e9e Sacr\u00e9e \u00e0 2 800 m).<\/li><\/ul><p>\u00a0<\/p><p>Premi\u00e8res heures \u00e0 Cusco :<\/p><ul><li>Ne faites rien de p\u00e9nible<\/li><li>Marchez lentement<\/li><li>Reposez-vous si vous vous sentez fatigu\u00e9.<\/li><li>Ne montez pas les escaliers de l&#039;h\u00f4tel en courant.<\/li><\/ul><p>\u00a0<\/p><p>Premier jour complet :<\/p><ul><li>Promenade tranquille dans la ville<\/li><li>Visitez les sites voisins situ\u00e9s \u00e0 la m\u00eame altitude.<\/li><li>\u00c9vitez les excursions vers des lieux plus \u00e9lev\u00e9s (comme la Montagne Arc-en-ciel).<\/li><li>Repas l\u00e9gers<\/li><li>Sans alcool<\/li><\/ul><p>\u00a0<\/p><p>Deuxi\u00e8me jour :<\/p><ul><li>Vous pouvez augmenter progressivement l&#039;activit\u00e9<\/li><li>Une excursion dans la Vall\u00e9e Sacr\u00e9e (plus basse que Cusco) est une bonne option.<\/li><li>Continuez \u00e0 bien vous hydrater<\/li><\/ul><p>\u00a0<\/p><h4><span style=\"color: #ffffff;\">Pendant le trek<\/span><\/h4><p>Le trek jusqu&#039;\u00e0 Choquequirao favorise l&#039;acclimatation\u00a0: le premier jour, on descend de 2\u00a0900\u00a0m \u00e0 1\u00a0900\u00a0m. Le deuxi\u00e8me jour, on monte jusqu&#039;\u00e0 3\u00a0050\u00a0m. Ce profil progressif permet au corps de s&#039;adapter.<\/p><p>Pour les itin\u00e9raires comportant des cols \u00e9lev\u00e9s\u00a0:<\/p><ul><li>L&#039;ascension se fait progressivement sur plusieurs jours.<\/li><li>Nous dormons toujours \u00e0 une temp\u00e9rature inf\u00e9rieure au niveau maximal atteint pendant la journ\u00e9e.<\/li><li>Les guides adaptent le rythme en fonction de l&#039;\u00e9tat du groupe.<\/li><\/ul><p>R\u00e8gle d&#039;or : \u201c Montez haut, dormez bas \u201d \u2014 Vous pouvez atteindre de plus hauts sommets pendant la journ\u00e9e, mais il faut toujours redescendre pour dormir.<\/p><p>\u00a0<\/p><h4><span style=\"color: #ffffff;\">Pr\u00e9vention<\/span><\/h4><p><strong>Hydratation<\/strong> L&#039;air sec en altitude d\u00e9shydrate rapidement. La d\u00e9shydratation aggrave les sympt\u00f4mes du mal de l&#039;altitude.<\/p><ul><li>Buvez 3 \u00e0 4 litres d&#039;eau par jour<\/li><li>Commencez \u00e0 bien vous hydrater d\u00e8s votre arriv\u00e9e \u00e0 Cusco.<\/li><li>\u00c9vitez les boissons diur\u00e9tiques (caf\u00e9, alcool) les premiers jours.<\/li><li>Uriner fr\u00e9quemment (signe d&#039;une bonne hydratation)<\/li><li>L&#039;urine doit \u00eatre claire, et non fonc\u00e9e.<\/li><\/ul><p>\u00a0<\/p><p><strong>Nutrition<\/strong><\/p><ul><li>Repas l\u00e9gers et fr\u00e9quents<\/li><li>\u00c9vitez les aliments lourds ou gras<\/li><li>Glucides complexes pour une \u00e9nergie durable<\/li><li>\u00c9vitez compl\u00e8tement l&#039;alcool pendant les premiers jours.<\/li><li>R\u00e9duisez votre consommation de sel.<\/li><\/ul><p>\u00a0<\/p><p><strong>M\u00e9dicaments pr\u00e9ventifs<\/strong><\/p><p>Ac\u00e9tazolamide (Diamox)\u00a0: le m\u00e9dicament le plus efficace pour pr\u00e9venir le mal d\u2019altitude. Il acc\u00e9l\u00e8re l\u2019acclimatation.<\/p><ul><li>Dose typique : 125 \u00e0 250 mg deux fois par jour<\/li><li>Commencez 24 heures avant l&#039;ascension en altitude.<\/li><li>Continuez ainsi pendant les premiers jours en altitude<\/li><li>N\u00e9cessite une ordonnance m\u00e9dicale<\/li><li>Effets secondaires : picotements dans les mains et les pieds, augmentation de la fr\u00e9quence des mictions, alt\u00e9ration du go\u00fbt des boissons gazeuses<\/li><li>Consultez un m\u00e9decin avant utilisation<\/li><\/ul><p>\u00a0<\/p><p>Ibuprof\u00e8ne : des \u00e9tudes montrent qu&#039;il aide \u00e0 pr\u00e9venir les maux de t\u00eate li\u00e9s \u00e0 l&#039;altitude.<\/p><ul><li>400 \u00e0 600 mg toutes les 8 heures<\/li><li>Commencez la veille de l&#039;ascension<\/li><li>Ne pas utiliser en cas de probl\u00e8mes d&#039;estomac<\/li><\/ul><p>\u00a0<\/p><p>Feuilles de coca\u00a0: rem\u00e8de traditionnel andin. Son efficacit\u00e9 n\u2019est pas scientifiquement prouv\u00e9e, mais il fait partie int\u00e9grante de la culture locale et de nombreux voyageurs t\u00e9moignent d\u2019un soulagement.<\/p><ul><li>Th\u00e9 de coca (mate de coca) : disponible dans tous les h\u00f4tels de Cusco<\/li><li>Feuilles \u00e0 m\u00e2cher\u00a0: achet\u00e9es sur les march\u00e9s<\/li><li>Bonbons \u00e0 la coca : faciles \u00e0 transporter<\/li><\/ul><p>\u00a0<\/p><p><strong>Autres mesures<\/strong><\/p><ul><li>\u00c9vitez de fumer (cela r\u00e9duit encore davantage l&#039;oxyg\u00e8ne disponible).<\/li><li>Ne prenez pas de somnif\u00e8res (ils ralentissent la respiration).<\/li><li>Dormez l\u00e9g\u00e8rement sur\u00e9lev\u00e9 (utilisez un oreiller suppl\u00e9mentaire).<\/li><li>N\u2019ignorez pas vos sympt\u00f4mes\u00a0: dites au guide comment vous vous sentez.<\/li><\/ul><p>\u00a0<\/p><h4><span style=\"color: #ffffff;\">Que faire si vous pr\u00e9sentez des sympt\u00f4mes<\/span><\/h4><p><strong>Sympt\u00f4mes l\u00e9gers<\/strong><\/p><ul><li>Reposez-vous et r\u00e9duisez votre activit\u00e9.<\/li><li>Buvez plus d&#039;eau<\/li><li>Prenez des analg\u00e9siques (parac\u00e9tamol ou ibuprof\u00e8ne).<\/li><li>Informez le guide<\/li><li>N&#039;allez pas plus haut tant qu&#039;ils ne s&#039;am\u00e9liorent pas.<\/li><li>\u00c9liminent g\u00e9n\u00e9ralement en 12 \u00e0 24 heures<\/li><\/ul><p>\u00a0<\/p><p><strong>Sympt\u00f4mes mod\u00e9r\u00e9s<\/strong><\/p><ul><li>Arr\u00eatez de monter<\/li><li>Envisagez une descente de 300 \u00e0 500 m\u00e8tres.<\/li><li>Hydratation agressive<\/li><li>M\u00e9dicaments administr\u00e9s sous la supervision du guide<\/li><li>Oxyg\u00e8ne d&#039;appoint (nos guides en transportent)<\/li><li>surveillance constante<\/li><\/ul><p>\u00a0<\/p><p><strong>Sympt\u00f4mes graves<\/strong><\/p><ul><li>Descente imm\u00e9diate<\/li><li>Oxyg\u00e8ne d&#039;appoint<\/li><li>\u00c9vacuation vers un centre m\u00e9dical<\/li><li>Nos guides disposent de moyens de communication par satellite et de protocoles d&#039;urgence.<\/li><\/ul><p>\u00a0<\/p><h4><span style=\"color: #ffffff;\">L&#039;oxyg\u00e8ne lors de nos visites<\/span><\/h4><p>Toutes nos excursions incluent de l&#039;oxyg\u00e8ne d&#039;urgence. Les guides sont munis de :<\/p><ul><li>bouteille d&#039;oxyg\u00e8ne portable<\/li><li>Masque facial<\/li><li>Oxym\u00e8tre de pouls pour mesurer la saturation en oxyg\u00e8ne<\/li><\/ul><p>\u00a0<\/p><p>Ceci est destin\u00e9 aux situations d&#039;urgence, et non \u00e0 un usage r\u00e9gulier. L&#039;objectif est l&#039;acclimatation naturelle, mais nous avons une solution de secours en cas de probl\u00e8me.<\/p><p>\u00a0<\/p><h4><span style=\"color: #ffffff;\">Profil d&#039;altitude par circuit<\/span><\/h4><p><strong>Trek classique 4J\/3N<\/strong> Jour 1\u00a0: 2\u00a0900 m \u2192 1\u00a0900 m (descente) Jour 2\u00a0: 1\u00a0900 m \u2192 3\u00a0050 m (mont\u00e9e) Jour 3\u00a0: 3\u00a0050 m \u2192 1\u00a0900 m (descente) Jour 4\u00a0: 1\u00a0900 m \u2192 2\u00a0900 m (mont\u00e9e)<\/p><p>Risque de mal de l&#039;altitude\u00a0: mod\u00e9r\u00e9. Le point culminant est \u00e0 3\u00a0050\u00a0m, comme \u00e0 Cusco. Une acclimatation \u00e0 Cusco est suffisante.<\/p><p><strong>Excursions avec le col de San Juan<\/strong> Point culminant\u00a0: 4\u00a0650\u00a0m. Risque de mal d\u2019altitude\u00a0: \u00e9lev\u00e9 le jour du passage du col. L\u2019atteinte du col se fait apr\u00e8s plusieurs jours de marche, ce qui est un avantage. Toutefois, une bonne acclimatation \u00e0 Cusco est essentielle.<\/p><p><strong>Trilogie inca avec Vilcabamba<\/strong> Altitude\u00a0: de 1\u00a0000\u00a0m (Esp\u00edritu Pampa) \u00e0 4\u00a0650\u00a0m (col de San Juan). Risque variable. Le trek pr\u00e9sente un d\u00e9nivel\u00e9 important. Certaines journ\u00e9es se d\u00e9roulent en altitude, d\u2019autres en basse jungle. Cette vari\u00e9t\u00e9 est b\u00e9n\u00e9fique, mais elle met aussi le corps \u00e0 l\u2019\u00e9preuve.<\/p><p>\u00a0<\/p><h4><span style=\"color: #ffffff;\">Questions fr\u00e9quentes sur l&#039;altitude<\/span><\/h4><p><strong>Puis-je faire cette randonn\u00e9e si j&#039;ai d\u00e9j\u00e0 souffert du mal de l&#039;altitude ?<\/strong> Oui, mais avec des pr\u00e9cautions suppl\u00e9mentaires. Veuillez nous faire part de vos ant\u00e9c\u00e9dents m\u00e9dicaux. Vous pourriez avoir besoin de plus de jours d&#039;acclimatation et d&#039;un traitement pr\u00e9ventif.<\/p><p><strong>Le mal de l&#039;altitude est-il dangereux ?<\/strong> Les sympt\u00f4mes b\u00e9nins sont tr\u00e8s fr\u00e9quents et sans gravit\u00e9. Les sympt\u00f4mes graves sont rares mais n\u00e9cessitent une prise en charge imm\u00e9diate. C\u2019est pourquoi nos guides sont form\u00e9s et \u00e9quip\u00e9s de mat\u00e9riel de secours.<\/p><p><strong>La bonne condition physique prot\u00e8ge-t-elle contre le mal de l&#039;altitude\u00a0?<\/strong> Non. Les athl\u00e8tes de haut niveau peuvent souffrir du mal d&#039;altitude alors que les personnes s\u00e9dentaires ne ressentent rien. Il n&#039;y a aucune corr\u00e9lation avec la condition physique.<\/p><p><strong>Puis-je prendre du Diamox sans ordonnance ?<\/strong> Au P\u00e9rou, ce m\u00e9dicament est vendu sans ordonnance en pharmacie. Toutefois, il est pr\u00e9f\u00e9rable de consulter un m\u00e9decin au pr\u00e9alable, surtout si vous prenez d&#039;autres m\u00e9dicaments ou si vous \u00eates allergique aux sulfamides.<\/p><p><strong>Le th\u00e9 de coca est-il vraiment efficace ?<\/strong> Il n&#039;existe aucune preuve scientifique solide, mais cela fait partie de la tradition andine et est sans danger. De nombreux voyageurs affirment que cela soulage les sympt\u00f4mes l\u00e9gers.<\/p><p><strong>Que se passe-t-il si je ne peux pas continuer la randonn\u00e9e ?<\/strong> Nos guides \u00e9valueront la situation. Si n\u00e9cessaire, nous organiserons une descente et une \u00e9vacuation. Votre s\u00e9curit\u00e9 est notre priorit\u00e9.<\/p>\t\t\t\t\t\t\t\t<\/div>\n\t\t\t\t<\/div>\n\t\t<div class=\"elementor-element elementor-element-0c5a93a e-con-full e-flex e-con e-parent\" data-id=\"0c5a93a\" data-element_type=\"container\" data-e-type=\"container\" data-settings=\"{&quot;background_background&quot;:&quot;classic&quot;}\">\n\t\t<div class=\"elementor-element elementor-element-46d1dd3 e-con-full e-flex elementor-invisible e-con e-child\" data-id=\"46d1dd3\" data-element_type=\"container\" data-e-type=\"container\" data-settings=\"{&quot;animation&quot;:&quot;fadeInUp&quot;}\">\n\t\t\t\t<div class=\"elementor-element elementor-element-e21b8f2 elementor-widget-divider--view-line elementor-widget elementor-widget-divider\" data-id=\"e21b8f2\" data-element_type=\"widget\" data-e-type=\"widget\" data-widget_type=\"divider.default\">\n\t\t\t\t\t\t\t<div class=\"elementor-divider\">\n\t\t\t<span class=\"elementor-divider-separator\">\n\t\t\t\t\t\t<\/span>\n\t\t<\/div>\n\t\t\t\t\t\t<\/div>\n\t\t\t\t<\/div>\n\t\t\t\t<\/div>\n\t\t\t\t<\/div>","protected":false},"excerpt":{"rendered":"<p>Altitude &#038; Acclimatization Everything about altitude sickness and how to prevent it on your trek \u00a0 Understanding Altitude Cusco sits at 3,400 meters above sea level. Choquequirao at 3,050 meters. The mountain passes on our routes reach 4,650 meters. At these altitudes, the air contains less oxygen and the body needs time to adapt. \u00a0 [&hellip;]<\/p>\n","protected":false},"author":1,"featured_media":0,"parent":1784,"menu_order":0,"comment_status":"closed","ping_status":"closed","template":"elementor_header_footer","meta":{"footnotes":""},"class_list":["post-1828","page","type-page","status-publish","hentry"],"_links":{"self":[{"href":"http:\/\/choquequirao-treks.com\/fr\/wp-json\/wp\/v2\/pages\/1828","targetHints":{"allow":["GET"]}}],"collection":[{"href":"http:\/\/choquequirao-treks.com\/fr\/wp-json\/wp\/v2\/pages"}],"about":[{"href":"http:\/\/choquequirao-treks.com\/fr\/wp-json\/wp\/v2\/types\/page"}],"author":[{"embeddable":true,"href":"http:\/\/choquequirao-treks.com\/fr\/wp-json\/wp\/v2\/users\/1"}],"replies":[{"embeddable":true,"href":"http:\/\/choquequirao-treks.com\/fr\/wp-json\/wp\/v2\/comments?post=1828"}],"version-history":[{"count":4,"href":"http:\/\/choquequirao-treks.com\/fr\/wp-json\/wp\/v2\/pages\/1828\/revisions"}],"predecessor-version":[{"id":1832,"href":"http:\/\/choquequirao-treks.com\/fr\/wp-json\/wp\/v2\/pages\/1828\/revisions\/1832"}],"up":[{"embeddable":true,"href":"http:\/\/choquequirao-treks.com\/fr\/wp-json\/wp\/v2\/pages\/1784"}],"wp:attachment":[{"href":"http:\/\/choquequirao-treks.com\/fr\/wp-json\/wp\/v2\/media?parent=1828"}],"curies":[{"name":"wp","href":"https:\/\/api.w.org\/{rel}","templated":true}]}}