{"id":1848,"date":"2026-03-09T07:10:03","date_gmt":"2026-03-09T07:10:03","guid":{"rendered":"https:\/\/choquequirao-treks.com\/?page_id=1848"},"modified":"2026-03-10T12:33:46","modified_gmt":"2026-03-10T12:33:46","slug":"a-propos-de-nous","status":"publish","type":"page","link":"http:\/\/choquequirao-treks.com\/fr\/about-us\/","title":{"rendered":"Nous"},"content":{"rendered":"<div data-elementor-type=\"wp-page\" data-elementor-id=\"1848\" class=\"elementor elementor-1848\" data-elementor-post-type=\"page\">\n\t\t\t\t<div class=\"elementor-element elementor-element-cd94d2c e-con-full e-flex e-con e-parent\" data-id=\"cd94d2c\" data-element_type=\"container\" data-e-type=\"container\" data-settings=\"{&quot;background_background&quot;:&quot;classic&quot;}\">\n\t\t\t\t<div class=\"elementor-element elementor-element-d81153a elementor--h-position-center elementor--v-position-middle elementor-arrows-position-inside elementor-widget elementor-widget-slides\" data-id=\"d81153a\" data-element_type=\"widget\" data-e-type=\"widget\" data-settings=\"{&quot;navigation&quot;:&quot;arrows&quot;,&quot;autoplay&quot;:&quot;yes&quot;,&quot;autoplay_speed&quot;:5000,&quot;infinite&quot;:&quot;yes&quot;,&quot;transition&quot;:&quot;slide&quot;,&quot;transition_speed&quot;:500}\" data-widget_type=\"slides.default\">\n\t\t\t\t\t\t\t\t\t\t<div class=\"elementor-slides-wrapper elementor-main-swiper swiper\" role=\"region\" aria-roledescription=\"carousel\" aria-label=\"Diapositives\" dir=\"ltr\" data-animation=\"zoomIn\">\n\t\t\t\t<div class=\"swiper-wrapper elementor-slides\">\n\t\t\t\t\t\t\t\t\t\t<div class=\"elementor-repeater-item-61bcbca swiper-slide\" role=\"group\" aria-roledescription=\"slide\"><div class=\"swiper-slide-bg elementor-ken-burns elementor-ken-burns--in\" role=\"img\" aria-label=\"Chqoeuqwuirao3\"><\/div><div class=\"elementor-background-overlay\"><\/div><a class=\"swiper-slide-inner\" href=\"#\"><div class=\"swiper-slide-contents\"><div class=\"elementor-slide-heading\">Nous<\/div><\/div><\/a><\/div>\t\t\t\t<\/div>\n\t\t\t\t\t\t\t<\/div>\n\t\t\t\t\t\t\t\t<\/div>\n\t\t\t\t<\/div>\n\t\t<div class=\"elementor-element elementor-element-9d46e76 e-con-full e-flex e-con e-parent\" data-id=\"9d46e76\" data-element_type=\"container\" data-e-type=\"container\" data-settings=\"{&quot;background_background&quot;:&quot;classic&quot;}\">\n\t\t\t\t<div class=\"elementor-element elementor-element-63e8bee elementor-invisible elementor-widget elementor-widget-text-editor\" data-id=\"63e8bee\" data-element_type=\"widget\" data-e-type=\"widget\" data-settings=\"{&quot;_animation&quot;:&quot;fadeInUp&quot;}\" data-widget_type=\"text-editor.default\">\n\t\t\t\t\t\t\t\t\t<h1>\u00c0 propos des exp\u00e9ditions Choquequirao<\/h1>\t\t\t\t\t\t\t\t<\/div>\n\t\t\t\t<div class=\"elementor-element elementor-element-46bc8a6 elementor-invisible elementor-widget elementor-widget-text-editor\" data-id=\"46bc8a6\" data-element_type=\"widget\" data-e-type=\"widget\" data-settings=\"{&quot;_animation&quot;:&quot;fadeInUp&quot;}\" data-widget_type=\"text-editor.default\">\n\t\t\t\t\t\t\t\t\t<h2 data-path-to-node=\"3\"><span style=\"color: #ffffff;\">Bienvenue chez Choquequirao Expeditions<\/span><\/h2><h4 data-path-to-node=\"4\"><span style=\"color: #ffffff;\">Au-del\u00e0 du sentier, au c\u0153ur des Andes.<\/span><\/h4><p data-path-to-node=\"5\">\u00c0 <span style=\"color: #ffffff;\"><b data-path-to-node=\"5\" data-index-in-node=\"3\">Choquequirao Expeditions<\/b>,<\/span> Nous ne nous contentons pas d&#039;organiser des visites guid\u00e9es\u00a0; nous faisons le lien entre les explorateurs curieux et l&#039;esprit brut et indompt\u00e9 du canyon d&#039;Apur\u00edmac. Forts d&#039;un profond amour pour notre patrimoine, nous nous sp\u00e9cialisons dans les itin\u00e9raires les plus exigeants et les plus enrichissants vers le \u201c\u00a0Berceau d&#039;Or\u00a0\u201d, en veillant \u00e0 ce que chaque \u00e9tape de votre voyage soit encadr\u00e9e par l&#039;expertise, la s\u00e9curit\u00e9 et un profond respect pour l&#039;histoire inca.<\/p>\t\t\t\t\t\t\t\t<\/div>\n\t\t\t\t<\/div>\n\t\t<div class=\"elementor-element elementor-element-d52088c e-con-full e-flex e-con e-parent\" data-id=\"d52088c\" data-element_type=\"container\" data-e-type=\"container\" data-settings=\"{&quot;background_background&quot;:&quot;classic&quot;}\">\n\t\t<div class=\"elementor-element elementor-element-18baa8c e-con-full e-flex e-con e-child\" data-id=\"18baa8c\" data-element_type=\"container\" data-e-type=\"container\" data-settings=\"{&quot;background_background&quot;:&quot;classic&quot;}\">\n\t\t<a class=\"elementor-element elementor-element-33372a9 e-con-full e-flex elementor-invisible e-con e-child\" data-id=\"33372a9\" data-element_type=\"container\" data-e-type=\"container\" data-settings=\"{&quot;animation&quot;:&quot;fadeInLeft&quot;}\" href=\"http:\/\/choquequirao-treks.com\/fr\/about-us\/our-story\/\">\n\t\t\t\t<div class=\"elementor-element elementor-element-314b878 elementor-widget elementor-widget-image\" data-id=\"314b878\" data-element_type=\"widget\" data-e-type=\"widget\" data-widget_type=\"image.default\">\n\t\t\t\t\t\t\t\t\t\t\t\t\t\t\t<img fetchpriority=\"high\" decoding=\"async\" width=\"1162\" height=\"800\" src=\"http:\/\/choquequirao-treks.com\/wp-content\/uploads\/2026\/03\/001-Choquequirao-tour.jpg\" class=\"elementor-animation-grow attachment-full size-full wp-image-1034\" alt=\"001 Circuit Choquequirao\" srcset=\"http:\/\/choquequirao-treks.com\/wp-content\/uploads\/2026\/03\/001-Choquequirao-tour.jpg 1162w, http:\/\/choquequirao-treks.com\/wp-content\/uploads\/2026\/03\/001-Choquequirao-tour-300x207.jpg 300w, http:\/\/choquequirao-treks.com\/wp-content\/uploads\/2026\/03\/001-Choquequirao-tour-1024x705.jpg 1024w, http:\/\/choquequirao-treks.com\/wp-content\/uploads\/2026\/03\/001-Choquequirao-tour-768x529.jpg 768w, http:\/\/choquequirao-treks.com\/wp-content\/uploads\/2026\/03\/001-Choquequirao-tour-18x12.jpg 18w\" sizes=\"(max-width: 1162px) 100vw, 1162px\" \/>\t\t\t\t\t\t\t\t\t\t\t\t\t\t\t<\/div>\n\t\t\t\t<div class=\"elementor-element elementor-element-34f9c25 elementor-widget elementor-widget-heading\" data-id=\"34f9c25\" data-element_type=\"widget\" data-e-type=\"widget\" data-widget_type=\"heading.default\">\n\t\t\t\t\t<h2 class=\"elementor-heading-title elementor-size-default\">Notre histoire<\/h2>\t\t\t\t<\/div>\n\t\t\t\t<div class=\"elementor-element elementor-element-cbf62f0 elementor-widget elementor-widget-text-editor\" data-id=\"cbf62f0\" data-element_type=\"widget\" data-e-type=\"widget\" data-widget_type=\"text-editor.default\">\n\t\t\t\t\t\t\t\t\t<p>Ce qui a commenc\u00e9 comme un groupe d&#039;amis locaux explorant les recoins cach\u00e9s du massif de Vilcabamba s&#039;est transform\u00e9 en une agence de trekking sp\u00e9cialis\u00e9e. Nous avons constat\u00e9 le besoin d&#039;un service qui comprenne v\u00e9ritablement le terrain accident\u00e9 du Choquequirao. Aujourd&#039;hui, nous sommes fiers d&#039;\u00eatre les experts locaux qui transforment les ascensions \u00e9prouvantes en voyages inoubliables, partageant avec le monde les secrets du dernier refuge inca.<\/p>\t\t\t\t\t\t\t\t<\/div>\n\t\t\t\t<\/a>\n\t\t<a class=\"elementor-element elementor-element-c842db2 e-con-full e-flex elementor-invisible e-con e-child\" data-id=\"c842db2\" data-element_type=\"container\" data-e-type=\"container\" data-settings=\"{&quot;animation&quot;:&quot;fadeInUp&quot;}\" href=\"http:\/\/choquequirao-treks.com\/fr\/about-us\/team-and-guides\/\">\n\t\t\t\t<div class=\"elementor-element elementor-element-785147c elementor-widget elementor-widget-image\" data-id=\"785147c\" data-element_type=\"widget\" data-e-type=\"widget\" data-widget_type=\"image.default\">\n\t\t\t\t\t\t\t\t\t\t\t\t\t\t\t<img decoding=\"async\" width=\"800\" height=\"551\" src=\"http:\/\/choquequirao-treks.com\/wp-content\/uploads\/2026\/03\/005-Choquequirao-tour-1024x705.jpg\" class=\"elementor-animation-grow attachment-large size-large wp-image-1040\" alt=\"005 Circuit Choquequirao\" srcset=\"http:\/\/choquequirao-treks.com\/wp-content\/uploads\/2026\/03\/005-Choquequirao-tour-1024x705.jpg 1024w, http:\/\/choquequirao-treks.com\/wp-content\/uploads\/2026\/03\/005-Choquequirao-tour-300x207.jpg 300w, http:\/\/choquequirao-treks.com\/wp-content\/uploads\/2026\/03\/005-Choquequirao-tour-768x529.jpg 768w, http:\/\/choquequirao-treks.com\/wp-content\/uploads\/2026\/03\/005-Choquequirao-tour-18x12.jpg 18w, http:\/\/choquequirao-treks.com\/wp-content\/uploads\/2026\/03\/005-Choquequirao-tour.jpg 1162w\" sizes=\"(max-width: 800px) 100vw, 800px\" \/>\t\t\t\t\t\t\t\t\t\t\t\t\t\t\t<\/div>\n\t\t\t\t<div class=\"elementor-element elementor-element-3b3bd59 elementor-widget elementor-widget-heading\" data-id=\"3b3bd59\" data-element_type=\"widget\" data-e-type=\"widget\" data-widget_type=\"heading.default\">\n\t\t\t\t\t<h2 class=\"elementor-heading-title elementor-size-default\">\u00c9quipe et guides<\/h2>\t\t\t\t<\/div>\n\t\t\t\t<div class=\"elementor-element elementor-element-e8505f3 elementor-widget elementor-widget-text-editor\" data-id=\"e8505f3\" data-element_type=\"widget\" data-e-type=\"widget\" data-widget_type=\"text-editor.default\">\n\t\t\t\t\t\t\t\t\t<p>Nos guides sont l&#039;\u00e2me de votre aventure. N\u00e9s et \u00e9lev\u00e9s dans les Andes, ils sont bien plus que de simples navigateurs\u00a0: ce sont des conteurs, des historiens et des secouristes. Profond\u00e9ment attach\u00e9s \u00e0 la montagne et attentifs \u00e0 la s\u00e9curit\u00e9, ils veillent \u00e0 ce que vous soyez soutenus, motiv\u00e9s et inspir\u00e9s, de la premi\u00e8re ascension jusqu&#039;au dernier campement.<\/p>\t\t\t\t\t\t\t\t<\/div>\n\t\t\t\t<\/a>\n\t\t<a class=\"elementor-element elementor-element-7c43d2a e-con-full e-flex elementor-invisible e-con e-child\" data-id=\"7c43d2a\" data-element_type=\"container\" data-e-type=\"container\" data-settings=\"{&quot;animation&quot;:&quot;fadeInRight&quot;}\" href=\"http:\/\/choquequirao-treks.com\/fr\/about-us\/sustainability\/\">\n\t\t\t\t<div class=\"elementor-element elementor-element-eb71af4 elementor-widget elementor-widget-image\" data-id=\"eb71af4\" data-element_type=\"widget\" data-e-type=\"widget\" data-widget_type=\"image.default\">\n\t\t\t\t\t\t\t\t\t\t\t\t\t\t\t<img decoding=\"async\" width=\"800\" height=\"551\" src=\"http:\/\/choquequirao-treks.com\/wp-content\/uploads\/2026\/03\/003-Choquequirao-tour-1024x705.jpg\" class=\"elementor-animation-grow attachment-large size-large wp-image-1036\" alt=\"003 Circuit Choquequirao\" srcset=\"http:\/\/choquequirao-treks.com\/wp-content\/uploads\/2026\/03\/003-Choquequirao-tour-1024x705.jpg 1024w, http:\/\/choquequirao-treks.com\/wp-content\/uploads\/2026\/03\/003-Choquequirao-tour-300x207.jpg 300w, http:\/\/choquequirao-treks.com\/wp-content\/uploads\/2026\/03\/003-Choquequirao-tour-768x529.jpg 768w, http:\/\/choquequirao-treks.com\/wp-content\/uploads\/2026\/03\/003-Choquequirao-tour-18x12.jpg 18w, http:\/\/choquequirao-treks.com\/wp-content\/uploads\/2026\/03\/003-Choquequirao-tour.jpg 1162w\" sizes=\"(max-width: 800px) 100vw, 800px\" \/>\t\t\t\t\t\t\t\t\t\t\t\t\t\t\t<\/div>\n\t\t\t\t<div class=\"elementor-element elementor-element-3ef1f70 elementor-widget elementor-widget-heading\" data-id=\"3ef1f70\" data-element_type=\"widget\" data-e-type=\"widget\" data-widget_type=\"heading.default\">\n\t\t\t\t\t<h2 class=\"elementor-heading-title elementor-size-default\">Durabilit\u00e9<\/h2>\t\t\t\t<\/div>\n\t\t\t\t<div class=\"elementor-element elementor-element-aa9bd71 elementor-widget elementor-widget-text-editor\" data-id=\"aa9bd71\" data-element_type=\"widget\" data-e-type=\"widget\" data-widget_type=\"text-editor.default\">\n\t\t\t\t\t\t\t\t\t<p>La beaut\u00e9 de Choquequirao r\u00e9side dans sa pr\u00e9servation, et nous avons l&#039;intention de la maintenir ainsi. Nous op\u00e9rons sous un r\u00e9gime de <b data-path-to-node=\"12\" data-index-in-node=\"107\">\u201c Ne laissez aucune trace \u201d<\/b> Notre philosophie repose sur la minimisation de notre impact environnemental et le soutien aux communaut\u00e9s locales. En faisant appel \u00e0 des porteurs locaux, en privil\u00e9giant les produits r\u00e9gionaux et en militant pour la protection de nos sites arch\u00e9ologiques, nous veillons \u00e0 ce que votre randonn\u00e9e contribue positivement \u00e0 la pr\u00e9servation du territoire et au bien-\u00eatre de ses habitants.<\/p>\t\t\t\t\t\t\t\t<\/div>\n\t\t\t\t<\/a>\n\t\t\t\t<\/div>\n\t\t\t\t<\/div>\n\t\t\t\t<\/div>","protected":false},"excerpt":{"rendered":"<p>About Us About Choquequirao Expeditions Welcome to Choquequirao Expeditions Beyond the path, into the heart of the Andes. At Choquequirao Expeditions, we don\u2019t just lead tours; we bridge the gap between curious explorers and the raw, untamed spirit of the Apur\u00edmac canyon. Founded on a deep love for our heritage, we specialize in the most [&hellip;]<\/p>\n","protected":false},"author":1,"featured_media":0,"parent":0,"menu_order":0,"comment_status":"closed","ping_status":"closed","template":"elementor_header_footer","meta":{"footnotes":""},"class_list":["post-1848","page","type-page","status-publish","hentry"],"_links":{"self":[{"href":"http:\/\/choquequirao-treks.com\/fr\/wp-json\/wp\/v2\/pages\/1848","targetHints":{"allow":["GET"]}}],"collection":[{"href":"http:\/\/choquequirao-treks.com\/fr\/wp-json\/wp\/v2\/pages"}],"about":[{"href":"http:\/\/choquequirao-treks.com\/fr\/wp-json\/wp\/v2\/types\/page"}],"author":[{"embeddable":true,"href":"http:\/\/choquequirao-treks.com\/fr\/wp-json\/wp\/v2\/users\/1"}],"replies":[{"embeddable":true,"href":"http:\/\/choquequirao-treks.com\/fr\/wp-json\/wp\/v2\/comments?post=1848"}],"version-history":[{"count":16,"href":"http:\/\/choquequirao-treks.com\/fr\/wp-json\/wp\/v2\/pages\/1848\/revisions"}],"predecessor-version":[{"id":2178,"href":"http:\/\/choquequirao-treks.com\/fr\/wp-json\/wp\/v2\/pages\/1848\/revisions\/2178"}],"wp:attachment":[{"href":"http:\/\/choquequirao-treks.com\/fr\/wp-json\/wp\/v2\/media?parent=1848"}],"curies":[{"name":"wp","href":"https:\/\/api.w.org\/{rel}","templated":true}]}}