{"id":1903,"date":"2026-03-09T08:07:38","date_gmt":"2026-03-09T08:07:38","guid":{"rendered":"https:\/\/choquequirao-treks.com\/?page_id=1903"},"modified":"2026-03-09T08:12:39","modified_gmt":"2026-03-09T08:12:39","slug":"vilcabamba-lhistoire-du-dernier-refuge-inca","status":"publish","type":"page","link":"http:\/\/choquequirao-treks.com\/fr\/blog\/vilcabamba-the-story-of-the-last-inca-refuge\/","title":{"rendered":"Vilcabamba : L&#039;histoire du dernier refuge inca"},"content":{"rendered":"<div data-elementor-type=\"wp-page\" data-elementor-id=\"1903\" class=\"elementor elementor-1903\" data-elementor-post-type=\"page\">\n\t\t\t\t<div class=\"elementor-element elementor-element-cd94d2c e-con-full e-flex e-con e-parent\" data-id=\"cd94d2c\" data-element_type=\"container\" data-e-type=\"container\" data-settings=\"{&quot;background_background&quot;:&quot;classic&quot;}\">\n\t\t\t\t<div class=\"elementor-element elementor-element-d81153a elementor--h-position-center elementor--v-position-middle elementor-arrows-position-inside elementor-widget elementor-widget-slides\" data-id=\"d81153a\" data-element_type=\"widget\" data-e-type=\"widget\" data-settings=\"{&quot;navigation&quot;:&quot;arrows&quot;,&quot;autoplay&quot;:&quot;yes&quot;,&quot;autoplay_speed&quot;:5000,&quot;infinite&quot;:&quot;yes&quot;,&quot;transition&quot;:&quot;slide&quot;,&quot;transition_speed&quot;:500}\" data-widget_type=\"slides.default\">\n\t\t\t\t\t\t\t\t\t\t<div class=\"elementor-slides-wrapper elementor-main-swiper swiper\" role=\"region\" aria-roledescription=\"carousel\" aria-label=\"Diapositives\" dir=\"ltr\" data-animation=\"zoomIn\">\n\t\t\t\t<div class=\"swiper-wrapper elementor-slides\">\n\t\t\t\t\t\t\t\t\t\t<div class=\"elementor-repeater-item-61bcbca swiper-slide\" role=\"group\" aria-roledescription=\"slide\"><div class=\"swiper-slide-bg elementor-ken-burns elementor-ken-burns--in\" role=\"img\" aria-label=\"Chqoeuqwuirao3\"><\/div><div class=\"elementor-background-overlay\"><\/div><a class=\"swiper-slide-inner\" href=\"#\"><div class=\"swiper-slide-contents\"><div class=\"elementor-slide-heading\">Vilcabamba : L&#039;histoire du dernier refuge inca<\/div><\/div><\/a><\/div>\t\t\t\t<\/div>\n\t\t\t\t\t\t\t<\/div>\n\t\t\t\t\t\t\t\t<\/div>\n\t\t\t\t<\/div>\n\t\t<div class=\"elementor-element elementor-element-fe312a1 e-con-full e-flex e-con e-parent\" data-id=\"fe312a1\" data-element_type=\"container\" data-e-type=\"container\" data-settings=\"{&quot;background_background&quot;:&quot;classic&quot;}\">\n\t\t\t\t<div class=\"elementor-element elementor-element-be1fe86 elementor-widget__width-initial elementor-invisible elementor-widget elementor-widget-text-editor\" data-id=\"be1fe86\" data-element_type=\"widget\" data-e-type=\"widget\" data-settings=\"{&quot;_animation&quot;:&quot;fadeInUp&quot;}\" data-widget_type=\"text-editor.default\">\n\t\t\t\t\t\t\t\t\t<h3>\u00a0<\/h3><h3><span style=\"color: #ffffff;\">Introduction<\/span><\/h3><p>Lorsque les Espagnols entr\u00e8rent \u00e0 Cusco en 1533, le monde crut que l&#039;Empire inca avait disparu. Il n&#039;en \u00e9tait rien. Pendant 36 ans encore, un \u00c9tat inca ind\u00e9pendant subsista dans les montagnes escarp\u00e9es de Vilcabamba. Quatre Incas r\u00e9gn\u00e8rent depuis la jungle, organis\u00e8rent une gu\u00e9rilla, perp\u00e9tu\u00e8rent leurs rituels sacr\u00e9s et r\u00e9sist\u00e8rent jusqu&#039;au dernier moment.<\/p><p>Voici l&#039;histoire que presque personne ne conna\u00eet : l&#039;histoire de la v\u00e9ritable fin de l&#039;Empire inca.<\/p><h3>\u00a0<\/h3><h3><span style=\"color: #ffffff;\">Le contexte : un empire en crise<\/span><\/h3><p>Pour comprendre Vilcabamba, il faut comprendre le chaos qui l&#039;a pr\u00e9c\u00e9d\u00e9.<\/p><ul><li><strong>1527:<\/strong> L&#039;Inca Huayna C\u00e1pac meurt d&#039;une \u00e9pid\u00e9mie (probablement la variole apport\u00e9e par les Europ\u00e9ens). L&#039;empire est partag\u00e9 entre ses deux fils\u00a0: Hu\u00e1scar \u00e0 Cusco et Atahualpa \u00e0 Quito.<\/li><li><strong>1532:<\/strong> Guerre civile. Atahualpa vainc Hu\u00e1scar. Mais avant qu&#039;il ne puisse consolider son pouvoir, Francisco Pizarro arrive \u00e0 Cajamarca avec 168 hommes.<\/li><li><strong>Novembre 1532 :<\/strong> Le pi\u00e8ge de Cajamarca. Pizarro capture Atahualpa. L&#039;Inca propose de remplir une pi\u00e8ce d&#039;or et deux d&#039;argent en \u00e9change de sa libert\u00e9.<\/li><li><strong>Juillet 1533 :<\/strong> Malgr\u00e9 le versement de la ran\u00e7on, les Espagnols ex\u00e9cutent Atahualpa.<\/li><li><strong>Novembre 1533 :<\/strong> Les Espagnols entrent dans Cusco. Ayant besoin d&#039;un souverain fantoche, ils couronnent Manco Inca, \u00e2g\u00e9 de 18 ans, un autre fils de Huayna C\u00e1pac.<\/li><\/ul><p>\u00a0<\/p><p>Les Espagnols pensaient avoir gagn\u00e9. Manco Inca avait d&#039;autres projets.<\/p><h3>\u00a0<\/h3><h3><span style=\"color: #ffffff;\">Manco Inca : Le Rebelle<\/span><\/h3><p>Manco Inca n&#039;\u00e9tait pas un imb\u00e9cile. Il n&#039;accepta la couronne que par n\u00e9cessit\u00e9. Il observa, apprit et attendit. Pendant deux ans, il endura de cruelles humiliations. Les fr\u00e8res Pizarro le trait\u00e8rent comme un serviteur\u00a0; Gonzalo Pizarro lui ravit sa premi\u00e8re \u00e9pouse. Il fut emprisonn\u00e9, encha\u00een\u00e9 et battu.<\/p><p>Manco Inca prenait note de chaque insulte et attendait son moment.<\/p><ul><li><strong>Avril 1536 :<\/strong> Le moment fatidique arriva. Manco Inca s&#039;\u00e9chappa de Cusco sous pr\u00e9texte de r\u00e9cup\u00e9rer une statue en or pour les Espagnols. Une fois libre, il rassembla ses arm\u00e9es. La riposte fut massive. Des dizaines de milliers de guerriers incas se rassembl\u00e8rent dans les montagnes entourant Cusco. Ce fut la plus grande r\u00e9bellion que les Espagnols aient jamais connue en Am\u00e9rique.<\/li><\/ul><h3>\u00a0<\/h3><h3><span style=\"color: #ffffff;\">Le si\u00e8ge de Cusco<\/span><\/h3><ul><li><strong>Mai 1536 :<\/strong> Les arm\u00e9es incas encercl\u00e8rent Cusco, coupant les lignes de ravitaillement et lan\u00e7ant des fl\u00e8ches enflamm\u00e9es et des pierres de fronde. Apr\u00e8s une bataille acharn\u00e9e, elles s&#039;empar\u00e8rent de la forteresse de Sacsayhuam\u00e1n. \u00c0 l&#039;int\u00e9rieur de la ville, il restait moins de 200 Espagnols. Leur survie semblait impossible.<\/li><\/ul><p>\u00a0<\/p><p>Le si\u00e8ge dura pr\u00e8s d&#039;un an. Les Espagnols, d\u00e9sesp\u00e9r\u00e9s, lanc\u00e8rent des charges suicides contre les positions incas. Leur cavalerie se r\u00e9v\u00e9la d\u00e9cisive\u00a0; les chevaux terrifiaient les guerriers qui n&#039;avaient jamais vu de tels animaux.<\/p><p>Cependant, ce qui sauva v\u00e9ritablement les Espagnols, c&#039;est le calendrier agricole. Les soldats incas \u00e9taient des agriculteurs. \u00c0 l&#039;arriv\u00e9e de la saison des semailles, nombre d&#039;entre eux lev\u00e8rent le si\u00e8ge pour retourner sur leurs terres et \u00e9viter une famine massive l&#039;ann\u00e9e suivante.<\/p><ul><li><strong>Mars 1537 :<\/strong> Manco Inca leva le si\u00e8ge. Bien qu&#039;il n&#039;ait pas r\u00e9ussi \u00e0 reprendre Cusco, il n&#039;\u00e9tait pas vaincu. Il prit une d\u00e9cision strat\u00e9gique\u00a0: se replier sur un lieu hors de port\u00e9e des Espagnols. Ce lieu \u00e9tait Vilcabamba.<\/li><\/ul><h3>\u00a0<\/h3><h3><span style=\"color: #ffffff;\">La retraite \u00e0 Vilcabamba<\/span><\/h3><p>Manco Inca connaissait sa g\u00e9ographie. Il savait qu&#039;au nord de Cusco, au-del\u00e0 de la Vall\u00e9e Sacr\u00e9e, s&#039;\u00e9tendait une r\u00e9gion de montagnes impossibles et de jungle imp\u00e9n\u00e9trable\u00a0: la cha\u00eene de Vilcabamba.<\/p><p>L&#039;acc\u00e8s \u00e9tait p\u00e9rilleux. Il fallait franchir des cols \u00e0 plus de 4\u00a0000 m\u00e8tres d&#039;altitude avant de descendre dans des vall\u00e9es tropicales envahies par la v\u00e9g\u00e9tation. Les chevaux espagnols, si performants en plaine, se seraient r\u00e9v\u00e9l\u00e9s inutilisables sur ces sentiers \u00e9troits et escarp\u00e9s.<\/p><p>Manco Inca \u00e9tablit sa premi\u00e8re capitale \u00e0 <strong>Vitcos<\/strong>, Il choisit un site \u00e0 3\u00a0000 m\u00e8tres d&#039;altitude offrant une vue panoramique sur la vall\u00e9e. De l\u00e0, il pouvait rep\u00e9rer les Espagnols qui approchaient et, si n\u00e9cessaire, se fondre plus profond\u00e9ment dans la jungle. Il y fit construire des palais, r\u00e9organisa son gouvernement et lan\u00e7a une gu\u00e9rilla qui allait hanter les Espagnols pendant des ann\u00e9es.<\/p><h3>\u00a0<\/h3><h3><span style=\"color: #ffffff;\">L&#039;\u00c9tat n\u00e9o-inca (1537\u20131572)<\/span><\/h3><p>Ce que Manco Inca a cr\u00e9\u00e9 \u00e0 Vilcabamba n&#039;\u00e9tait pas seulement une cachette ; c&#039;\u00e9tait un \u00c9tat inca fonctionnel.<\/p><ul><li><strong>Gouvernement:<\/strong> Il a maintenu la structure administrative de l&#039;empire. Les fonctionnaires, <em>quipucamayocs<\/em> (les gardiens des registres de n\u0153uds), et les pr\u00eatres veillaient \u00e0 ce que les lois incas restent en vigueur.<\/li><li><strong>Religion:<\/strong> Les rituels se poursuivirent. Le culte du Soleil et les offrandes au <em>huacas<\/em> a continu\u00e9 \u00e0 vivre au <strong>Rocher blanc de \u00d1ustah\u00edspana<\/strong>. Alors que le reste du P\u00e9rou \u00e9tait contraint \u00e0 la christianisation, les dieux incas restaient vivants \u00e0 Vilcabamba.<\/li><li><strong>\u00c9conomie:<\/strong> Les communaut\u00e9s locales produisaient des denr\u00e9es alimentaires, des textiles et des armes. Le commerce se poursuivait avec les r\u00e9gions alli\u00e9es\u00a0; l\u2019\u00c9tat \u00e9tait autosuffisant.<\/li><li><strong>Militaire:<\/strong> Des guerriers entra\u00een\u00e9s lanc\u00e8rent des attaques surprises contre les caravanes espagnoles, les villes de colons et les mines avant de dispara\u00eetre dans la for\u00eat.<\/li><li><strong>Diplomatie:<\/strong> Manco Inca a maintenu le contact avec des poches de r\u00e9sistance \u00e0 travers le P\u00e9rou, tentant de coordonner des soul\u00e8vements simultan\u00e9s.<\/li><\/ul><p>\u00a0<\/p><p>Les Espagnols \u00e9taient furieux. Ils avaient conquis un empire, mais \u00e9taient incapables d&#039;an\u00e9antir ce bastion rebelle. Toutes les exp\u00e9ditions qu&#039;ils envoy\u00e8rent \u00e0 Vilcabamba \u00e9chou\u00e8rent.<\/p><h3>\u00a0<\/h3><h3><span style=\"color: #ffffff;\">La mort de Manco Inca (1544)<\/span><\/h3><p>Ironie du sort, Manco Inca ne mourrait pas au combat, mais des mains des Espagnols qu&#039;il avait prot\u00e9g\u00e9s.<\/p><ul><li><strong>1541:<\/strong> Apr\u00e8s l&#039;assassinat de Francisco Pizarro \u00e0 Lima, la guerre civile espagnole \u00e9clata. Sept partisans de Diego de Almagro se r\u00e9fugi\u00e8rent \u00e0 Vilcabamba. Manco Inca leur accorda l&#039;asile et les traita bien pendant trois ans.<\/li><li><strong>1544:<\/strong> Alors qu&#039;il jouait aux fers \u00e0 cheval avec les r\u00e9fugi\u00e9s, Manco Inca leur tourna le dos. Un des Espagnols d\u00e9gaina un couteau et le poignarda\u00a0; les autres l&#039;achev\u00e8rent. Les assassins tent\u00e8rent de s&#039;enfuir, mais furent captur\u00e9s par les gardes incas. Leur mort fut d\u00e9crite dans les chroniques comme \u201c\u00a0tr\u00e8s lente et douloureuse\u00a0\u201d.\u201d<\/li><\/ul><p>\u00a0<\/p><p>Manco Inca avait environ 28 ans. Il avait r\u00e9sist\u00e9 pendant huit ans, laissant derri\u00e8re lui trois fils pour poursuivre le combat.<\/p><h3>\u00a0<\/h3><h3><span style=\"color: #ffffff;\">Sayri T\u00fapac : Le N\u00e9gociateur (1544\u20131560)<\/span><\/h3><p>Sayri T\u00fapac, le fils a\u00een\u00e9 de Manco Inca, n&#039;avait que cinq ans lorsque son p\u00e8re fut assassin\u00e9. Un conseil de nobles gouverna jusqu&#039;\u00e0 sa majorit\u00e9. Finalement, le vice-roi espagnol lui offrit terres, richesses et titres s&#039;il acceptait de quitter Vilcabamba et de vivre comme un noble espagnol.<\/p><ul><li><strong>1558:<\/strong> Sayri T\u00fapac accepta. Il quitta Vilcabamba, se fit baptiser et s&#039;installa dans la vall\u00e9e de Yucay. Les Espagnols pouss\u00e8rent un soupir de soulagement.<\/li><li><strong>1560:<\/strong> Sayri T\u00fapac est mort dans des circonstances myst\u00e9rieuses\u00a0; beaucoup soup\u00e7onnent un empoisonnement. Il n\u2019avait que 25\u00a0ans.<\/li><\/ul><p>\u00a0<\/p><p>Mais la r\u00e9sistance n&#039;\u00e9tait pas termin\u00e9e. Son demi-fr\u00e8re, <strong>Titu Cusi<\/strong>, est rest\u00e9 \u00e0 Vilcabamba.<\/p><h3>\u00a0<\/h3><h3><span style=\"color: #ffffff;\">Titu Cusi Yupanqui : le strat\u00e8ge (1560-1571)<\/span><\/h3><p>Titu Cusi avait assist\u00e9 au meurtre de son p\u00e8re lorsqu&#039;il \u00e9tait enfant et nourrissait une haine profonde envers les Espagnols. Cependant, c&#039;\u00e9tait un brillant strat\u00e8ge. Sachant qu&#039;il ne pouvait les vaincre militairement, il joua un double jeu.<\/p><ul><li><strong>Ext\u00e9rieurement:<\/strong> Il n\u00e9gocia, autorisa les missionnaires augustins \u00e0 s&#039;installer \u00e0 Vilcabamba et accepta m\u00eame le bapt\u00eame. Il signa des trait\u00e9s de paix et sembla souvent sur le point de capituler.<\/li><li><strong>Int\u00e9rieurement:<\/strong> Il a maintenu l&#039;\u00c9tat inca en activit\u00e9. Les guerriers ont continu\u00e9 \u00e0 s&#039;entra\u00eener et il n&#039;a jamais renonc\u00e9 au pouvoir r\u00e9el. Il a \u00e9galement dict\u00e9 ses m\u00e9moires \u00e0 un moine augustin. C&#039;est en grande partie gr\u00e2ce \u00e0 ce document que nous connaissons l&#039;histoire de la r\u00e9sistance inca. <em>\u201c&quot;Instruction de l&#039;Inga Don Diego de Castro Titu Cusi Yupanqui.&quot;\u201d<\/em><\/li><li><strong>1571:<\/strong> Titu Cusi mourut subitement, probablement d&#039;une pneumonie. Les Incas de Vilcabamba accus\u00e8rent le moine qui le soignait et le tu\u00e8rent, ainsi qu&#039;un autre missionnaire. Cela offrit aux Espagnols le pr\u00e9texte qu&#039;ils attendaient.<\/li><\/ul><h3>\u00a0<\/h3><h3><span style=\"color: #ffffff;\">T\u00fapac Amaru I\u00a0: le dernier Inca (1571-1572)<\/span><\/h3><p>Le fr\u00e8re cadet de Titu Cusi, T\u00fapac Amaru, prit le pouvoir. Il \u00e9tait le dernier fils survivant de Manco Inca. Contrairement \u00e0 son fr\u00e8re, il n&#039;\u00e9tait pas diplomate. Traditionaliste convaincu, il rompit tout contact avec les Espagnols, ferma Vilcabamba aux missionnaires et se pr\u00e9para \u00e0 la guerre.<\/p><p>Le nouveau vice-roi, Francisco de Toledo, d\u00e9cida de mettre fin une fois pour toutes \u00e0 l&#039;\u00c9tat n\u00e9o-inca. Celui-ci avait d\u00e9fi\u00e9 la couronne espagnole pendant 36 ans \u2013 une honte qu&#039;il fallait effacer.<\/p><ul><li><strong>Avril 1572 :<\/strong> Tol\u00e8de envoya une exp\u00e9dition militaire compos\u00e9e de 250 Espagnols et de milliers d&#039;alli\u00e9s indig\u00e8nes.<\/li><li><strong>Juin 1572 :<\/strong> Ils atteignirent Vilcabamba pour la trouver en flammes. T\u00fapac Amaru avait ordonn\u00e9 que tout soit incendi\u00e9 et s&#039;\u00e9tait enfui dans la jungle profonde. Des semaines plus tard, des soldats espagnols retrouv\u00e8rent l&#039;Inca dans une pirogue, fuyant le fleuve avec sa femme enceinte. T\u00fapac Amaru fut captur\u00e9 et ramen\u00e9 encha\u00een\u00e9 \u00e0 Cusco.<\/li><\/ul><h3>\u00a0<\/h3><h3><span style=\"color: #ffffff;\">L&#039;ex\u00e9cution<\/span><\/h3><p><strong>24 septembre 1572 :<\/strong> La place principale de Cusco \u00e9tait noire de monde. Des milliers d&#039;autochtones \u00e9taient venus assister \u00e0 la fin. T\u00fapac Amaru arriva sur une mule, v\u00eatu de v\u00eatements de deuil.<\/p><p>Tandis que l&#039;Inca montait sur l&#039;\u00e9chafaud, la foule se mit \u00e0 hurler. Le bruit \u00e9tait si fort que les chroniqueurs not\u00e8rent que \u201c la terre elle-m\u00eame semblait trembler \u201d. T\u00fapac Amaru leva la main, et le silence fut instantan\u00e9. Il parla :<\/p><p><em>\u201c&quot;Ccollanan Pachacamac ricuy auccacunac yahuarniy hichascancuta.&quot;\u201d<\/em> \u201c\u00a0Terre M\u00e8re, sois t\u00e9moin de la fa\u00e7on dont mes ennemis r\u00e9pandent mon sang.\u00a0\u201d<\/p><p>Le bourreau leva l&#039;\u00e9p\u00e9e et la laissa retomber. La t\u00eate de T\u00fapac Amaru roula sur le sol, marquant la fin de 36 ann\u00e9es de r\u00e9sistance. L&#039;Empire inca \u00e9tait officiellement an\u00e9anti.<\/p><h3>\u00a0<\/h3><h3><span style=\"color: #ffffff;\">Apr\u00e8s Vilcabamba<\/span><\/h3><p>Les Espagnols empal\u00e8rent la t\u00eate de T\u00fapac Amaru sur un poteau au centre de la place. Or, un ph\u00e9nom\u00e8ne \u00e9trange se produisit : la nuit venue, les indig\u00e8nes venaient la v\u00e9n\u00e9rer. La t\u00eate devint un objet de v\u00e9n\u00e9ration. Le vice-roi Tol\u00e8de ordonna finalement qu&#039;elle soit enterr\u00e9e en secret.<\/p><p>Vilcabamba fut abandonn\u00e9e et engloutie par la jungle. Pendant 300 ans, le dernier refuge inca tomba dans l&#039;oubli. En 1911, Hiram Bingham arriva \u00e0 la recherche de Vilcabamba, mais d\u00e9couvrit le Machu Picchu, croyant \u00e0 tort avoir trouv\u00e9 le refuge de Manco Inca. Ce n&#039;est qu&#039;en 1964 que l&#039;explorateur Gene Savoy l&#039;identifia correctement. <strong>Esp\u00edritu Pampa<\/strong> comme le v\u00e9ritable Vilcabamba.<\/p><h3>\u00a0<\/h3><h3><span style=\"color: #ffffff;\">L&#039;h\u00e9ritage de la r\u00e9sistance<\/span><\/h3><p>Pourquoi cette histoire est-elle importante ?<\/p><ul><li><strong>Elle red\u00e9finit la conqu\u00eate :<\/strong> Ce ne fut pas une victoire rapide ; ce fut un processus de r\u00e9sistance active qui dura 40 ans.<\/li><li><strong>T\u00fapac Amaru est devenu un symbole :<\/strong> Deux si\u00e8cles plus tard, un descendant reprit son nom et mena la plus grande r\u00e9bellion indig\u00e8ne de l&#039;histoire coloniale. Ce nom r\u00e9sonne encore aujourd&#039;hui dans les mouvements politiques d&#039;Am\u00e9rique latine.<\/li><li><strong>Vilcabamba est toujours l\u00e0 :<\/strong> Vous pouvez emprunter les m\u00eames sentiers que Manco Inca. Vous pouvez toucher le Rocher Blanc o\u00f9 les pr\u00eatres accomplissaient des rituels tandis que leur monde s&#039;effondrait.<\/li><\/ul><p>\u00a0<\/p><p>Moins de 500 personnes par an visitent ces sites. L&#039;histoire la plus dramatique du P\u00e9rou demeure presque oubli\u00e9e, attendant d&#039;\u00eatre entendue par ceux qui sont pr\u00eats \u00e0 la d\u00e9couvrir.<\/p><h3>\u00a0<\/h3><h3><span style=\"color: #ffffff;\">Sites que vous pouvez visiter aujourd&#039;hui<\/span><\/h3><ul><li><strong>Vitcos-Rosaspata :<\/strong> Premier refuge de Manco Inca. Un palais royal offrant une vue imprenable sur la vall\u00e9e, o\u00f9 il fut assassin\u00e9 en 1544.<\/li><li><strong>\u00d1ustahispana (Le Rocher Blanc) :<\/strong> Un \u00e9norme rocher de granit sculpt\u00e9 d&#039;escaliers et de canaux. La source d&#039;eau sacr\u00e9e jaillit encore de cette pierre.<\/li><li><strong>Esp\u00edritu Pampa:<\/strong> La v\u00e9ritable Vilcabamba. Plus de 400 structures recouvertes par la jungle \u2014 la capitale que les Espagnols incendi\u00e8rent en 1572.<\/li><li><strong>Choquequirao :<\/strong> Bien que n&#039;appartenant pas officiellement \u00e0 l&#039;\u00c9tat de Vilcabamba, ces deux sites l\u00e9gendaires y sont reli\u00e9s par des sentiers de randonn\u00e9e modernes.<\/li><\/ul><h3>\u00a0<\/h3><h3><span style=\"color: #ffffff;\">Chronologie r\u00e9capitulative<\/span><\/h3><table><thead><tr><td><p>Ann\u00e9e<\/p><\/td><td><p>\u00c9v\u00e9nement<\/p><\/td><\/tr><\/thead><tbody><tr><td><p><strong>1533<\/strong><\/p><\/td><td><p>Les Espagnols entrent \u00e0 Cusco ; Manco Inca est couronn\u00e9 comme marionnette.<\/p><\/td><\/tr><tr><td><p><strong>1536<\/strong><\/p><\/td><td><p>Manco Inca s&#039;\u00e9chappe et assi\u00e8ge Cusco avec des dizaines de milliers d&#039;hommes.<\/p><\/td><\/tr><tr><td><p><strong>1537<\/strong><\/p><\/td><td><p>Le si\u00e8ge \u00e9choue ; Manco Inca se retire \u00e0 Vilcabamba.<\/p><\/td><\/tr><tr><td><p><strong>1537\u20131544<\/strong><\/p><\/td><td><p>Manco Inca r\u00e8gne depuis Vitcos\u00a0; la gu\u00e9rilla commence.<\/p><\/td><\/tr><tr><td><p><strong>1544<\/strong><\/p><\/td><td><p>Manco Inca assassin\u00e9 par des r\u00e9fugi\u00e9s espagnols.<\/p><\/td><\/tr><tr><td><p><strong>1544\u20131560<\/strong><\/p><\/td><td><p>Sayri T\u00fapac r\u00e8gne, puis finit par n\u00e9gocier avec les Espagnols.<\/p><\/td><\/tr><tr><td><p><strong>1560\u20131571<\/strong><\/p><\/td><td><p>Le r\u00e8gne de Titu Cusi ; une p\u00e9riode de diplomatie strat\u00e9gique et de r\u00e9sistance.<\/p><\/td><\/tr><tr><td><p><strong>1572<\/strong><\/p><\/td><td><p>Les Espagnols envahissent Vilcabamba ; T\u00fapac Amaru Ier est captur\u00e9 et ex\u00e9cut\u00e9.<\/p><\/td><\/tr><\/tbody><\/table><p>\u00a0<\/p><h3><span style=\"color: #ffffff;\">Conclusion<\/span><\/h3><p>Vilcabamba n&#039;est pas qu&#039;un simple site arch\u00e9ologique\u00a0; c&#039;est le th\u00e9\u00e2tre du dernier acte d&#039;une civilisation. Pendant 36 ans, quatre Incas ont maintenu la r\u00e9sistance. Ils ont gouvern\u00e9, combattu, n\u00e9goci\u00e9 et p\u00e9ri. Finalement, ils ont \u00e9t\u00e9 vaincus, mais ils n&#039;ont pas baiss\u00e9 les bras.<\/p><p><span style=\"color: #ffffff;\"><strong>Souhaitez-vous visiter Vilcabamba ?<\/strong><\/span> Nos exp\u00e9ditions vous emm\u00e8nent sur les lieux m\u00eames o\u00f9 l&#039;Empire inca a livr\u00e9 son dernier combat.<\/p>\t\t\t\t\t\t\t\t<\/div>\n\t\t\t\t<\/div>\n\t\t<div class=\"elementor-element elementor-element-0c5a93a e-con-full e-flex e-con e-parent\" data-id=\"0c5a93a\" data-element_type=\"container\" data-e-type=\"container\" data-settings=\"{&quot;background_background&quot;:&quot;classic&quot;}\">\n\t\t<div class=\"elementor-element elementor-element-46d1dd3 e-con-full e-flex elementor-invisible e-con e-child\" data-id=\"46d1dd3\" data-element_type=\"container\" data-e-type=\"container\" data-settings=\"{&quot;animation&quot;:&quot;fadeInUp&quot;}\">\n\t\t\t\t<div class=\"elementor-element elementor-element-e21b8f2 elementor-widget-divider--view-line elementor-widget elementor-widget-divider\" data-id=\"e21b8f2\" data-element_type=\"widget\" data-e-type=\"widget\" data-widget_type=\"divider.default\">\n\t\t\t\t\t\t\t<div class=\"elementor-divider\">\n\t\t\t<span class=\"elementor-divider-separator\">\n\t\t\t\t\t\t<\/span>\n\t\t<\/div>\n\t\t\t\t\t\t<\/div>\n\t\t\t\t<\/div>\n\t\t\t\t<\/div>\n\t\t\t\t<\/div>","protected":false},"excerpt":{"rendered":"<p>Vilcabamba: The Story of the Last Inca Refuge \u00a0 Introduction When the Spanish entered Cusco in 1533, the world assumed the Inca Empire had come to an end. It had not. For 36 more years, an independent Inca state survived in the rugged mountains of Vilcabamba. Four Incas ruled from the jungle, organized guerrilla warfare, [&hellip;]<\/p>\n","protected":false},"author":1,"featured_media":0,"parent":1878,"menu_order":0,"comment_status":"closed","ping_status":"closed","template":"elementor_header_footer","meta":{"footnotes":""},"class_list":["post-1903","page","type-page","status-publish","hentry"],"_links":{"self":[{"href":"http:\/\/choquequirao-treks.com\/fr\/wp-json\/wp\/v2\/pages\/1903","targetHints":{"allow":["GET"]}}],"collection":[{"href":"http:\/\/choquequirao-treks.com\/fr\/wp-json\/wp\/v2\/pages"}],"about":[{"href":"http:\/\/choquequirao-treks.com\/fr\/wp-json\/wp\/v2\/types\/page"}],"author":[{"embeddable":true,"href":"http:\/\/choquequirao-treks.com\/fr\/wp-json\/wp\/v2\/users\/1"}],"replies":[{"embeddable":true,"href":"http:\/\/choquequirao-treks.com\/fr\/wp-json\/wp\/v2\/comments?post=1903"}],"version-history":[{"count":4,"href":"http:\/\/choquequirao-treks.com\/fr\/wp-json\/wp\/v2\/pages\/1903\/revisions"}],"predecessor-version":[{"id":1907,"href":"http:\/\/choquequirao-treks.com\/fr\/wp-json\/wp\/v2\/pages\/1903\/revisions\/1907"}],"up":[{"embeddable":true,"href":"http:\/\/choquequirao-treks.com\/fr\/wp-json\/wp\/v2\/pages\/1878"}],"wp:attachment":[{"href":"http:\/\/choquequirao-treks.com\/fr\/wp-json\/wp\/v2\/media?parent=1903"}],"curies":[{"name":"wp","href":"https:\/\/api.w.org\/{rel}","templated":true}]}}