{"id":1173,"date":"2026-03-06T15:06:45","date_gmt":"2026-03-06T15:06:45","guid":{"rendered":"https:\/\/choquequirao-treks.com\/?page_id=1173"},"modified":"2026-03-06T15:48:46","modified_gmt":"2026-03-06T15:48:46","slug":"politica-de-privacidade","status":"publish","type":"page","link":"http:\/\/choquequirao-treks.com\/pt\/privacy-policy\/","title":{"rendered":"Pol\u00edtica de Privacidade"},"content":{"rendered":"<div data-elementor-type=\"wp-page\" data-elementor-id=\"1173\" class=\"elementor elementor-1173\" data-elementor-post-type=\"page\">\n\t\t\t\t<div class=\"elementor-element elementor-element-cd94d2c e-con-full e-flex e-con e-parent\" data-id=\"cd94d2c\" data-element_type=\"container\" data-e-type=\"container\" data-settings=\"{&quot;background_background&quot;:&quot;classic&quot;}\">\n\t\t\t\t<div class=\"elementor-element elementor-element-d81153a elementor--h-position-center elementor--v-position-middle elementor-arrows-position-inside elementor-widget elementor-widget-slides\" data-id=\"d81153a\" data-element_type=\"widget\" data-e-type=\"widget\" data-settings=\"{&quot;navigation&quot;:&quot;arrows&quot;,&quot;autoplay&quot;:&quot;yes&quot;,&quot;autoplay_speed&quot;:5000,&quot;infinite&quot;:&quot;yes&quot;,&quot;transition&quot;:&quot;slide&quot;,&quot;transition_speed&quot;:500}\" data-widget_type=\"slides.default\">\n\t\t\t\t\t\t\t\t\t\t<div class=\"elementor-slides-wrapper elementor-main-swiper swiper\" role=\"region\" aria-roledescription=\"carousel\" aria-label=\"Slides\" dir=\"ltr\" data-animation=\"zoomIn\">\n\t\t\t\t<div class=\"swiper-wrapper elementor-slides\">\n\t\t\t\t\t\t\t\t\t\t<div class=\"elementor-repeater-item-61bcbca swiper-slide\" role=\"group\" aria-roledescription=\"slide\"><div class=\"swiper-slide-bg\" role=\"img\" aria-label=\"Chqoeuqwuirao3\"><\/div><div class=\"elementor-background-overlay\"><\/div><a class=\"swiper-slide-inner\" href=\"#\"><div class=\"swiper-slide-contents\"><div class=\"elementor-slide-heading\">Pol\u00edtica de Privacidade<\/div><\/div><\/a><\/div>\t\t\t\t<\/div>\n\t\t\t\t\t\t\t<\/div>\n\t\t\t\t\t\t\t\t<\/div>\n\t\t\t\t<\/div>\n\t\t<div class=\"elementor-element elementor-element-9d46e76 e-con-full e-flex e-con e-parent\" data-id=\"9d46e76\" data-element_type=\"container\" data-e-type=\"container\" data-settings=\"{&quot;background_background&quot;:&quot;classic&quot;}\">\n\t\t\t\t<div class=\"elementor-element elementor-element-63e8bee elementor-invisible elementor-widget elementor-widget-text-editor\" data-id=\"63e8bee\" data-element_type=\"widget\" data-e-type=\"widget\" data-settings=\"{&quot;_animation&quot;:&quot;fadeInUp&quot;}\" data-widget_type=\"text-editor.default\">\n\t\t\t\t\t\t\t\t\t<h1>Pol\u00edtica de Privacidade<\/h1>\t\t\t\t\t\t\t\t<\/div>\n\t\t\t\t<div class=\"elementor-element elementor-element-46bc8a6 elementor-invisible elementor-widget elementor-widget-text-editor\" data-id=\"46bc8a6\" data-element_type=\"widget\" data-e-type=\"widget\" data-settings=\"{&quot;_animation&quot;:&quot;fadeInUp&quot;}\" data-widget_type=\"text-editor.default\">\n\t\t\t\t\t\t\t\t\t<p>Esta Pol\u00edtica de Privacidade explica como a Choquequirao Expeditions (a \u201cEmpresa\u201d, \u201cn\u00f3s\u201d, \u201cnos\u201d) coleta, usa e protege as informa\u00e7\u00f5es pessoais de clientes e visitantes que utilizam nosso site e servi\u00e7os.<\/p><p>Ao fornecer seus dados pessoais e reservar qualquer um de nossos passeios, voc\u00ea concorda com as pr\u00e1ticas descritas nesta pol\u00edtica, em conformidade com as normas peruanas de prote\u00e7\u00e3o de dados pessoais.<\/p><p>\u00a0<\/p><ol><li><h4><span style=\"color: #ffffff;\"><strong> Informa\u00e7\u00f5es que coletamos<\/strong><\/span><\/h4><\/li><\/ol><p>Apenas coletamos as informa\u00e7\u00f5es pessoais necess\u00e1rias para fornecer e gerenciar nossos servi\u00e7os de viagem, incluindo: nome completo, dados do passaporte ou documento de identidade, nacionalidade, data de nascimento, informa\u00e7\u00f5es de contato (e-mail, telefone), dados de faturamento, datas da viagem e prefer\u00eancias.<\/p><p>Tamb\u00e9m podemos coletar informa\u00e7\u00f5es limitadas sobre sa\u00fade (como alergias ou condi\u00e7\u00f5es m\u00e9dicas) quando isso for relevante para sua seguran\u00e7a durante trilhas ou atividades em grandes altitudes, e essas informa\u00e7\u00f5es ser\u00e3o tratadas de forma confidencial.<\/p><p>Al\u00e9m disso, nosso site pode coletar dados t\u00e9cnicos por meio de cookies e tecnologias semelhantes para melhorar a experi\u00eancia do usu\u00e1rio e analisar o desempenho do site.<\/p><p>\u00a0<\/p><ol start=\"2\"><li><h4><span style=\"color: #ffffff;\"><strong> Como utilizamos suas informa\u00e7\u00f5es<\/strong><\/span><\/h4><\/li><\/ol><p>Utilizamos suas informa\u00e7\u00f5es pessoais para processar reservas, emitir confirma\u00e7\u00f5es e faturas, gerenciar autoriza\u00e7\u00f5es e ingressos, coordenar servi\u00e7os com fornecedores locais e comunicar detalhes importantes sobre sua viagem.<br \/>Os seus dados tamb\u00e9m poder\u00e3o ser utilizados, com o seu consentimento quando necess\u00e1rio, para enviar atualiza\u00e7\u00f5es, ofertas ou informa\u00e7\u00f5es de viagem relacionadas com os nossos servi\u00e7os, podendo optar por n\u00e3o receber estas comunica\u00e7\u00f5es a qualquer momento.<\/p><p>\u00a0<\/p><ol start=\"3\"><li><h4><span style=\"color: #ffffff;\"><strong> Partilha de informa\u00e7\u00f5es<\/strong><\/span><\/h4><\/li><\/ol><p>Para realizar sua excurs\u00e3o, talvez precisemos compartilhar certas informa\u00e7\u00f5es com fornecedores terceirizados, como hot\u00e9is, empresas de transporte, operadoras de trem e \u00f4nibus, guias locais e entidades governamentais (por exemplo, para emitir ingressos para s\u00edtios arqueol\u00f3gicos).<\/p><p>N\u00e3o vendemos nem alugamos seus dados pessoais a terceiros para fins de marketing pr\u00f3prio e exigimos que nossos fornecedores tratem suas informa\u00e7\u00f5es com seguran\u00e7a e apenas para fins relacionados \u00e0 sua viagem.<\/p><p>\u00a0<\/p><ol start=\"4\"><li><h4><span style=\"color: #ffffff;\"><strong> Seguran\u00e7a e reten\u00e7\u00e3o de dados<\/strong><\/span><\/h4><\/li><\/ol><p>Implementamos medidas t\u00e9cnicas e organizacionais razo\u00e1veis para proteger seus dados pessoais contra acesso n\u00e3o autorizado, perda ou uso indevido.<\/p><p>Suas informa\u00e7\u00f5es ser\u00e3o mantidas apenas pelo tempo necess\u00e1rio para cumprir as finalidades descritas nesta pol\u00edtica e para atender \u00e0s exig\u00eancias legais ou fiscais, ap\u00f3s o que ser\u00e3o exclu\u00eddas ou anonimizadas de forma segura.<\/p><p>\u00a0<\/p><ol start=\"5\"><li><h4><span style=\"color: #ffffff;\"><strong> Seus direitos<\/strong><\/span><\/h4><\/li><\/ol><p>Voc\u00ea pode entrar em contato conosco para acessar, atualizar, corrigir ou solicitar a exclus\u00e3o de seus dados pessoais, ou para se opor a certos tipos de processamento, sujeito \u00e0 legisla\u00e7\u00e3o aplic\u00e1vel.<\/p><p>Para exercer esses direitos ou para esclarecer quaisquer d\u00favidas sobre esta Pol\u00edtica de Privacidade, entre em contato conosco atrav\u00e9s das informa\u00e7\u00f5es fornecidas em nosso site.<\/p><p>\u00a0<\/p>\t\t\t\t\t\t\t\t<\/div>\n\t\t\t\t<\/div>\n\t\t<div class=\"elementor-element elementor-element-d52088c e-con-full e-flex e-con e-parent\" data-id=\"d52088c\" data-element_type=\"container\" data-e-type=\"container\" data-settings=\"{&quot;background_background&quot;:&quot;classic&quot;}\">\n\t\t\t\t<div class=\"elementor-element elementor-element-82d19ba elementor-widget-divider--view-line elementor-widget elementor-widget-divider\" data-id=\"82d19ba\" data-element_type=\"widget\" data-e-type=\"widget\" data-widget_type=\"divider.default\">\n\t\t\t\t\t\t\t<div class=\"elementor-divider\">\n\t\t\t<span class=\"elementor-divider-separator\">\n\t\t\t\t\t\t<\/span>\n\t\t<\/div>\n\t\t\t\t\t\t<\/div>\n\t\t\t\t<\/div>\n\t\t<div class=\"elementor-element elementor-element-a426caf e-con-full e-flex e-con e-parent\" data-id=\"a426caf\" data-element_type=\"container\" data-e-type=\"container\">\n\t\t\t\t<\/div>\n\t\t\t\t<\/div>","protected":false},"excerpt":{"rendered":"<p>Privacy Policy Privacy Policy This Privacy Policy explains how Choquequirao Expeditions (the \u201cCompany\u201d, \u201cwe\u201d, \u201cus\u201d) collects, uses, and protects the personal information of clients and visitors who use our website and services. By providing your personal data and booking any of our tours, you agree to the practices described in this policy, in accordance with [&hellip;]<\/p>\n","protected":false},"author":1,"featured_media":0,"parent":0,"menu_order":0,"comment_status":"closed","ping_status":"closed","template":"elementor_header_footer","meta":{"footnotes":""},"class_list":["post-1173","page","type-page","status-publish","hentry"],"_links":{"self":[{"href":"http:\/\/choquequirao-treks.com\/pt\/wp-json\/wp\/v2\/pages\/1173","targetHints":{"allow":["GET"]}}],"collection":[{"href":"http:\/\/choquequirao-treks.com\/pt\/wp-json\/wp\/v2\/pages"}],"about":[{"href":"http:\/\/choquequirao-treks.com\/pt\/wp-json\/wp\/v2\/types\/page"}],"author":[{"embeddable":true,"href":"http:\/\/choquequirao-treks.com\/pt\/wp-json\/wp\/v2\/users\/1"}],"replies":[{"embeddable":true,"href":"http:\/\/choquequirao-treks.com\/pt\/wp-json\/wp\/v2\/comments?post=1173"}],"version-history":[{"count":16,"href":"http:\/\/choquequirao-treks.com\/pt\/wp-json\/wp\/v2\/pages\/1173\/revisions"}],"predecessor-version":[{"id":1222,"href":"http:\/\/choquequirao-treks.com\/pt\/wp-json\/wp\/v2\/pages\/1173\/revisions\/1222"}],"wp:attachment":[{"href":"http:\/\/choquequirao-treks.com\/pt\/wp-json\/wp\/v2\/media?parent=1173"}],"curies":[{"name":"wp","href":"https:\/\/api.w.org\/{rel}","templated":true}]}}