{"id":1750,"date":"2026-03-09T05:07:42","date_gmt":"2026-03-09T05:07:42","guid":{"rendered":"https:\/\/choquequirao-treks.com\/?page_id=1750"},"modified":"2026-03-09T17:44:03","modified_gmt":"2026-03-09T17:44:03","slug":"destinos","status":"publish","type":"page","link":"http:\/\/choquequirao-treks.com\/pt\/destinations\/","title":{"rendered":"Destinos"},"content":{"rendered":"<div data-elementor-type=\"wp-page\" data-elementor-id=\"1750\" class=\"elementor elementor-1750\" data-elementor-post-type=\"page\">\n\t\t\t\t<div class=\"elementor-element elementor-element-cd94d2c e-con-full e-flex e-con e-parent\" data-id=\"cd94d2c\" data-element_type=\"container\" data-e-type=\"container\" data-settings=\"{&quot;background_background&quot;:&quot;classic&quot;}\">\n\t\t\t\t<div class=\"elementor-element elementor-element-d81153a elementor--h-position-center elementor--v-position-middle elementor-arrows-position-inside elementor-widget elementor-widget-slides\" data-id=\"d81153a\" data-element_type=\"widget\" data-e-type=\"widget\" data-settings=\"{&quot;navigation&quot;:&quot;arrows&quot;,&quot;autoplay&quot;:&quot;yes&quot;,&quot;autoplay_speed&quot;:5000,&quot;infinite&quot;:&quot;yes&quot;,&quot;transition&quot;:&quot;slide&quot;,&quot;transition_speed&quot;:500}\" data-widget_type=\"slides.default\">\n\t\t\t\t\t\t\t\t\t\t<div class=\"elementor-slides-wrapper elementor-main-swiper swiper\" role=\"region\" aria-roledescription=\"carousel\" aria-label=\"Slides\" dir=\"ltr\" data-animation=\"zoomIn\">\n\t\t\t\t<div class=\"swiper-wrapper elementor-slides\">\n\t\t\t\t\t\t\t\t\t\t<div class=\"elementor-repeater-item-61bcbca swiper-slide\" role=\"group\" aria-roledescription=\"slide\"><div class=\"swiper-slide-bg elementor-ken-burns elementor-ken-burns--in\" role=\"img\" aria-label=\"Chqoeuqwuirao3\"><\/div><div class=\"elementor-background-overlay\"><\/div><a class=\"swiper-slide-inner\" href=\"#\"><div class=\"swiper-slide-contents\"><div class=\"elementor-slide-heading\">Destinos<\/div><\/div><\/a><\/div>\t\t\t\t<\/div>\n\t\t\t\t\t\t\t<\/div>\n\t\t\t\t\t\t\t\t<\/div>\n\t\t\t\t<\/div>\n\t\t<div class=\"elementor-element elementor-element-9d46e76 e-con-full e-flex e-con e-parent\" data-id=\"9d46e76\" data-element_type=\"container\" data-e-type=\"container\" data-settings=\"{&quot;background_background&quot;:&quot;classic&quot;}\">\n\t\t\t\t<div class=\"elementor-element elementor-element-63e8bee elementor-invisible elementor-widget elementor-widget-text-editor\" data-id=\"63e8bee\" data-element_type=\"widget\" data-e-type=\"widget\" data-settings=\"{&quot;_animation&quot;:&quot;fadeInUp&quot;}\" data-widget_type=\"text-editor.default\">\n\t\t\t\t\t\t\t\t\t<h1 data-path-to-node=\"3\"><span style=\"color: #ffffff;\">Descubra os \u00faltimos redutos dos Incas.<\/span><\/h1>\t\t\t\t\t\t\t\t<\/div>\n\t\t\t\t<div class=\"elementor-element elementor-element-46bc8a6 elementor-invisible elementor-widget elementor-widget-text-editor\" data-id=\"46bc8a6\" data-element_type=\"widget\" data-e-type=\"widget\" data-settings=\"{&quot;_animation&quot;:&quot;fadeInUp&quot;}\" data-widget_type=\"text-editor.default\">\n\t\t\t\t\t\t\t\t\t<p data-path-to-node=\"4\">Embarque em uma jornada atrav\u00e9s da hist\u00f3ria e das paisagens de alta altitude. Em <strong><span style=\"color: #ffffff;\">Choquequirao Expeditions<\/span><\/strong>, Somos especializados nos dois destinos mais lend\u00e1rios \u2014 e menos explorados \u2014 dos Andes peruanos.<\/p><h4 data-path-to-node=\"5\"><span style=\"color: #ffffff;\">Choquequirao: A Irm\u00e3 Sagrada<\/span><\/h4><p data-path-to-node=\"6\">Frequentemente chamada de \u201cCidade Irm\u00e3\u201d de Machu Picchu, <b data-path-to-node=\"6\" data-index-in-node=\"48\">Choquequirao<\/b> \u00c9 uma imponente cidadela inca situada acima do c\u00e2nion do Apur\u00edmac. Acess\u00edvel apenas a p\u00e9, essa maravilha arqueol\u00f3gica oferece uma experi\u00eancia aut\u00eantica e genu\u00edna, onde as nuvens encontram a pedra ancestral. \u00c9 um destino para quem busca solid\u00e3o, grandiosidade e uma profunda conex\u00e3o com o passado.<\/p><h4 data-path-to-node=\"7\"><span style=\"color: #ffffff;\">Vilcabamba: A Cidade Perdida<\/span><\/h4><p data-path-to-node=\"8\">Nas profundezas da exuberante selva das terras altas, encontra-se <b data-path-to-node=\"8\" data-index-in-node=\"55\">Vilcabamba<\/b>, Vilcabamba, o \u00faltimo ref\u00fagio do Imp\u00e9rio Inca. Conhecida como a \u201cCidade Perdida\u201d, este local foi palco da \u00faltima resist\u00eancia dos Incas contra a conquista espanhola. Uma trilha at\u00e9 Vilcabamba \u00e9 mais do que uma caminhada; \u00e9 uma expedi\u00e7\u00e3o ao cora\u00e7\u00e3o da resist\u00eancia e do mist\u00e9rio, cercada por natureza selvagem e hist\u00f3rias n\u00e3o contadas.<\/p>\t\t\t\t\t\t\t\t<\/div>\n\t\t\t\t<\/div>\n\t\t<div class=\"elementor-element elementor-element-d52088c e-con-full e-flex e-con e-parent\" data-id=\"d52088c\" data-element_type=\"container\" data-e-type=\"container\" data-settings=\"{&quot;background_background&quot;:&quot;classic&quot;}\">\n\t\t<div class=\"elementor-element elementor-element-18baa8c e-con-full e-flex e-con e-child\" data-id=\"18baa8c\" data-element_type=\"container\" data-e-type=\"container\" data-settings=\"{&quot;background_background&quot;:&quot;classic&quot;}\">\n\t\t<a class=\"elementor-element elementor-element-33372a9 e-con-full e-flex elementor-invisible e-con e-child\" data-id=\"33372a9\" data-element_type=\"container\" data-e-type=\"container\" data-settings=\"{&quot;animation&quot;:&quot;fadeInLeft&quot;}\" href=\"http:\/\/choquequirao-treks.com\/pt\/destinations\/choquequirao\/\">\n\t\t\t\t<div class=\"elementor-element elementor-element-314b878 elementor-widget elementor-widget-image\" data-id=\"314b878\" data-element_type=\"widget\" data-e-type=\"widget\" data-widget_type=\"image.default\">\n\t\t\t\t\t\t\t\t\t\t\t\t\t\t\t<img fetchpriority=\"high\" decoding=\"async\" width=\"1800\" height=\"1600\" src=\"http:\/\/choquequirao-treks.com\/wp-content\/uploads\/2026\/03\/choquequirao007.jpg\" class=\"elementor-animation-grow attachment-full size-full wp-image-1767\" alt=\"\" srcset=\"http:\/\/choquequirao-treks.com\/wp-content\/uploads\/2026\/03\/choquequirao007.jpg 1800w, http:\/\/choquequirao-treks.com\/wp-content\/uploads\/2026\/03\/choquequirao007-300x267.jpg 300w, http:\/\/choquequirao-treks.com\/wp-content\/uploads\/2026\/03\/choquequirao007-1024x910.jpg 1024w, http:\/\/choquequirao-treks.com\/wp-content\/uploads\/2026\/03\/choquequirao007-768x683.jpg 768w, http:\/\/choquequirao-treks.com\/wp-content\/uploads\/2026\/03\/choquequirao007-1536x1365.jpg 1536w, http:\/\/choquequirao-treks.com\/wp-content\/uploads\/2026\/03\/choquequirao007-14x12.jpg 14w\" sizes=\"(max-width: 1800px) 100vw, 1800px\" \/>\t\t\t\t\t\t\t\t\t\t\t\t\t\t\t<\/div>\n\t\t\t\t<div class=\"elementor-element elementor-element-34f9c25 elementor-widget elementor-widget-heading\" data-id=\"34f9c25\" data-element_type=\"widget\" data-e-type=\"widget\" data-widget_type=\"heading.default\">\n\t\t\t\t\t<h2 class=\"elementor-heading-title elementor-size-default\">Choquequirao<\/h2>\t\t\t\t<\/div>\n\t\t\t\t<div class=\"elementor-element elementor-element-cbf62f0 elementor-widget elementor-widget-text-editor\" data-id=\"cbf62f0\" data-element_type=\"widget\" data-e-type=\"widget\" data-widget_type=\"text-editor.default\">\n\t\t\t\t\t\t\t\t\t<p>Choquequirao \u00e9 uma remota cidadela inca situada acima do c\u00e2nion do Apur\u00edmac, muitas vezes chamada de &quot;cidade irm\u00e3&quot; de Machu Picchu. Esta desafiadora trilha de v\u00e1rios dias recompensa os caminhantes com paisagens andinas espetaculares, trilhas tranquilas e vastos terra\u00e7os e pra\u00e7as ainda envoltos pela floresta nublada.<\/p>\t\t\t\t\t\t\t\t<\/div>\n\t\t\t\t<\/a>\n\t\t<a class=\"elementor-element elementor-element-c842db2 e-con-full e-flex elementor-invisible e-con e-child\" data-id=\"c842db2\" data-element_type=\"container\" data-e-type=\"container\" data-settings=\"{&quot;animation&quot;:&quot;fadeInUp&quot;}\" href=\"http:\/\/choquequirao-treks.com\/pt\/destinations\/vilcabamba\/\">\n\t\t\t\t<div class=\"elementor-element elementor-element-785147c elementor-widget elementor-widget-image\" data-id=\"785147c\" data-element_type=\"widget\" data-e-type=\"widget\" data-widget_type=\"image.default\">\n\t\t\t\t\t\t\t\t\t\t\t\t\t\t\t<img decoding=\"async\" width=\"800\" height=\"711\" src=\"http:\/\/choquequirao-treks.com\/wp-content\/uploads\/2026\/03\/vilcabamba007-1024x910.jpg\" class=\"elementor-animation-grow attachment-large size-large wp-image-1765\" alt=\"\" srcset=\"http:\/\/choquequirao-treks.com\/wp-content\/uploads\/2026\/03\/vilcabamba007-1024x910.jpg 1024w, http:\/\/choquequirao-treks.com\/wp-content\/uploads\/2026\/03\/vilcabamba007-300x267.jpg 300w, http:\/\/choquequirao-treks.com\/wp-content\/uploads\/2026\/03\/vilcabamba007-768x683.jpg 768w, http:\/\/choquequirao-treks.com\/wp-content\/uploads\/2026\/03\/vilcabamba007-1536x1365.jpg 1536w, http:\/\/choquequirao-treks.com\/wp-content\/uploads\/2026\/03\/vilcabamba007-14x12.jpg 14w, http:\/\/choquequirao-treks.com\/wp-content\/uploads\/2026\/03\/vilcabamba007.jpg 1800w\" sizes=\"(max-width: 800px) 100vw, 800px\" \/>\t\t\t\t\t\t\t\t\t\t\t\t\t\t\t<\/div>\n\t\t\t\t<div class=\"elementor-element elementor-element-3b3bd59 elementor-widget elementor-widget-heading\" data-id=\"3b3bd59\" data-element_type=\"widget\" data-e-type=\"widget\" data-widget_type=\"heading.default\">\n\t\t\t\t\t<h2 class=\"elementor-heading-title elementor-size-default\">Vilcabamba<\/h2>\t\t\t\t<\/div>\n\t\t\t\t<div class=\"elementor-element elementor-element-e8505f3 elementor-widget elementor-widget-text-editor\" data-id=\"e8505f3\" data-element_type=\"widget\" data-e-type=\"widget\" data-widget_type=\"text-editor.default\">\n\t\t\t\t\t\t\t\t\t<p>Vilcabamba \u00e9 o \u00faltimo basti\u00e3o do Imp\u00e9rio Inca, escondido no cora\u00e7\u00e3o da floresta nublada ao redor de Espiritu Pampa. Trilhas de v\u00e1rios dias por essa regi\u00e3o remota combinam paisagens intocadas, comunidades qu\u00e9chuas isoladas e ru\u00ednas atmosf\u00e9ricas ligadas \u00e0 resist\u00eancia final de Manco Inca.<\/p>\t\t\t\t\t\t\t\t<\/div>\n\t\t\t\t<\/a>\n\t\t\t\t<\/div>\n\t\t\t\t<\/div>\n\t\t<div class=\"elementor-element elementor-element-b2d249d e-con-full e-flex e-con e-parent\" data-id=\"b2d249d\" data-element_type=\"container\" data-e-type=\"container\" data-settings=\"{&quot;background_background&quot;:&quot;classic&quot;}\">\n\t\t\t\t<div class=\"elementor-element elementor-element-21e99a1 elementor-invisible elementor-widget elementor-widget-text-editor\" data-id=\"21e99a1\" data-element_type=\"widget\" data-e-type=\"widget\" data-settings=\"{&quot;_animation&quot;:&quot;fadeInUp&quot;}\" data-widget_type=\"text-editor.default\">\n\t\t\t\t\t\t\t\t\t<p>\u00a0<\/p><hr data-path-to-node=\"9\" \/><h3 data-path-to-node=\"10\"><span style=\"color: #ffffff;\">Por que nos escolher?<\/span><\/h3><p data-path-to-node=\"11\">N\u00e3o nos limitamos a guiar; compartilhamos os segredos desses caminhos sagrados. Seja voc\u00ea um admirador da majestade arquitet\u00f4nica de Choquequirao ou um explorador da intriga hist\u00f3rica de Vilcabamba, oferecemos a experi\u00eancia e a paix\u00e3o necess\u00e1rias para tornar sua aventura inesquec\u00edvel.<\/p><p data-path-to-node=\"11\">\u00a0<\/p>\t\t\t\t\t\t\t\t<\/div>\n\t\t\t\t<\/div>\n\t\t\t\t<\/div>","protected":false},"excerpt":{"rendered":"<p>Destinations Discover the Last Strongholds of the Incas Embark on a journey through history and high-altitude landscapes. At Choquequirao Expeditions, we specialize in the two most legendary\u2014yet least explored\u2014destinations in the Peruvian Andes. Choquequirao: The Sacred Sister Often called the &#8220;Sister City&#8221; of Machu Picchu, Choquequirao is a massive Inca citadel perched above the Apur\u00edmac [&hellip;]<\/p>\n","protected":false},"author":1,"featured_media":0,"parent":0,"menu_order":0,"comment_status":"closed","ping_status":"closed","template":"elementor_header_footer","meta":{"footnotes":""},"class_list":["post-1750","page","type-page","status-publish","hentry"],"_links":{"self":[{"href":"http:\/\/choquequirao-treks.com\/pt\/wp-json\/wp\/v2\/pages\/1750","targetHints":{"allow":["GET"]}}],"collection":[{"href":"http:\/\/choquequirao-treks.com\/pt\/wp-json\/wp\/v2\/pages"}],"about":[{"href":"http:\/\/choquequirao-treks.com\/pt\/wp-json\/wp\/v2\/types\/page"}],"author":[{"embeddable":true,"href":"http:\/\/choquequirao-treks.com\/pt\/wp-json\/wp\/v2\/users\/1"}],"replies":[{"embeddable":true,"href":"http:\/\/choquequirao-treks.com\/pt\/wp-json\/wp\/v2\/comments?post=1750"}],"version-history":[{"count":20,"href":"http:\/\/choquequirao-treks.com\/pt\/wp-json\/wp\/v2\/pages\/1750\/revisions"}],"predecessor-version":[{"id":2131,"href":"http:\/\/choquequirao-treks.com\/pt\/wp-json\/wp\/v2\/pages\/1750\/revisions\/2131"}],"wp:attachment":[{"href":"http:\/\/choquequirao-treks.com\/pt\/wp-json\/wp\/v2\/media?parent=1750"}],"curies":[{"name":"wp","href":"https:\/\/api.w.org\/{rel}","templated":true}]}}