{"id":1833,"date":"2026-03-09T06:52:46","date_gmt":"2026-03-09T06:52:46","guid":{"rendered":"https:\/\/choquequirao-treks.com\/?page_id=1833"},"modified":"2026-03-09T07:00:51","modified_gmt":"2026-03-09T07:00:51","slug":"niveis-de-dificuldade","status":"publish","type":"page","link":"http:\/\/choquequirao-treks.com\/pt\/plan-your-trip\/difficulty-levels\/","title":{"rendered":"N\u00edveis de dificuldade"},"content":{"rendered":"<div data-elementor-type=\"wp-page\" data-elementor-id=\"1833\" class=\"elementor elementor-1833\" data-elementor-post-type=\"page\">\n\t\t\t\t<div class=\"elementor-element elementor-element-cd94d2c e-con-full e-flex e-con e-parent\" data-id=\"cd94d2c\" data-element_type=\"container\" data-e-type=\"container\" data-settings=\"{&quot;background_background&quot;:&quot;classic&quot;}\">\n\t\t\t\t<div class=\"elementor-element elementor-element-d81153a elementor--h-position-center elementor--v-position-middle elementor-arrows-position-inside elementor-widget elementor-widget-slides\" data-id=\"d81153a\" data-element_type=\"widget\" data-e-type=\"widget\" data-settings=\"{&quot;navigation&quot;:&quot;arrows&quot;,&quot;autoplay&quot;:&quot;yes&quot;,&quot;autoplay_speed&quot;:5000,&quot;infinite&quot;:&quot;yes&quot;,&quot;transition&quot;:&quot;slide&quot;,&quot;transition_speed&quot;:500}\" data-widget_type=\"slides.default\">\n\t\t\t\t\t\t\t\t\t\t<div class=\"elementor-slides-wrapper elementor-main-swiper swiper\" role=\"region\" aria-roledescription=\"carousel\" aria-label=\"Slides\" dir=\"ltr\" data-animation=\"zoomIn\">\n\t\t\t\t<div class=\"swiper-wrapper elementor-slides\">\n\t\t\t\t\t\t\t\t\t\t<div class=\"elementor-repeater-item-61bcbca swiper-slide\" role=\"group\" aria-roledescription=\"slide\"><div class=\"swiper-slide-bg elementor-ken-burns elementor-ken-burns--in\" role=\"img\" aria-label=\"Chqoeuqwuirao3\"><\/div><div class=\"elementor-background-overlay\"><\/div><a class=\"swiper-slide-inner\" href=\"#\"><div class=\"swiper-slide-contents\"><div class=\"elementor-slide-heading\">N\u00edveis de dificuldade<\/div><\/div><\/a><\/div>\t\t\t\t<\/div>\n\t\t\t\t\t\t\t<\/div>\n\t\t\t\t\t\t\t\t<\/div>\n\t\t\t\t<\/div>\n\t\t<div class=\"elementor-element elementor-element-fe312a1 e-con-full e-flex e-con e-parent\" data-id=\"fe312a1\" data-element_type=\"container\" data-e-type=\"container\" data-settings=\"{&quot;background_background&quot;:&quot;classic&quot;}\">\n\t\t\t\t<div class=\"elementor-element elementor-element-be1fe86 elementor-widget__width-initial elementor-invisible elementor-widget elementor-widget-text-editor\" data-id=\"be1fe86\" data-element_type=\"widget\" data-e-type=\"widget\" data-settings=\"{&quot;_animation&quot;:&quot;fadeInUp&quot;}\" data-widget_type=\"text-editor.default\">\n\t\t\t\t\t\t\t\t\t<h1 style=\"text-align: center;\"><span style=\"color: #ffffff;\">Encontre a trilha ideal para sua experi\u00eancia e condi\u00e7\u00e3o f\u00edsica.<\/span><\/h1><p>\u00a0<\/p><h4><span style=\"color: #ffffff;\">Nosso sistema de classifica\u00e7\u00e3o<\/span><\/h4><p>Classificamos nossas trilhas em cinco n\u00edveis com base na exig\u00eancia f\u00edsica, altitude m\u00e1xima, dura\u00e7\u00e3o e condi\u00e7\u00f5es do terreno.<\/p><table><thead><tr><td><p><strong>N\u00edvel<\/strong><\/p><\/td><td><p><strong>Descri\u00e7\u00e3o<\/strong><\/p><\/td><td><p><strong>Para quem<\/strong><\/p><\/td><\/tr><\/thead><tbody><tr><td><p>\u25cf\u25cb\u25cb\u25cb\u25cb<\/p><\/td><td><p>F\u00e1cil<\/p><\/td><td><p>Qualquer pessoa com sa\u00fade normal.<\/p><\/td><\/tr><tr><td><p>\u25cf\u25cf\u25cb\u25cb\u25cb<\/p><\/td><td><p>Moderado<\/p><\/td><td><p>Pessoas ativas, sem necessidade de experi\u00eancia pr\u00e9via.<\/p><\/td><\/tr><tr><td><p>\u25cf\u25cf\u25cf\u25cb\u25cb<\/p><\/td><td><p>Moderado-Alto<\/p><\/td><td><p>Boa condi\u00e7\u00e3o f\u00edsica, prepara\u00e7\u00e3o recomendada<\/p><\/td><\/tr><tr><td><p>\u25cf\u25cf\u25cf\u25cf\u25cb<\/p><\/td><td><p>Alto<\/p><\/td><td><p>Experi\u00eancia em trekking, excelente preparo f\u00edsico<\/p><\/td><\/tr><tr><td><p>\u25cf\u25cf\u25cf\u25cf\u25cf<\/p><\/td><td><p>Muito alto<\/p><\/td><td><p>Apenas para caminhantes experientes, com esp\u00edrito de expedi\u00e7\u00e3o.<\/p><\/td><\/tr><\/tbody><\/table><p>\u00a0<\/p><h4><span style=\"color: #ffffff;\">Trilhas por n\u00edvel de dificuldade<\/span><\/h4><p>\u00a0<\/p><ul><li><span style=\"color: #ffffff;\"><strong>\u25cf\u25cf\u25cb\u25cb Moderado-Alto<\/strong> <\/span>Trekking Cl\u00e1ssico 4D\/3N | Glamping de Luxo 5D\/4N<\/li><\/ul><p>\u00a0<\/p><p>Caracter\u00edsticas:<\/p><ul><li>Dist\u00e2ncia total de 60 km<\/li><li>Altitude m\u00e1xima: 3.050 m<\/li><li>Varia\u00e7\u00e3o m\u00e1xima de altitude por dia: 1.500 m<\/li><li>Horas de caminhada: 6 a 7 por dia<\/li><li>Terreno: Trilha bem sinalizada, com alguns trechos \u00edngremes.<\/li><\/ul><p>\u00a0<\/p><p>Mais exigentes: O segundo dia (subida a Choquequirao) e o quarto dia (subida de volta a Cachora) s\u00e3o os mais dif\u00edceis. Cada um envolve uma subida de 1.500 metros de desn\u00edvel positivo.<\/p><p>Requisitos:<\/p><ul><li>Boa condi\u00e7\u00e3o f\u00edsica geral<\/li><li>Capacidade de caminhar de 6 a 7 horas por dia.<\/li><li>N\u00e3o \u00e9 necess\u00e1rio ter experi\u00eancia pr\u00e9via em trekking.<\/li><li>Recomenda-se um per\u00edodo de prepara\u00e7\u00e3o de 6 a 8 semanas.<\/li><\/ul><p>\u00a0<\/p><p>Para quem \u00e9?<\/p><ul><li>Primeira experi\u00eancia de trekking em altitude<\/li><li>Pessoas ativas que praticam exerc\u00edcios regularmente<\/li><li>Viajantes que buscam um desafio, mas um desafio alcan\u00e7\u00e1vel.<\/li><li>Idade: 14 a 70 anos com boa sa\u00fade<\/li><\/ul><p>\u00a0<\/p><ul><li><span style=\"color: #ffffff;\"><strong>\u25cf\u25cf\u25cf\u25cb Alto<\/strong> <\/span>Choquequirao + Machu Picchu 6D\/5N | Choquequirao + Machu Picchu 7D\/6N | Choquequirao + Machu Picchu 8D\/7N | A Grande Travessia Inca 6D\/5N | A Grande Travessia Inca 7D\/6N | Choquequirao + Vilcabamba 8D\/7N<\/li><\/ul><p>\u00a0<\/p><p>Caracter\u00edsticas:<\/p><ul><li>dist\u00e2ncia total de 85 a 100 km<\/li><li>Altitude m\u00e1xima: 4.650 m (Passo de San Juan)<\/li><li>Varia\u00e7\u00e3o m\u00e1xima de altitude por dia: 1.600 m<\/li><li>Horas de caminhada: 6 a 9 por dia<\/li><li>Terreno: Variado, incluindo altas passagens de montanha.<\/li><\/ul><p>\u00a0<\/p><p>O desafio mais exigente: A travessia do Passo de San Juan (4.650 m) \u00e9 o maior obst\u00e1culo. Envolve 5 horas de subida constante seguidas de 3 a 4 horas de descida. A altitude e o esfor\u00e7o prolongado exigem excelente prepara\u00e7\u00e3o.<\/p><p>Requisitos:<\/p><ul><li>Excelente condicionamento f\u00edsico<\/li><li>Experi\u00eancia pr\u00e9via com caminhadas longas (recomendada)<\/li><li>Capacidade de caminhar em dias consecutivos<\/li><li>8 a 12 semanas de prepara\u00e7\u00e3o<\/li><li>Aclimata\u00e7\u00e3o adequada em Cusco (m\u00ednimo de 2 a 3 dias)<\/li><\/ul><p>\u00a0<\/p><p>Para quem \u00e9?<\/p><ul><li>Caminhantes com alguma experi\u00eancia<\/li><li>Pessoas que treinam regularmente<\/li><li>Viajantes em busca de um desafio significativo<\/li><li>Idade: 16 a 65 anos, com excelente sa\u00fade.<\/li><li><strong>\u25cf\u25cf\u25cf\u25cf Muito Alto<\/strong> A Trilogia Inca 10D\/9N<\/li><\/ul><p>\u00a0<\/p><p>Caracter\u00edsticas:<\/p><ul><li>Dist\u00e2ncia total superior a 120 km<\/li><li>Altitude m\u00e1xima: 4.650 m<\/li><li>Altitude m\u00ednima: 1.000 m (Esp\u00edritu Pampa)<\/li><li>Horas de caminhada: 6 a 9 por dia, durante 7 a 8 dias.<\/li><li>Terreno: Todos os tipos, incluindo selva alta.<\/li><li>\u00c1reas remotas sem infraestrutura tur\u00edstica<\/li><\/ul><p>\u00a0<\/p><p>O aspecto mais exigente: A dura\u00e7\u00e3o \u00e9 o maior desafio. Dez dias de expedi\u00e7\u00e3o com terreno vari\u00e1vel, altitudes extremas, mudan\u00e7as clim\u00e1ticas e acomoda\u00e7\u00f5es b\u00e1sicas em alguns trechos. Requer resist\u00eancia f\u00edsica e mental.<\/p><p>Requisitos:<\/p><ul><li>Excelente condicionamento f\u00edsico comprovado<\/li><li>Experi\u00eancia pr\u00e9via em trekking de v\u00e1rios dias (obrigat\u00f3ria)<\/li><li>Capacidade de adapta\u00e7\u00e3o a condi\u00e7\u00f5es vari\u00e1veis.<\/li><li>Mentalidade de expedi\u00e7\u00e3o (n\u00e3o mentalidade de excurs\u00e3o tur\u00edstica)<\/li><li>Mais de 12 semanas de prepara\u00e7\u00e3o<\/li><li>Aclimata\u00e7\u00e3o rigorosa (m\u00ednimo de 3 dias em Cusco)<\/li><\/ul><p>\u00a0<\/p><p>Para quem \u00e9?<\/p><ul><li>Caminhantes experientes<\/li><li>Aventureiros em busca do desafio supremo<\/li><li>Entusiastas da hist\u00f3ria inca dispostos a se desafiar<\/li><li>Pessoas que j\u00e1 completaram outras trilhas de v\u00e1rios dias<\/li><li>Idade: 18 a 60 anos, com excelente sa\u00fade e experi\u00eancia.<\/li><\/ul><p>\u00a0<\/p><h4><span style=\"color: #ffffff;\">Tabela de compara\u00e7\u00e3o completa<\/span><\/h4><table><thead><tr><td><p><strong>Percorrer<\/strong><\/p><\/td><td><p><strong>Dist\u00e2ncia<\/strong><\/p><\/td><td><p><strong>Alt. m\u00e1x.<\/strong><\/p><\/td><td><p><strong>Dias de caminhada<\/strong><\/p><\/td><td><p><strong>Dificuldade<\/strong><\/p><\/td><\/tr><\/thead><tbody><tr><td><p>Trek Cl\u00e1ssico 4D\/3N<\/p><\/td><td><p>60 km<\/p><\/td><td><p>3.050 m<\/p><\/td><td><p>4<\/p><\/td><td><p>\u25cf\u25cf\u25cf\u25cb\u25cb<\/p><\/td><\/tr><tr><td><p>Glamping de luxo 5 dias\/4 noites<\/p><\/td><td><p>60 km<\/p><\/td><td><p>3.050 m<\/p><\/td><td><p>4<\/p><\/td><td><p>\u25cf\u25cf\u25cf\u25cb\u25cb<\/p><\/td><\/tr><tr><td><p>CHQ + MP 6D\/5N<\/p><\/td><td><p>85 km<\/p><\/td><td><p>4.650 m<\/p><\/td><td><p>5<\/p><\/td><td><p>\u25cf\u25cf\u25cf\u25cf\u25cb<\/p><\/td><\/tr><tr><td><p>CHQ + MP 7D\/6N<\/p><\/td><td><p>85 km<\/p><\/td><td><p>4.650 m<\/p><\/td><td><p>5<\/p><\/td><td><p>\u25cf\u25cf\u25cf\u25cf\u25cb<\/p><\/td><\/tr><tr><td><p>CHQ + MP 8D\/7N<\/p><\/td><td><p>100 km<\/p><\/td><td><p>4.650 m<\/p><\/td><td><p>6<\/p><\/td><td><p>\u25cf\u25cf\u25cf\u25cf\u25cb<\/p><\/td><\/tr><tr><td><p>Grande Travessia 6D\/5N<\/p><\/td><td><p>85 km<\/p><\/td><td><p>4.650 m<\/p><\/td><td><p>5<\/p><\/td><td><p>\u25cf\u25cf\u25cf\u25cf\u25cb<\/p><\/td><\/tr><tr><td><p>Grande Travessia 7D\/6N<\/p><\/td><td><p>85 km<\/p><\/td><td><p>4.650 m<\/p><\/td><td><p>5<\/p><\/td><td><p>\u25cf\u25cf\u25cf\u25cf\u25cb<\/p><\/td><\/tr><tr><td><p>CHQ + Vilcabamba 8D\/7N<\/p><\/td><td><p>85 km<\/p><\/td><td><p>4.650 m<\/p><\/td><td><p>6<\/p><\/td><td><p>\u25cf\u25cf\u25cf\u25cf\u25cb<\/p><\/td><\/tr><tr><td><p>Trilogia Inca 10D\/9N<\/p><\/td><td><p>120 km<\/p><\/td><td><p>4.650 m<\/p><\/td><td><p>8<\/p><\/td><td><p>\u25cf\u25cf\u25cf\u25cf\u25cf<\/p><\/td><\/tr><\/tbody><\/table><p>\u00a0<\/p><h4><span style=\"color: #ffffff;\">Fatores que determinam a dificuldade<\/span><\/h4><ol><li><strong> Dist\u00e2ncia di\u00e1ria<\/strong><\/li><\/ol><table><thead><tr><td><p><strong>Categoria<\/strong><\/p><\/td><td><p><strong>km por dia<\/strong><\/p><\/td><td><p><strong>Impacto<\/strong><\/p><\/td><\/tr><\/thead><tbody><tr><td><p>Curto<\/p><\/td><td><p>8\u201310 km<\/p><\/td><td><p>Administr\u00e1vel para a maioria<\/p><\/td><\/tr><tr><td><p>M\u00e9dio<\/p><\/td><td><p>12\u201315 km<\/p><\/td><td><p>Requer boa forma f\u00edsica.<\/p><\/td><\/tr><tr><td><p>Longo<\/p><\/td><td><p>16\u201318 km<\/p><\/td><td><p>Dias exaustivos<\/p><\/td><\/tr><\/tbody><\/table><ol start=\"2\"><li><strong> Eleva\u00e7\u00e3o acumulada<\/strong><\/li><\/ol><table><thead><tr><td><p><strong>Categoria<\/strong><\/p><\/td><td><p><strong>Metros por dia<\/strong><\/p><\/td><td><p><strong>Impacto<\/strong><\/p><\/td><\/tr><\/thead><tbody><tr><td><p>Baixo<\/p><\/td><td><p>500\u2013800 m<\/p><\/td><td><p>Esfor\u00e7o moderado<\/p><\/td><\/tr><tr><td><p>M\u00e9dio<\/p><\/td><td><p>800\u20131.200 m<\/p><\/td><td><p>Exigente<\/p><\/td><\/tr><tr><td><p>Alto<\/p><\/td><td><p>1.200\u20131.600 m<\/p><\/td><td><p>Muito exigente<\/p><\/td><\/tr><\/tbody><\/table><ol start=\"3\"><li><strong> Altitude m\u00e1xima<\/strong><\/li><\/ol><table><thead><tr><td><p><strong>Categoria<\/strong><\/p><\/td><td><p><strong>Metros<\/strong><\/p><\/td><td><p><strong>Impacto<\/strong><\/p><\/td><\/tr><\/thead><tbody><tr><td><p>Moderado<\/p><\/td><td><p>At\u00e9 3.500 m<\/p><\/td><td><p>Poss\u00edveis efeitos leves<\/p><\/td><\/tr><tr><td><p>Alto<\/p><\/td><td><p>3.500\u20134.200 m<\/p><\/td><td><p>Aclimata\u00e7\u00e3o \u00e9 importante.<\/p><\/td><\/tr><tr><td><p>Muito alto<\/p><\/td><td><p>Acima de 4.200 m<\/p><\/td><td><p>Aclimata\u00e7\u00e3o \u00e9 fundamental.<\/p><\/td><\/tr><\/tbody><\/table><ol start=\"4\"><li><strong> Dias consecutivos<\/strong><\/li><\/ol><table><thead><tr><td><p><strong>Categoria<\/strong><\/p><\/td><td><p><strong>Dias<\/strong><\/p><\/td><td><p><strong>Impacto<\/strong><\/p><\/td><\/tr><\/thead><tbody><tr><td><p>Curto<\/p><\/td><td><p>3 a 4 dias<\/p><\/td><td><p>Fadiga control\u00e1vel<\/p><\/td><\/tr><tr><td><p>M\u00e9dio<\/p><\/td><td><p>5 a 7 dias<\/p><\/td><td><p>Fadiga acumulada<\/p><\/td><\/tr><tr><td><p>Longo<\/p><\/td><td><p>8 a 10 dias<\/p><\/td><td><p>Exige resist\u00eancia mental<\/p><\/td><\/tr><\/tbody><\/table><ol start=\"5\"><li><strong> Condi\u00e7\u00f5es do terreno<\/strong><\/li><\/ol><table><thead><tr><td><p><strong>Tipo<\/strong><\/p><\/td><td><p><strong>Descri\u00e7\u00e3o<\/strong><\/p><\/td><td><p><strong>Impacto<\/strong><\/p><\/td><\/tr><\/thead><tbody><tr><td><p>trilha marcada<\/p><\/td><td><p>Caminho claro e bem conservado<\/p><\/td><td><p>F\u00e1cil de seguir<\/p><\/td><\/tr><tr><td><p>Terreno irregular<\/p><\/td><td><p>Rochas, ra\u00edzes, declives<\/p><\/td><td><p>Requer aten\u00e7\u00e3o<\/p><\/td><\/tr><tr><td><p>Alta montanha<\/p><\/td><td><p>Pedras soltas, possibilidade de neve<\/p><\/td><td><p>Experi\u00eancia necess\u00e1ria<\/p><\/td><\/tr><tr><td><p>Selva<\/p><\/td><td><p>Vegeta\u00e7\u00e3o \u00famida e densa<\/p><\/td><td><p>Condi\u00e7\u00f5es especiais<\/p><\/td><\/tr><\/tbody><\/table><p>\u00a0<\/p><h4><span style=\"color: #ffffff;\">Como escolher sua trilha<\/span><\/h4><p>Se esta for sua primeira trilha de v\u00e1rios dias: \u2192 Trilha Cl\u00e1ssica 4D\/3N ou Glamping de Luxo 5D\/4N<\/p><p>Se voc\u00ea estiver em boa forma f\u00edsica, mas tiver pouca experi\u00eancia em trekking: \u2192 Trekking Cl\u00e1ssico 4D\/3N com 8 semanas de prepara\u00e7\u00e3o<\/p><p>Se voc\u00ea pratica exerc\u00edcios regularmente e busca um desafio maior: \u2192 Choquequirao + Machu Picchu 6 dias\/5 noites ou 7 dias\/6 noites<\/p><p>Se voc\u00ea j\u00e1 fez a Trilha Inca, Salkantay ou trilhas semelhantes: \u2192 Choquequirao + Machu Picchu 8 dias\/7 noites ou Choquequirao + Vilcabamba 8 dias\/7 noites<\/p><p>Se voc\u00ea \u00e9 um trilheiro experiente em busca do desafio definitivo: \u2192 A Trilogia Inca 10 dias\/9 noites<\/p><p>Se voc\u00ea busca aventura, mas valoriza o conforto: \u2192 Glamping de Luxo 5D\/4N<\/p><p>Se voc\u00ea prioriza a hist\u00f3ria em vez do desafio f\u00edsico: \u2192 A Grande Travessia Inca 7D\/6N (inclui Vilcabamba em um ritmo mais tranquilo)<\/p><p>\u00a0<\/p><h4><span style=\"color: #ffffff;\">Quest\u00f5es de autoavalia\u00e7\u00e3o<\/span><\/h4><p>Responda honestamente:<\/p><ol><li><strong> Quantas horas de exerc\u00edcio voc\u00ea costuma fazer?<\/strong><\/li><\/ol><ul><li>Pouco ou nenhum \u2192 N\u00edvel m\u00e1ximo \u25cf\u25cf\u25cf\u25cb\u25cb, com mais de 8 semanas de prepara\u00e7\u00e3o<\/li><li>2 a 3 vezes por semana \u2192 N\u00edvel \u25cf\u25cf\u25cf\u25cb\u25cb a \u25cf\u25cf\u25cf\u25cf\u25cb<\/li><li>Diariamente, incluindo exerc\u00edcios cardiovasculares intensos \u2192 Qualquer n\u00edvel<\/li><\/ul><ol start=\"2\"><li><strong> Quantas horas voc\u00ea consegue caminhar sem uma longa pausa?<\/strong><\/li><\/ol><ul><li>2\u20133 horas \u2192 N\u00edvel \u25cf\u25cf\u25cf\u25cb\u25cb, ritmo tranquilo<\/li><li>4\u20135 horas \u2192 N\u00edvel \u25cf\u25cf\u25cf\u25cb\u25cb a \u25cf\u25cf\u25cf\u25cf\u25cb<\/li><li>Mais de 6 horas \u2192 Qualquer n\u00edvel<\/li><\/ul><ol start=\"3\"><li><strong> Voc\u00ea j\u00e1 fez trekking de v\u00e1rios dias antes?<\/strong><\/li><\/ol><ul><li>Nunca \u2192 N\u00edvel \u25cf\u25cf\u25cf\u25cb\u25cb<\/li><li>Sim, 2 a 3 dias \u2192 N\u00edvel \u25cf\u25cf\u25cf\u25cf\u25cb<\/li><li>Sim, mais de 5 dias \u2192 Qualquer n\u00edvel<\/li><\/ul><ol start=\"4\"><li><strong> Voc\u00ea j\u00e1 esteve em altitudes acima de 3.000 metros?<\/strong><\/li><\/ol><ul><li>Nunca \u2192 Comece com n\u00edveis mais baixos, aclimata\u00e7\u00e3o extra<\/li><li>Sim, sem problemas \u2192 Qualquer n\u00edvel com aclimata\u00e7\u00e3o adequada<\/li><li>Sim, com sintomas \u2192 Consulte um m\u00e9dico e tome precau\u00e7\u00f5es adicionais.<\/li><\/ul><ol start=\"5\"><li><strong> Como voc\u00ea lida com o desconforto f\u00edsico?<\/strong><\/li><\/ol><ul><li>Tenho dificuldades \u2192 N\u00edvel \u25cf\u25cf\u25cf\u25cb\u25cb ou Glamping<\/li><li>Eu consigo tolerar \u2192 N\u00edvel \u25cf\u25cf\u25cf\u25cf\u25cb<\/li><li>Isso me motiva \u2192 N\u00edvel \u25cf\u25cf\u25cf\u25cf\u25cf (Trilogia)<\/li><\/ul><p>\u00a0<\/p><h4><span style=\"color: #ffffff;\">Nota importante<\/span><\/h4><p>A dificuldade \u00e9 relativa. O que \u00e9 f\u00e1cil para um caminhante experiente pode ser muito dif\u00edcil para um iniciante. E vice-versa: pessoas sem experi\u00eancia, mas com boa atitude e prepara\u00e7\u00e3o adequada, j\u00e1 completaram nossas trilhas mais dif\u00edceis.<\/p><p>Se voc\u00ea n\u00e3o tiver certeza de qual n\u00edvel \u00e9 o ideal para voc\u00ea, escreva para n\u00f3s. Podemos avaliar sua situa\u00e7\u00e3o e recomendar a trilha mais adequada.<\/p><p>\u00a0<\/p>\t\t\t\t\t\t\t\t<\/div>\n\t\t\t\t<\/div>\n\t\t<div class=\"elementor-element elementor-element-0c5a93a e-con-full e-flex e-con e-parent\" data-id=\"0c5a93a\" data-element_type=\"container\" data-e-type=\"container\" data-settings=\"{&quot;background_background&quot;:&quot;classic&quot;}\">\n\t\t<div class=\"elementor-element elementor-element-46d1dd3 e-con-full e-flex elementor-invisible e-con e-child\" data-id=\"46d1dd3\" data-element_type=\"container\" data-e-type=\"container\" data-settings=\"{&quot;animation&quot;:&quot;fadeInUp&quot;}\">\n\t\t\t\t<div class=\"elementor-element elementor-element-e21b8f2 elementor-widget-divider--view-line elementor-widget elementor-widget-divider\" data-id=\"e21b8f2\" data-element_type=\"widget\" data-e-type=\"widget\" data-widget_type=\"divider.default\">\n\t\t\t\t\t\t\t<div class=\"elementor-divider\">\n\t\t\t<span class=\"elementor-divider-separator\">\n\t\t\t\t\t\t<\/span>\n\t\t<\/div>\n\t\t\t\t\t\t<\/div>\n\t\t\t\t<\/div>\n\t\t\t\t<\/div>\n\t\t\t\t<\/div>","protected":false},"excerpt":{"rendered":"<p>Difficulty Levels Find the right trek for your experience and physical condition \u00a0 Our Rating System We classify our treks into five levels based on physical demand, maximum altitude, duration, and terrain conditions. Level Description For whom \u25cf\u25cb\u25cb\u25cb\u25cb Easy Anyone with normal health \u25cf\u25cf\u25cb\u25cb\u25cb Moderate Active people, no prior experience required \u25cf\u25cf\u25cf\u25cb\u25cb Moderate-High Good physical [&hellip;]<\/p>\n","protected":false},"author":1,"featured_media":0,"parent":1784,"menu_order":0,"comment_status":"closed","ping_status":"closed","template":"elementor_header_footer","meta":{"footnotes":""},"class_list":["post-1833","page","type-page","status-publish","hentry"],"_links":{"self":[{"href":"http:\/\/choquequirao-treks.com\/pt\/wp-json\/wp\/v2\/pages\/1833","targetHints":{"allow":["GET"]}}],"collection":[{"href":"http:\/\/choquequirao-treks.com\/pt\/wp-json\/wp\/v2\/pages"}],"about":[{"href":"http:\/\/choquequirao-treks.com\/pt\/wp-json\/wp\/v2\/types\/page"}],"author":[{"embeddable":true,"href":"http:\/\/choquequirao-treks.com\/pt\/wp-json\/wp\/v2\/users\/1"}],"replies":[{"embeddable":true,"href":"http:\/\/choquequirao-treks.com\/pt\/wp-json\/wp\/v2\/comments?post=1833"}],"version-history":[{"count":7,"href":"http:\/\/choquequirao-treks.com\/pt\/wp-json\/wp\/v2\/pages\/1833\/revisions"}],"predecessor-version":[{"id":1841,"href":"http:\/\/choquequirao-treks.com\/pt\/wp-json\/wp\/v2\/pages\/1833\/revisions\/1841"}],"up":[{"embeddable":true,"href":"http:\/\/choquequirao-treks.com\/pt\/wp-json\/wp\/v2\/pages\/1784"}],"wp:attachment":[{"href":"http:\/\/choquequirao-treks.com\/pt\/wp-json\/wp\/v2\/media?parent=1833"}],"curies":[{"name":"wp","href":"https:\/\/api.w.org\/{rel}","templated":true}]}}